{"id":30506,"date":"2026-05-04T08:02:45","date_gmt":"2026-05-04T11:02:45","guid":{"rendered":"https:\/\/www.casf.org.ar\/colegio\/?post_type=product&#038;p=30506"},"modified":"2026-05-04T08:27:25","modified_gmt":"2026-05-04T11:27:25","slug":"411022-actualizacion-en-derecho-de-danos","status":"publish","type":"product","link":"https:\/\/www.casf.org.ar\/colegio\/product\/411022-actualizacion-en-derecho-de-danos\/","title":{"rendered":"411022 &#8211; Actualizaci\u00f3n en Derecho de Da\u00f1os"},"content":{"rendered":"<p>Organiza: <strong>Colegio de Profesionales de la Abogac\u00eda de Santa Fe &#8211; Colegio de Magistrados y Funcionarios del PJ de la pcia de Santa Fe<\/strong><\/p>\n<p>Fecha: 14 y 15 de mayo 2026<br \/>\nHorario:\u00a0 15:30<strong> h<\/strong><br \/>\nLugar: Sala Parera<\/p>\n<p><span style=\"background-color: #00aae7; color: #ffff00;\"><span style=\"background-color: #ff0000;\">ACTIVIDAD PRESENCIAL<\/span><\/span><\/p>\n<p>Aranceles: <span style=\"color: #ffff00; background-color: #3366ff;\">SE SOLICITAR\u00c1 CREDENCIAL &#8211; CERTIFICADO SEG\u00daN CORRESPONDA AL MOMENTO DEL EVENTO &#8211; EVITE INCONVENIENTES, REG\u00cdSTRESE CORRECTAMENTE<\/span><\/p>\n<p><strong>Aranceles<br \/>\n<span style=\"color: #993300;\">$3.000.-<\/span> Estudiantes<br \/>\n<span style=\"color: #993300;\">$15.000.-<\/span> Mat CPASF &#8211; Mat al Colegio de Magistrados y Funcionarios del PJ &#8211; Afiliados al Sindicato de Trabajadores del PJ<br \/>\n<span style=\"color: #993300;\">$30.000.-<\/span> Acceso General<\/strong><\/p>\n<p><strong><span style=\"color: #800000;\">LEA ATENTAMENTE LAS OPCIONES DE INSCRIPCI\u00d3N DISPONIBLES &#8211;<\/span><\/strong><\/p>\n<p>&nbsp;<\/p>\n","protected":false},"excerpt":{"rendered":"<p>Organiza: <strong>Colegio de Profesionales de la Abogac\u00eda de Santa Fe &#8211; Colegio de Magistrados y Funcionarios del PJ de la pcia de Santa Fe<\/strong><\/p>\n<p>Fecha: 14 y 15 de mayo 2026<br \/>\nHorario:\u00a0 15:30<strong> h<\/strong><br \/>\nLugar: Sala Parera<\/p>\n<p><span style=\"background-color: #00aae7; color: #ffff00;\"><span style=\"background-color: #ff0000;\">ACTIVIDAD PRESENCIAL<\/span><\/span><\/p>\n<p>Aranceles: <span style=\"background-color: #3366ff; color: #ffff00;\">SE SOLICITAR\u00c1 CREDENCIAL &#8211; CERTIFICADO SEG\u00daN CORRESPONDA AL MOMENTO DEL EVENTO &#8211; EVITE INCONVENIENTES, REG\u00cdSTRESE CORRECTAMENTE<\/span><br \/>\n<strong>\u00a0<\/strong><br \/>\n<strong><em>Aranceles<br \/>\n<span style=\"color: #993300;\">$3.000.-<\/span> Estudiantes<br \/>\n<span style=\"color: #993300;\">$15.000.-<\/span> Mat CPASF- Mat al Colegio de Magistrados y Funcionarios del PJ &#8211; Afiliados al Sindicato de Trabajadores del PJ<br \/>\n<span style=\"color: #993300;\">$30.000.-<\/span> Acceso General<br \/>\n<\/em><\/strong><\/p>\n<p><span style=\"color: #993300;\"><strong>LEA ATENTAMENTE LAS OPCIONES DE INSCRIPCI\u00d3N DISPONIBLES<\/strong><\/span><\/p>\n","protected":false},"author":11,"featured_media":30509,"template":"","meta":[],"product_cat":[232],"product_tag":[],"_links":{"self":[{"href":"https:\/\/www.casf.org.ar\/colegio\/wp-json\/wp\/v2\/product\/30506"}],"collection":[{"href":"https:\/\/www.casf.org.ar\/colegio\/wp-json\/wp\/v2\/product"}],"about":[{"href":"https:\/\/www.casf.org.ar\/colegio\/wp-json\/wp\/v2\/types\/product"}],"author":[{"embeddable":true,"href":"https:\/\/www.casf.org.ar\/colegio\/wp-json\/wp\/v2\/users\/11"}],"wp:featuredmedia":[{"embeddable":true,"href":"https:\/\/www.casf.org.ar\/colegio\/wp-json\/wp\/v2\/media\/30509"}],"wp:attachment":[{"href":"https:\/\/www.casf.org.ar\/colegio\/wp-json\/wp\/v2\/media?parent=30506"}],"wp:term":[{"taxonomy":"product_cat","embeddable":true,"href":"https:\/\/www.casf.org.ar\/colegio\/wp-json\/wp\/v2\/product_cat?post=30506"},{"taxonomy":"product_tag","embeddable":true,"href":"https:\/\/www.casf.org.ar\/colegio\/wp-json\/wp\/v2\/product_tag?post=30506"}],"curies":[{"name":"wp","href":"https:\/\/api.w.org\/{rel}","templated":true}]}}