{"id":30404,"date":"2026-04-22T11:30:39","date_gmt":"2026-04-22T14:30:39","guid":{"rendered":"https:\/\/www.casf.org.ar\/colegio\/?post_type=product&#038;p=30404"},"modified":"2026-04-22T12:03:48","modified_gmt":"2026-04-22T15:03:48","slug":"411065-curso-de-actualizacion-en-derecho-administrativo","status":"publish","type":"product","link":"https:\/\/www.casf.org.ar\/colegio\/product\/411065-curso-de-actualizacion-en-derecho-administrativo\/","title":{"rendered":"411065 &#8211; Curso de actualizaci\u00f3n en Derecho Administrativo"},"content":{"rendered":"<p>Organiza: <strong>Ide Derecho Administrativo <\/strong>del CPASF<\/p>\n<p>Fecha: 5 de mayo 2026<br \/>\nHorario:\u00a0 16<strong> h<\/strong><br \/>\nLugar: Sala Alberdi<\/p>\n<p><span style=\"background-color: #00aae7; color: #ffff00;\"><span style=\"background-color: #ff0000;\">ACTIVIDAD H\u00cdBRIDA<\/span><\/span><\/p>\n<p>Aranceles: <span style=\"color: #ffff00; background-color: #3366ff;\">SE SOLICITAR\u00c1 CREDENCIAL &#8211; CERTIFICADO SEG\u00daN CORRESPONDA AL MOMENTO DEL EVENTO &#8211; EVITE INCONVENIENTES, REG\u00cdSTRESE CORRECTAMENTE<\/span><\/p>\n<p><strong>Aranceles<br \/>\n<span style=\"color: #993300;\">$5.000.-<\/span> Matriculados en CPASF<br \/>\n<span style=\"color: #993300;\">$10.000.-<\/span> No Matriculados en CPASF<br \/>\n<span style=\"color: #993300;\">$10.000.-<\/span> Acceso Virtual (cualquiera)<\/strong><\/p>\n<p><strong><span style=\"color: #800000;\">LEA ATENTAMENTE LAS OPCIONES DE INSCRIPCI\u00d3N DISPONIBLES &#8211;<\/span><\/strong><\/p>\n<p>&nbsp;<\/p>\n","protected":false},"excerpt":{"rendered":"<p>Organiza: <strong>Ide Derecho Administrativo <\/strong>del CPASF<\/p>\n<p>Fecha: 5 de mayo 2026<br \/>\nHorario:\u00a0 16<strong> h<\/strong><br \/>\nLugar: Sala Alberdi<\/p>\n<p><span style=\"background-color: #00aae7; color: #ffff00;\"><span style=\"background-color: #ff0000;\">ACTIVIDAD H\u00cdBRIDA<\/span><\/span><\/p>\n<p>Aranceles: <span style=\"background-color: #3366ff; color: #ffff00;\">SE SOLICITAR\u00c1 CREDENCIAL &#8211; CERTIFICADO SEG\u00daN CORRESPONDA AL MOMENTO DEL EVENTO &#8211; EVITE INCONVENIENTES, REG\u00cdSTRESE CORRECTAMENTE<\/span><br \/>\n<strong>\u00a0<\/strong><br \/>\n<strong><em>Aranceles<br \/>\n<span style=\"color: #993300;\">$5.000.-<\/span> Matriculados en CPASF<br \/>\n<span style=\"color: #993300;\">$10.000.-<\/span> No Matriculados en CPASF<br \/>\n<span style=\"color: #993300;\">$10.000.-<\/span> Acceso Virtual (cualquiera)<\/em><\/strong><\/p>\n<p><span style=\"color: #993300;\"><strong>LEA ATENTAMENTE LAS OPCIONES DE INSCRIPCI\u00d3N DISPONIBLES<\/strong><\/span><\/p>\n","protected":false},"author":11,"featured_media":30408,"template":"","meta":[],"product_cat":[112],"product_tag":[],"_links":{"self":[{"href":"https:\/\/www.casf.org.ar\/colegio\/wp-json\/wp\/v2\/product\/30404"}],"collection":[{"href":"https:\/\/www.casf.org.ar\/colegio\/wp-json\/wp\/v2\/product"}],"about":[{"href":"https:\/\/www.casf.org.ar\/colegio\/wp-json\/wp\/v2\/types\/product"}],"author":[{"embeddable":true,"href":"https:\/\/www.casf.org.ar\/colegio\/wp-json\/wp\/v2\/users\/11"}],"wp:featuredmedia":[{"embeddable":true,"href":"https:\/\/www.casf.org.ar\/colegio\/wp-json\/wp\/v2\/media\/30408"}],"wp:attachment":[{"href":"https:\/\/www.casf.org.ar\/colegio\/wp-json\/wp\/v2\/media?parent=30404"}],"wp:term":[{"taxonomy":"product_cat","embeddable":true,"href":"https:\/\/www.casf.org.ar\/colegio\/wp-json\/wp\/v2\/product_cat?post=30404"},{"taxonomy":"product_tag","embeddable":true,"href":"https:\/\/www.casf.org.ar\/colegio\/wp-json\/wp\/v2\/product_tag?post=30404"}],"curies":[{"name":"wp","href":"https:\/\/api.w.org\/{rel}","templated":true}]}}