{"id":30145,"date":"2026-04-09T11:17:53","date_gmt":"2026-04-09T14:17:53","guid":{"rendered":"https:\/\/www.casf.org.ar\/colegio\/?post_type=product&#038;p=30145"},"modified":"2026-04-09T11:36:21","modified_gmt":"2026-04-09T14:36:21","slug":"411073-circulo-de-mediadores","status":"publish","type":"product","link":"https:\/\/www.casf.org.ar\/colegio\/product\/411073-circulo-de-mediadores\/","title":{"rendered":"411073 &#8211; C\u00edrculo de Mediadores"},"content":{"rendered":"<p>Organiza: <strong>Instituci\u00f3n Formadora Nro 025 <\/strong>del CPASF<\/p>\n<p>Fecha: 28 de abril, 12 y 26 de mayo, 9 y 16 de junio, 11 y 26 de agosto 2026<br \/>\nHorario:\u00a0 15<strong> h<\/strong><br \/>\nLugar: Sala Videoconferencia<\/p>\n<p><span style=\"background-color: #00aae7; color: #ffff00;\"><span style=\"background-color: #ff0000;\">ACTIVIDAD PRESENCIAL<\/span><\/span><\/p>\n<p>Aranceles: <span style=\"color: #ffff00; background-color: #3366ff;\">SE SOLICITAR\u00c1 CREDENCIAL &#8211; CERTIFICADO SEG\u00daN CORRESPONDA AL MOMENTO DEL EVENTO &#8211; EVITE INCONVENIENTES, REG\u00cdSTRESE CORRECTAMENTE<\/span><\/p>\n<p><strong>Aranceles<br \/>\n<span style=\"color: #993300;\">$140.000.-<\/span> Curso completo<br \/>\n<span style=\"color: #993300;\">$20.000.-<\/span> Fecha individual<\/strong><\/p>\n<p><strong><span style=\"color: #800000;\">LEA ATENTAMENTE LAS OPCIONES DE INSCRIPCI\u00d3N DISPONIBLES &#8211;<\/span><\/strong><\/p>\n<p>&nbsp;<\/p>\n","protected":false},"excerpt":{"rendered":"<p>Organiza: <strong>Instituci\u00f3n Formadora Nro 025 <\/strong>del CPASF<\/p>\n<p>Fecha: 28 de abril, 12 y 26 de mayo, 9 y 16 de junio, 11 y 26 de agosto 2026<br \/>\nHorario:\u00a0 15<strong> h<\/strong><br \/>\nLugar: Sala Videoconferencia<\/p>\n<p><span style=\"background-color: #00aae7; color: #ffff00;\"><span style=\"background-color: #ff0000;\">ACTIVIDAD PRESENCIAL<\/span><\/span><\/p>\n<p>Aranceles: <span style=\"background-color: #3366ff; color: #ffff00;\">SE SOLICITAR\u00c1 CREDENCIAL &#8211; CERTIFICADO SEG\u00daN CORRESPONDA AL MOMENTO DEL EVENTO &#8211; EVITE INCONVENIENTES, REG\u00cdSTRESE CORRECTAMENTE<\/span><br \/>\n<strong>\u00a0<\/strong><br \/>\n<strong><em>Aranceles<br \/>\n<span style=\"color: #993300;\">$140.000.-<\/span> Curso completo<br \/>\n<span style=\"color: #993300;\">$20.000.-<\/span> Fecha individual<\/em><\/strong><\/p>\n<p><span style=\"color: #993300;\"><strong>LEA ATENTAMENTE LAS OPCIONES DE INSCRIPCI\u00d3N DISPONIBLES<\/strong><\/span><\/p>\n","protected":false},"author":11,"featured_media":30148,"template":"","meta":[],"product_cat":[83],"product_tag":[],"_links":{"self":[{"href":"https:\/\/www.casf.org.ar\/colegio\/wp-json\/wp\/v2\/product\/30145"}],"collection":[{"href":"https:\/\/www.casf.org.ar\/colegio\/wp-json\/wp\/v2\/product"}],"about":[{"href":"https:\/\/www.casf.org.ar\/colegio\/wp-json\/wp\/v2\/types\/product"}],"author":[{"embeddable":true,"href":"https:\/\/www.casf.org.ar\/colegio\/wp-json\/wp\/v2\/users\/11"}],"wp:featuredmedia":[{"embeddable":true,"href":"https:\/\/www.casf.org.ar\/colegio\/wp-json\/wp\/v2\/media\/30148"}],"wp:attachment":[{"href":"https:\/\/www.casf.org.ar\/colegio\/wp-json\/wp\/v2\/media?parent=30145"}],"wp:term":[{"taxonomy":"product_cat","embeddable":true,"href":"https:\/\/www.casf.org.ar\/colegio\/wp-json\/wp\/v2\/product_cat?post=30145"},{"taxonomy":"product_tag","embeddable":true,"href":"https:\/\/www.casf.org.ar\/colegio\/wp-json\/wp\/v2\/product_tag?post=30145"}],"curies":[{"name":"wp","href":"https:\/\/api.w.org\/{rel}","templated":true}]}}