{"id":29961,"date":"2026-04-06T08:41:36","date_gmt":"2026-04-06T11:41:36","guid":{"rendered":"https:\/\/www.casf.org.ar\/colegio\/?post_type=product&#038;p=29961"},"modified":"2026-04-06T08:57:56","modified_gmt":"2026-04-06T11:57:56","slug":"411022-taller-de-ciudadania-residencia-argentina-y-visas-a-eeuu","status":"publish","type":"product","link":"https:\/\/www.casf.org.ar\/colegio\/product\/411022-taller-de-ciudadania-residencia-argentina-y-visas-a-eeuu\/","title":{"rendered":"411022 &#8211; Taller de Ciudadan\u00eda, Residencia Argentina y Visas a EEUU"},"content":{"rendered":"<p>Organiza: <strong>Instituto de Derecho Internacional Privado <\/strong>del CPASF<\/p>\n<p>Fecha: 14 y 16 de abril 2026<br \/>\nHorario:\u00a0 18:30<strong> h<\/strong><br \/>\nLugar: Sala Videoconferencia<\/p>\n<p><span style=\"background-color: #00aae7; color: #ffff00;\"><span style=\"background-color: #ff0000;\">ACTIVIDAD H\u00cdBRIDA<\/span><\/span><\/p>\n<p>Aranceles: <span style=\"color: #ffff00; background-color: #3366ff;\">SE SOLICITAR\u00c1 CREDENCIAL &#8211; CERTIFICADO SEG\u00daN CORRESPONDA AL MOMENTO DEL EVENTO &#8211; EVITE INCONVENIENTES, REG\u00cdSTRESE CORRECTAMENTE<\/span><\/p>\n<p><strong>Aranceles<br \/>\n<span style=\"color: #993300;\">$3.000.-<\/span> Presencial y Certificado<br \/>\n<span style=\"color: #993300;\">$5.000.-<\/span> Acceso Virtual y certificado (cualquiera)<\/strong><\/p>\n<p><strong><span style=\"color: #800000;\">LEA ATENTAMENTE LAS OPCIONES DE INSCRIPCI\u00d3N DISPONIBLES &#8211;<\/span><\/strong><\/p>\n<p>&nbsp;<\/p>\n","protected":false},"excerpt":{"rendered":"<p>Organiza: <strong>Instituto de Derecho Internacional Privado <\/strong>del CPASF<\/p>\n<p>Fecha: 14 y 16 de abril 2026<br \/>\nHorario:\u00a0 18:30<strong> h<\/strong><br \/>\nLugar: Sala Videoconferencia<\/p>\n<p><span style=\"background-color: #00aae7; color: #ffff00;\"><span style=\"background-color: #ff0000;\">ACTIVIDAD H\u00cdBRIDA<\/span><\/span><\/p>\n<p>Aranceles: <span style=\"background-color: #3366ff; color: #ffff00;\">SE SOLICITAR\u00c1 CREDENCIAL &#8211; CERTIFICADO SEG\u00daN CORRESPONDA AL MOMENTO DEL EVENTO &#8211; EVITE INCONVENIENTES, REG\u00cdSTRESE CORRECTAMENTE<\/span><br \/>\n<strong>\u00a0<\/strong><br \/>\n<strong><em>Aranceles<br \/>\n<span style=\"color: #993300;\">$3.000.-<\/span> Presencial y certificado<br \/>\n<span style=\"color: #993300;\">$5.000.-<\/span> Acceso Virtual y certificado (cualquiera)<\/em><\/strong><\/p>\n<p><span style=\"color: #993300;\"><strong>LEA ATENTAMENTE LAS OPCIONES DE INSCRIPCI\u00d3N DISPONIBLES<\/strong><\/span><\/p>\n","protected":false},"author":11,"featured_media":29966,"template":"","meta":[],"product_cat":[233],"product_tag":[],"_links":{"self":[{"href":"https:\/\/www.casf.org.ar\/colegio\/wp-json\/wp\/v2\/product\/29961"}],"collection":[{"href":"https:\/\/www.casf.org.ar\/colegio\/wp-json\/wp\/v2\/product"}],"about":[{"href":"https:\/\/www.casf.org.ar\/colegio\/wp-json\/wp\/v2\/types\/product"}],"author":[{"embeddable":true,"href":"https:\/\/www.casf.org.ar\/colegio\/wp-json\/wp\/v2\/users\/11"}],"wp:featuredmedia":[{"embeddable":true,"href":"https:\/\/www.casf.org.ar\/colegio\/wp-json\/wp\/v2\/media\/29966"}],"wp:attachment":[{"href":"https:\/\/www.casf.org.ar\/colegio\/wp-json\/wp\/v2\/media?parent=29961"}],"wp:term":[{"taxonomy":"product_cat","embeddable":true,"href":"https:\/\/www.casf.org.ar\/colegio\/wp-json\/wp\/v2\/product_cat?post=29961"},{"taxonomy":"product_tag","embeddable":true,"href":"https:\/\/www.casf.org.ar\/colegio\/wp-json\/wp\/v2\/product_tag?post=29961"}],"curies":[{"name":"wp","href":"https:\/\/api.w.org\/{rel}","templated":true}]}}