{"id":29896,"date":"2026-04-01T17:00:08","date_gmt":"2026-04-01T20:00:08","guid":{"rendered":"https:\/\/www.casf.org.ar\/colegio\/?post_type=product&#038;p=29896"},"modified":"2026-04-01T17:20:49","modified_gmt":"2026-04-01T20:20:49","slug":"411057-abc-de-la-practica-profesional","status":"publish","type":"product","link":"https:\/\/www.casf.org.ar\/colegio\/product\/411057-abc-de-la-practica-profesional\/","title":{"rendered":"411057 &#8211; ABC de la Pr\u00e1ctica Profesional"},"content":{"rendered":"<p>Organiza: <strong>Comisi\u00f3n Foro de Pr\u00e1ctica Profesional y Abogac\u00eda Joven <\/strong>del CPASF<\/p>\n<p>Fecha: 7, 16, 23 y 30 de abril 2026<br \/>\nHorario:\u00a0 18:30<strong> h<\/strong><br \/>\nLugar: Sala G. Parera<\/p>\n<p><span style=\"background-color: #00aae7; color: #ffff00;\"><span style=\"background-color: #ff0000;\">ACTIVIDAD H\u00cdBRIDA<\/span><\/span><\/p>\n<p>Aranceles: <span style=\"color: #ffff00; background-color: #3366ff;\">SE SOLICITAR\u00c1 CREDENCIAL &#8211; CERTIFICADO SEG\u00daN CORRESPONDA AL MOMENTO DEL EVENTO &#8211; EVITE INCONVENIENTES, REG\u00cdSTRESE CORRECTAMENTE<\/span><\/p>\n<p><strong>Aranceles<br \/>\n<span style=\"color: #993300;\">$2.000.-<\/span> Matriculados en CPASF &#8211; Estudiantes<br \/>\n<span style=\"color: #993300;\">$5.000.-<\/span> No Matriculados en CPASF<br \/>\n<span style=\"color: #993300;\">$25.000.-<\/span> Acceso Virtual (cualquiera)<\/strong><\/p>\n<p><strong><span style=\"color: #800000;\">LEA ATENTAMENTE LAS OPCIONES DE INSCRIPCI\u00d3N DISPONIBLES &#8211;<\/span><\/strong><\/p>\n<p>&nbsp;<\/p>\n","protected":false},"excerpt":{"rendered":"<p>Organiza: <strong>Comisi\u00f3n Foro de Pr\u00e1ctica Profesional y Abogac\u00eda Joven <\/strong>del CPASF<\/p>\n<p>Fecha: 7, 16, 23 y 30 de abril 2026<br \/>\nHorario:\u00a0 18:30<strong> h<\/strong><br \/>\nLugar: Sala G. Parera<\/p>\n<p><span style=\"background-color: #00aae7; color: #ffff00;\"><span style=\"background-color: #ff0000;\">ACTIVIDAD H\u00cdBRIDA<\/span><\/span><\/p>\n<p>Aranceles: <span style=\"background-color: #3366ff; color: #ffff00;\">SE SOLICITAR\u00c1 CREDENCIAL &#8211; CERTIFICADO SEG\u00daN CORRESPONDA AL MOMENTO DEL EVENTO &#8211; EVITE INCONVENIENTES, REG\u00cdSTRESE CORRECTAMENTE<\/span><br \/>\n<strong>\u00a0<\/strong><br \/>\n<strong><em>Aranceles<br \/>\n<span style=\"color: #993300;\">$2.000.-<\/span> Matriculados en CPASF &#8211; Estudiantes<br \/>\n<span style=\"color: #993300;\">$5.000.-<\/span> No Matriculados en CPASF<br \/>\n<span style=\"color: #993300;\">$25.000.-<\/span> Acceso Virtual (cualquiera)<\/em><\/strong><\/p>\n<p><span style=\"color: #993300;\"><strong>LEA ATENTAMENTE LAS OPCIONES DE INSCRIPCI\u00d3N DISPONIBLES<\/strong><\/span><\/p>\n","protected":false},"author":11,"featured_media":29900,"template":"","meta":[],"product_cat":[184,97],"product_tag":[],"_links":{"self":[{"href":"https:\/\/www.casf.org.ar\/colegio\/wp-json\/wp\/v2\/product\/29896"}],"collection":[{"href":"https:\/\/www.casf.org.ar\/colegio\/wp-json\/wp\/v2\/product"}],"about":[{"href":"https:\/\/www.casf.org.ar\/colegio\/wp-json\/wp\/v2\/types\/product"}],"author":[{"embeddable":true,"href":"https:\/\/www.casf.org.ar\/colegio\/wp-json\/wp\/v2\/users\/11"}],"wp:featuredmedia":[{"embeddable":true,"href":"https:\/\/www.casf.org.ar\/colegio\/wp-json\/wp\/v2\/media\/29900"}],"wp:attachment":[{"href":"https:\/\/www.casf.org.ar\/colegio\/wp-json\/wp\/v2\/media?parent=29896"}],"wp:term":[{"taxonomy":"product_cat","embeddable":true,"href":"https:\/\/www.casf.org.ar\/colegio\/wp-json\/wp\/v2\/product_cat?post=29896"},{"taxonomy":"product_tag","embeddable":true,"href":"https:\/\/www.casf.org.ar\/colegio\/wp-json\/wp\/v2\/product_tag?post=29896"}],"curies":[{"name":"wp","href":"https:\/\/api.w.org\/{rel}","templated":true}]}}