{"id":29876,"date":"2026-04-01T12:45:09","date_gmt":"2026-04-01T15:45:09","guid":{"rendered":"https:\/\/www.casf.org.ar\/colegio\/?post_type=product&#038;p=29876"},"modified":"2026-04-01T17:16:30","modified_gmt":"2026-04-01T20:16:30","slug":"411044-derecho-publico-provincial-jornadas-de-actualizacion","status":"publish","type":"product","link":"https:\/\/www.casf.org.ar\/colegio\/product\/411044-derecho-publico-provincial-jornadas-de-actualizacion\/","title":{"rendered":"411044 &#8211; Derecho P\u00fablico Provincial &#8211; Jornadas de actualizaci\u00f3n"},"content":{"rendered":"<p>Organiza: <strong>Instituto de Constitucional <\/strong>del CPASF<\/p>\n<p>Fecha: 14 y 28 de abril &#8211; 19 de mayo &#8211; 9 y 30 de junio 2026<br \/>\nHorario:\u00a0 15:30 a 18:30<strong> h<\/strong><br \/>\nLugar: Sala Alberdi<\/p>\n<p><span style=\"background-color: #00aae7; color: #ffff00;\"><span style=\"background-color: #ff0000;\">ACTIVIDAD H\u00cdBRIDA<\/span><\/span><\/p>\n<p>Aranceles: <span style=\"color: #ffff00; background-color: #3366ff;\">SE SOLICITAR\u00c1 CREDENCIAL &#8211; CERTIFICADO SEG\u00daN CORRESPONDA AL MOMENTO DEL EVENTO &#8211; EVITE INCONVENIENTES, REG\u00cdSTRESE CORRECTAMENTE<\/span><\/p>\n<p><strong>Aranceles<br \/>\n<span style=\"color: #993300;\">$5.000.-<\/span> Matriculados en CPASF<br \/>\n<span style=\"color: #993300;\">$10.000.-<\/span> No Matriculados en CPASF<br \/>\n<span style=\"color: #993300;\">$10.000.-<\/span> Acceso Virtual (cualquiera)<\/strong><\/p>\n<p><strong><span style=\"color: #800000;\">LEA ATENTAMENTE LAS OPCIONES DE INSCRIPCI\u00d3N DISPONIBLES &#8211;<\/span><\/strong><\/p>\n<p><strong>JORNADAS DE DERECHO P\u00daBLICO PROVINCIAL<\/strong><br \/>\n\u201cDel texto a la pr\u00e1ctica: c\u00f3mo se transforma el Estado santafesino\u201d<br \/>\nCRONOGRAMA DE JORNADAS<br \/>\n14 DE ABRIL | JORNADA 1<br \/>\nEL NUEVO DISE\u00d1O CONSTITUCIONAL SANTAFESINO<br \/>\n28 DE ABRIL | JORNADA 2<br \/>\nR\u00e9gimen Electoral Constitucional y Tribunal Electoral<br \/>\n19 DE MAYO | JORNADA 3<br \/>\n\u00d3rganos Constitucionales Aut\u00f3nomos<br \/>\nMPA \u2013 MPD \u2013 Consejo \u2013 Jurado<br \/>\n09 DE JUNIO | JORNADA 4<br \/>\nAutonom\u00eda Municipal, Cartas Org\u00e1nicas y \u00c1reas Metropolitanas<br \/>\n30 DE JUNIO | JORNADA 5<br \/>\nNuevos Derechos<br \/>\nAmbiente \u2013 Naturaleza \u2013 Diversidad Cultural \u2013 Comunidades<br \/>\nColegio de la Abogac\u00eda de Santa Fe<br \/>\nModalidad h\u00edbrida<br \/>\n\u2705 SIN COSTO (presencial):<br \/>\nINSCRIPCIONES<br \/>\nPara Personal del Estado Provincial y Municipal -: <a href=\"https:\/\/bit.ly\/Desafiostransformaciones\">https:\/\/bit.ly\/Desafiostransformaciones<\/a><br \/>\nCERTIFICACI\u00d3N DIGITAL Y ACCESO VIRTUAL<\/p>\n","protected":false},"excerpt":{"rendered":"<p>Organiza: <strong>Instituto de Constitucional <\/strong>del CPASF<\/p>\n<p>Fecha: 14 y 28 de abril &#8211; 19 de mayo &#8211; 9 y 30 de junio 2026<br \/>\nHorario:\u00a0 15:30 a 18:30<strong> h<\/strong><br \/>\nLugar: Sala Alberdi<\/p>\n<p><span style=\"background-color: #00aae7; color: #ffff00;\"><span style=\"background-color: #ff0000;\">ACTIVIDAD H\u00cdBRIDA<\/span><\/span><\/p>\n<p>Aranceles: <span style=\"background-color: #3366ff; color: #ffff00;\">SE SOLICITAR\u00c1 CREDENCIAL &#8211; CERTIFICADO SEG\u00daN CORRESPONDA AL MOMENTO DEL EVENTO &#8211; EVITE INCONVENIENTES, REG\u00cdSTRESE CORRECTAMENTE<\/span><br \/>\n<strong>\u00a0<\/strong><br \/>\n<strong><em>Aranceles<br \/>\n<span style=\"color: #993300;\">$5.000.-<\/span> Matriculados en CPASF<br \/>\n<span style=\"color: #993300;\">$10.000.-<\/span> No Matriculados en CPASF<br \/>\n<span style=\"color: #993300;\">$10.000.-<\/span> Acceso Virtual (cualquiera)<\/em><\/strong><\/p>\n<p><span style=\"color: #993300;\"><strong>LEA ATENTAMENTE LAS OPCIONES DE INSCRIPCI\u00d3N DISPONIBLES<\/strong><\/span><\/p>\n","protected":false},"author":11,"featured_media":29886,"template":"","meta":[],"product_cat":[114],"product_tag":[],"_links":{"self":[{"href":"https:\/\/www.casf.org.ar\/colegio\/wp-json\/wp\/v2\/product\/29876"}],"collection":[{"href":"https:\/\/www.casf.org.ar\/colegio\/wp-json\/wp\/v2\/product"}],"about":[{"href":"https:\/\/www.casf.org.ar\/colegio\/wp-json\/wp\/v2\/types\/product"}],"author":[{"embeddable":true,"href":"https:\/\/www.casf.org.ar\/colegio\/wp-json\/wp\/v2\/users\/11"}],"wp:featuredmedia":[{"embeddable":true,"href":"https:\/\/www.casf.org.ar\/colegio\/wp-json\/wp\/v2\/media\/29886"}],"wp:attachment":[{"href":"https:\/\/www.casf.org.ar\/colegio\/wp-json\/wp\/v2\/media?parent=29876"}],"wp:term":[{"taxonomy":"product_cat","embeddable":true,"href":"https:\/\/www.casf.org.ar\/colegio\/wp-json\/wp\/v2\/product_cat?post=29876"},{"taxonomy":"product_tag","embeddable":true,"href":"https:\/\/www.casf.org.ar\/colegio\/wp-json\/wp\/v2\/product_tag?post=29876"}],"curies":[{"name":"wp","href":"https:\/\/api.w.org\/{rel}","templated":true}]}}