{"id":29083,"date":"2026-03-06T10:22:27","date_gmt":"2026-03-06T13:22:27","guid":{"rendered":"https:\/\/www.casf.org.ar\/colegio\/?post_type=product&#038;p=29083"},"modified":"2026-03-12T12:34:06","modified_gmt":"2026-03-12T15:34:06","slug":"411049-xiv-jornadas-nacionales-discapacidad-y-derechos","status":"publish","type":"product","link":"https:\/\/www.casf.org.ar\/colegio\/product\/411049-xiv-jornadas-nacionales-discapacidad-y-derechos\/","title":{"rendered":"411049 &#8211; XIV Jornadas Nacionales Discapacidad y Derechos"},"content":{"rendered":"<p>Organiza:\u00a0 <strong>Instituto de Derechos de las Personas con Discapacidad del CPASF &#8211; Colegio de Profesionales de la Abogac\u00eda UBA Facultad de Derecho<\/strong><\/p>\n<p>Fecha: 7 y 8 de mayo 2026<br \/>\nHorario:\u00a0 <strong>&#8211;<span style=\"background-color: #ffff00;\">.<\/span><\/strong><br \/>\nLugar: Sal\u00f3n Parera &#8211; 3 de Febrero 2761 PB<\/p>\n<p><span style=\"background-color: #00aae7; color: #ffff00;\"><span style=\"background-color: #ff0000;\">ACTIVIDAD HIBRIDA<\/span><\/span><\/p>\n<p>Aranceles: <span style=\"color: #ffff00; background-color: #3366ff;\">SE SOLICITAR\u00c1 CREDENCIAL &#8211; CERTIFICADO SEG\u00daN CORRESPONDA AL MOMENTO DEL EVENTO &#8211; EVITE INCONVENIENTES, REG\u00cdSTRESE CORRECTAMENTE<\/span><\/p>\n<p><strong>Acceso<br \/>\n$20.000.- <\/strong><span style=\"color: #993300;\">Presencial\/Virtual<\/span><strong><br \/>\nPersonas con Discapacidad: <span style=\"background-color: #ffff00; color: #993300;\">Sin Costo<\/span><\/strong><\/p>\n<p><span style=\"background-color: #ffff00;\"><strong>IMPORTANTE<\/strong><\/span><br \/>\n<span style=\"color: #ed1c24; background-color: #ffff00;\">EN CASO DE NECESITAR DE ALG\u00daN APOYO O AJUSTE RAZONABLE, PREVIO A LA INSCRIPCI\u00d3N, COMPLETE EL SIGUIENTE FORMULARIO, Y LUEGO, CONTIN\u00daE CON LA INSCRIPCI\u00d3N:<\/span><\/p>\n<h3 class=\"accordion_title\">Previo a la inscripci\u00f3n - Solicitud de Apoyo o Ajuste<\/h3><div class=\"accordion\" rel=\"\">\n<div class=\"accordion-item\"><a href=\"#\" class=\"accordion-title plain\"><button class=\"toggle\"><i class=\"icon-angle-down\"><\/i><\/button><span>Click para completar<\/span><\/a><div class=\"accordion-inner\">\n\n<div class=\"wpcf7 no-js\" id=\"wpcf7-f29293-o1\" lang=\"es-ES\" dir=\"ltr\">\n<div class=\"screen-reader-response\"><p role=\"status\" aria-live=\"polite\" aria-atomic=\"true\"><\/p> <ul><\/ul><\/div>\n<form action=\"\/colegio\/wp-json\/wp\/v2\/product\/29083#wpcf7-f29293-o1\" method=\"post\" class=\"wpcf7-form init\" aria-label=\"Formulario de contacto\" novalidate=\"novalidate\" data-status=\"init\">\n<div style=\"display: none;\">\n<input type=\"hidden\" name=\"_wpcf7\" value=\"29293\" \/>\n<input type=\"hidden\" name=\"_wpcf7_version\" value=\"5.7.7\" \/>\n<input type=\"hidden\" name=\"_wpcf7_locale\" value=\"es_ES\" \/>\n<input type=\"hidden\" name=\"_wpcf7_unit_tag\" value=\"wpcf7-f29293-o1\" \/>\n<input type=\"hidden\" name=\"_wpcf7_container_post\" value=\"0\" \/>\n<input type=\"hidden\" name=\"_wpcf7_posted_data_hash\" value=\"\" \/>\n<input type=\"hidden\" name=\"_wpcf7_recaptcha_response\" value=\"\" \/>\n<\/div>\n<style type=\"text\/css\">\nspan.wpcf7-list-item { display: block; }\n<\/style>\n<p>Nombre (requerido)\n<\/p>\n<p><span class=\"wpcf7-form-control-wrap\" data-name=\"nombre\"><input size=\"40\" class=\"wpcf7-form-control wpcf7-text wpcf7-validates-as-required\" aria-required=\"true\" aria-invalid=\"false\" value=\"\" type=\"text\" name=\"nombre\" \/><\/span>\n<\/p>\n<p>Apellido (requerido)\n<\/p>\n<p><span class=\"wpcf7-form-control-wrap\" data-name=\"apellido\"><input size=\"40\" class=\"wpcf7-form-control wpcf7-text wpcf7-validates-as-required\" aria-required=\"true\" aria-invalid=\"false\" value=\"\" type=\"text\" name=\"apellido\" \/><\/span>\n<\/p>\n<p>Matr\u00edcula CPASF (si est\u00e1 matriculado\/a, requerido)\n<\/p>\n<p><span class=\"wpcf7-form-control-wrap\" data-name=\"matricula\"><input class=\"wpcf7-form-control wpcf7-number wpcf7-validates-as-number\" min=\"0\" max=\"9999999\" aria-invalid=\"false\" value=\"\" type=\"number\" name=\"matricula\" \/><\/span>\n<\/p>\n<p>DNI (requerido)\n<\/p>\n<p><span class=\"wpcf7-form-control-wrap\" data-name=\"dni\"><input class=\"wpcf7-form-control wpcf7-number wpcf7-validates-as-required wpcf7-validates-as-number\" min=\"1000000\" max=\"99000000\" aria-required=\"true\" aria-invalid=\"false\" value=\"\" type=\"number\" name=\"dni\" \/><\/span>\n<\/p>\n<p>Tel\u00e9fono (requerido)\n<\/p>\n<p><span class=\"wpcf7-form-control-wrap\" data-name=\"telefono\"><input size=\"40\" class=\"wpcf7-form-control wpcf7-text wpcf7-tel wpcf7-validates-as-required wpcf7-validates-as-tel\" aria-required=\"true\" aria-invalid=\"false\" value=\"\" type=\"tel\" name=\"telefono\" \/><\/span>\n<\/p>\n<p>Direcci\u00f3n (requerido)\n<\/p>\n<p><span class=\"wpcf7-form-control-wrap\" data-name=\"direccion\"><input size=\"40\" class=\"wpcf7-form-control wpcf7-text wpcf7-validates-as-required\" aria-required=\"true\" aria-invalid=\"false\" value=\"\" type=\"text\" name=\"direccion\" \/><\/span>\n<\/p>\n<p>Localidad (requerido)\n<\/p>\n<p><span class=\"wpcf7-form-control-wrap\" data-name=\"localidad\"><input size=\"40\" class=\"wpcf7-form-control wpcf7-text wpcf7-validates-as-required\" aria-required=\"true\" aria-invalid=\"false\" value=\"\" type=\"text\" name=\"localidad\" \/><\/span>\n<\/p>\n<p>CP (requerido)\n<\/p>\n<p><span class=\"wpcf7-form-control-wrap\" data-name=\"cp\"><input class=\"wpcf7-form-control wpcf7-number wpcf7-validates-as-required wpcf7-validates-as-number\" min=\"0\" max=\"9999\" aria-required=\"true\" aria-invalid=\"false\" value=\"\" type=\"number\" name=\"cp\" \/><\/span>\n<\/p>\n<p>Correo electr\u00f3nico (requerido)\n<\/p>\n<p><span class=\"wpcf7-form-control-wrap\" data-name=\"su-email\"><input size=\"40\" class=\"wpcf7-form-control wpcf7-text wpcf7-email wpcf7-validates-as-required wpcf7-validates-as-email\" aria-required=\"true\" aria-invalid=\"false\" value=\"\" type=\"email\" name=\"su-email\" \/><\/span>\n<\/p>\n<p>Necesita de alg\u00fan apoyo o ajuste razonable (requerido)\n<\/p>\n<p><span class=\"wpcf7-form-control-wrap\" data-name=\"apoyo\"><span class=\"wpcf7-form-control wpcf7-checkbox wpcf7-validates-as-required\"><span class=\"wpcf7-list-item first\"><input type=\"checkbox\" name=\"apoyo[]\" value=\"Si\" \/><span class=\"wpcf7-list-item-label\">Si<\/span><\/span><span class=\"wpcf7-list-item last\"><input type=\"checkbox\" name=\"apoyo[]\" value=\"No\" \/><span class=\"wpcf7-list-item-label\">No<\/span><\/span><\/span><\/span>\n<\/p>\n<p>En caso de contestar Si, cual?\n<\/p>\n<p><span class=\"wpcf7-form-control-wrap\" data-name=\"cual_apoyo\"><input size=\"40\" class=\"wpcf7-form-control wpcf7-text wpcf7-validates-as-required\" aria-required=\"true\" aria-invalid=\"false\" value=\"\" type=\"text\" name=\"cual_apoyo\" \/><\/span>\n<\/p>\n<p><input class=\"wpcf7-form-control has-spinner wpcf7-submit\" type=\"submit\" value=\"Enviar\" \/>\n<\/p><div class=\"wpcf7-response-output\" aria-hidden=\"true\"><\/div>\n<\/form>\n<\/div>\n\n<\/div><\/div>\n<\/div>\n<p>&nbsp;<\/p>\n<p><strong><span style=\"color: #800000;\">LEA ATENTAMENTE LAS OPCIONES DE INSCRIPCI\u00d3N DISPONIBLES<br \/>\n<\/span><\/strong><\/p>\n<p>&nbsp;<\/p>\n","protected":false},"excerpt":{"rendered":"<p>Organiza:\u00a0 <strong>Instituto de Derechos de las Personas con Discapacidad del CPASF &#8211; Colegio de Profesionales de la Abogac\u00eda UBA Facultad de Derecho<\/strong><\/p>\n<p>Fecha: 7 y 8 de mayo 2026<br \/>\nHorario:\u00a0 <strong>-.<\/strong><br \/>\nLugar: Sal\u00f3n Parera &#8211; 3 de Febrero 2761 PB<\/p>\n<p><span style=\"background-color: #00aae7; color: #ffff00;\"><span style=\"background-color: #ff0000;\">ACTIVIDAD HIBRIDA<\/span><\/span><\/p>\n<p>Aranceles: <span style=\"background-color: #3366ff; color: #ffff00;\">SE SOLICITAR\u00c1 CREDENCIAL &#8211; CERTIFICADO SEG\u00daN CORRESPONDA AL MOMENTO DEL EVENTO &#8211; EVITE INCONVENIENTES, REG\u00cdSTRESE CORRECTAMENTE<\/span><br \/>\n<strong>\u00a0<\/strong><br \/>\n<strong><em>Acceso<br \/>\n$20.000.- <\/em><\/strong><span style=\"color: #993300;\"><em>Presencial\/Virtual<\/em><\/span><strong><em><br \/>\nPersonas con Discapacidad: <span style=\"color: #993300; background-color: #ffff00;\">Sin Costo<\/span><\/em><\/strong><\/p>\n<p><span style=\"background-color: #ffff00;\"><strong>IMPORTANTE<\/strong><\/span><br \/>\n<span style=\"color: #ed1c24; background-color: #ffff00;\">EN CASO DE NECESITAR DE ALG\u00daN APOYO O AJUSTE RAZONABLE, PREVIO A LA INSCRIPCI\u00d3N, COMPLETE EL FORMULARIO QUE EST\u00c1 EN LA DESCRIPCI\u00d3N, Y LUEGO, CONTIN\u00daE CON LA INSCRIPCI\u00d3N:<\/span><\/p>\n<p><span style=\"color: #993300;\"><strong>LEA ATENTAMENTE LAS OPCIONES DE INSCRIPCI\u00d3N DISPONIBLES &#8211;<\/strong><\/span><\/p>\n","protected":false},"author":11,"featured_media":29085,"template":"","meta":[],"product_cat":[122],"product_tag":[],"_links":{"self":[{"href":"https:\/\/www.casf.org.ar\/colegio\/wp-json\/wp\/v2\/product\/29083"}],"collection":[{"href":"https:\/\/www.casf.org.ar\/colegio\/wp-json\/wp\/v2\/product"}],"about":[{"href":"https:\/\/www.casf.org.ar\/colegio\/wp-json\/wp\/v2\/types\/product"}],"author":[{"embeddable":true,"href":"https:\/\/www.casf.org.ar\/colegio\/wp-json\/wp\/v2\/users\/11"}],"wp:featuredmedia":[{"embeddable":true,"href":"https:\/\/www.casf.org.ar\/colegio\/wp-json\/wp\/v2\/media\/29085"}],"wp:attachment":[{"href":"https:\/\/www.casf.org.ar\/colegio\/wp-json\/wp\/v2\/media?parent=29083"}],"wp:term":[{"taxonomy":"product_cat","embeddable":true,"href":"https:\/\/www.casf.org.ar\/colegio\/wp-json\/wp\/v2\/product_cat?post=29083"},{"taxonomy":"product_tag","embeddable":true,"href":"https:\/\/www.casf.org.ar\/colegio\/wp-json\/wp\/v2\/product_tag?post=29083"}],"curies":[{"name":"wp","href":"https:\/\/api.w.org\/{rel}","templated":true}]}}