{"id":27879,"date":"2026-02-05T12:08:21","date_gmt":"2026-02-05T15:08:21","guid":{"rendered":"https:\/\/www.casf.org.ar\/colegio\/?post_type=product&#038;p=27879"},"modified":"2026-04-08T12:04:20","modified_gmt":"2026-04-08T15:04:20","slug":"compra-de-token-s-firma-digital-np-2026","status":"publish","type":"product","link":"https:\/\/www.casf.org.ar\/colegio\/product\/compra-de-token-s-firma-digital-np-2026\/","title":{"rendered":"Compra de Token\/s Firma Digital NP 2026"},"content":{"rendered":"<p><strong><span style=\"background-color: #ffff00; color: #ed1c24;\">SOLO PARA MATRICULADOS EN EL CPASF<\/span><\/strong><br \/>\nCompra m\u00e1xima: hasta <span style=\"background-color: #ff0000; color: #ffff00;\"><strong>1 unidad por Profesional<\/strong><\/span><br \/>\nSe <strong><span style=\"background-color: #ffff00;\">retira pasadas 72 hs h\u00e1biles de realizada la compra<\/span><\/strong>, por <strong>Mesa de Entradas<\/strong>, presentando <strong><span style=\"background-color: #ffff00; color: #ed1c24;\">ACREDITACI\u00d3N DE MATRICULACI\u00d3N EN EL CPASF<\/span><\/strong> e impresi\u00f3n del<span style=\"background-color: #ffff00;\"><strong> mail de confirmaci\u00f3n del pago por Mercado Pago<\/strong><\/span>. Tenga presente los tiempos de entrega para sacar turno en el Poder Judicial.<\/p>\n<p>En caso de no ser el n\u00famero de unidades deseadas, vuelva atr\u00e1s con el navegador, haga click en el bot\u00f3n \u00ab<strong>LIMPIAR CARRITO<\/strong>\u00bb y ahora puede proseguir con la compra.<\/p>\n","protected":false},"excerpt":{"rendered":"<p><span style=\"background-color: #ffff00; color: #ed1c24;\"><strong>SOLO PARA MATRICULADOS EN EL CPASF<\/strong><\/span><br \/>\nCompra m\u00e1xima: hasta <span style=\"background-color: #ff0000; color: #ffff00;\"><strong>1 unidad por Profesional<\/strong><\/span><br \/>\nSe <span style=\"background-color: #ffff00;\"><strong>retira pasadas 72 hs h\u00e1biles de realizada la compra<\/strong><\/span>, por <strong>Mesa de Entradas<\/strong>, presentando <span style=\"background-color: #ffff00; color: #ed1c24;\"><strong>ACREDITACI\u00d3N DE MATRICULACI\u00d3N EN EL CPASF<\/strong><\/span> e impresi\u00f3n del<span style=\"background-color: #ffff00;\"><strong> mail de confirmaci\u00f3n del pago por Mercado Pago<\/strong><\/span>. Tenga presente los tiempos de entrega para sacar turno en el Poder Judicial.<\/p>\n","protected":false},"author":11,"featured_media":13567,"template":"","meta":[],"product_cat":[88],"product_tag":[],"_links":{"self":[{"href":"https:\/\/www.casf.org.ar\/colegio\/wp-json\/wp\/v2\/product\/27879"}],"collection":[{"href":"https:\/\/www.casf.org.ar\/colegio\/wp-json\/wp\/v2\/product"}],"about":[{"href":"https:\/\/www.casf.org.ar\/colegio\/wp-json\/wp\/v2\/types\/product"}],"author":[{"embeddable":true,"href":"https:\/\/www.casf.org.ar\/colegio\/wp-json\/wp\/v2\/users\/11"}],"wp:featuredmedia":[{"embeddable":true,"href":"https:\/\/www.casf.org.ar\/colegio\/wp-json\/wp\/v2\/media\/13567"}],"wp:attachment":[{"href":"https:\/\/www.casf.org.ar\/colegio\/wp-json\/wp\/v2\/media?parent=27879"}],"wp:term":[{"taxonomy":"product_cat","embeddable":true,"href":"https:\/\/www.casf.org.ar\/colegio\/wp-json\/wp\/v2\/product_cat?post=27879"},{"taxonomy":"product_tag","embeddable":true,"href":"https:\/\/www.casf.org.ar\/colegio\/wp-json\/wp\/v2\/product_tag?post=27879"}],"curies":[{"name":"wp","href":"https:\/\/api.w.org\/{rel}","templated":true}]}}