{"id":603,"date":"2020-12-28T11:57:57","date_gmt":"2020-12-28T11:57:57","guid":{"rendered":"http:\/\/c1990348.ferozo.com\/?page_id=603"},"modified":"2025-08-19T12:10:27","modified_gmt":"2025-08-19T15:10:27","slug":"reglamento-de-uso-sala-de-profesionales-casf-2","status":"publish","type":"page","link":"https:\/\/www.casf.org.ar\/colegio\/reglamento-de-uso-sala-de-profesionales-casf-2\/","title":{"rendered":"REGLAMENTO DE USO SALA DE PROFESIONALES CASF"},"content":{"rendered":"\t<section class=\"section\" id=\"section_1938024974\">\n\t\t<div class=\"bg section-bg fill bg-fill  bg-loaded\" >\n\n\t\t\t\n\t\t\t\n\t\t\t\n\n\t\t<\/div>\n\n\t\t<div class=\"section-content relative\">\n\t\t\t\n<div class=\"row align-center\"  id=\"row-1219455156\">\n\n\t<div id=\"col-1132128701\" class=\"col medium-11 small-12 large-11\"  >\n\t\t\t\t<div class=\"col-inner\"  >\n\t\t\t\n\t\t\t\n<div class=\"container section-title-container\" ><h3 class=\"section-title section-title-center\"><b><\/b><span class=\"section-title-main\" >RESERVA Y REGLAMENTO DE USO SALAS DE USO PROFESIONAL MATRICULADOS CPASF<\/span><b><\/b><\/h3><\/div>\n<div class=\"accordion\" rel=\"\">\n<div class=\"accordion-item\"><a href=\"#\" class=\"accordion-title plain\"><button class=\"toggle\"><i class=\"icon-angle-down\"><\/i><\/button><span>Al utilizar las salas Acepta el siguiente Reglamento (click para Ver)<\/span><\/a><div class=\"accordion-inner\">\n<h3>INSTRUCCIONES DE FUNCIONAMIENTO, USO, CONDUCTA Y ORGANIZACI\u00d3N DE LA ZONA DE TRABAJO \u201cSala de Profesionales\u201d<\/h3>\n<p class=\"western\" lang=\"es-ES\" align=\"justify\">El objeto de esta normativa es fijar las reglas de funcionamiento, uso, conducta y organizaci\u00f3n de las \u201cSalas de Atenci\u00f3n para Profesionales\u201d, en la zona de trabajo en abierto. La previsi\u00f3n de numerosas peticiones de participaci\u00f3n por parte de los colegiados aboca a la necesidad de regular la actividad con car\u00e1cter de m\u00ednimos, de suerte que se procure un uso racional, proporcional y arm\u00f3nico de las instalaciones, recursos y servicios que se pongan a disposici\u00f3n de aquellos.<\/p>\n<h4>ART\u00cdCULO 1.-<\/h4>\n<p style=\"text-align: justify;\" align=\"center\">\u00c1mbito y condiciones de aplicaci\u00f3n. Para poder utilizar la \u201cSala de Profesionales\u201d deber\u00e1n concurrir todas y cada una de las siguientes condiciones: a) Ser colegiado\/a del Colegio de Abogados de Santa Fe. b) Estar al d\u00eda con el pago de cuotas. c) No haber sido sancionado por infracci\u00f3n deontol\u00f3gica con suspensi\u00f3n o cancelaci\u00f3n por el Tribunal de \u00c9tica de esta instituci\u00f3n, sin necesidad de firmeza. d) No haber estado sancionado mediante sentencia firme por infracci\u00f3n penal relacionada con la profesi\u00f3n. e) Si alg\u00fan colegiado perteneciente a otro colegio de abogados solicita la utilizaci\u00f3n de la Sala, podr\u00e1 darse acceso a la misma de igual forma que lo hacen los colegiados de Santa Fe , salvo el cobro por la utilizaci\u00f3n (0,5 IUS), que se abonar\u00e1 directamente por los medios de pagos habilitados por el Colegio de Abogados de Santa Fe. En todo caso, los colegiados de la Primera Circunscripci\u00f3n de Santa Fe, tendr\u00e1n derecho de uso preferente, por lo que queda condicionada la reserva a la disponibilidad. Si hubiere un incremento de demanda local que saturara los servicios ofertados, el CASF podr\u00e1 cancelar unilateralmente reservas de colegiados de otros Colegios.<\/p>\n<h4>ART\u00cdCULO 2.-<\/h4>\n<p style=\"text-align: justify;\" align=\"center\">Fines, actividades y horarios.- 1.- El espacio de trabajo de la \u201cSala para Profesionales\u201d constituye un centro de trabajo del Colegio a disposici\u00f3n de los colegiados, donde se pretende crear un espacio de desarrollo profesional y de ayuda a las relaciones y sinergias entre compa\u00f1eros. 2.- El centro estar\u00e1 abierto coincidente con el calendario laboral del Colegio de Abogados de Santa Fe en d\u00edas h\u00e1biles, de lunes a viernes, en horario que se estipule por la Direcci\u00f3n colegial; reserv\u00e1ndose el derecho a limitar o clausurar temporalmente el uso. Asimismo, podr\u00e1 suspenderse el uso de las instalaciones por actividad institucional\/colegial que as\u00ed lo requiera. En tales casos, se anunciar\u00e1 con la m\u00e1xima antelaci\u00f3n posible. Por razones de seguridad, tambi\u00e9n podr\u00e1 limitar o suspender el uso del servicio en caso de tener cubierto el aforo m\u00e1ximo permitido, aunque se tratara de un momento ocasional y no afectara necesariamente a todos los usuarios del centro.<\/p>\n<h4>ART\u00cdCULO 3.-<\/h4>\n<p style=\"text-align: justify;\" align=\"center\">Sistema de reservas.- 1.- Las reservas deber\u00e1n realizarse personalmente, en Mesa de Entradas del CASF (3 de Febrero 2743) o por WhatsApp al celular 342 438 5634. Las reservas podr\u00e1n realizarse con una anticipaci\u00f3n m\u00e1xima mensual o bien en el d\u00eda. 2.- La Sala de profesionales puede ser reservada por el lapso de treinta minutos (30\u00b4), extensibles por treinta m\u00e1s, en el supuesto que la Sala no sea ocupada con posterioridad al horario reservado.<\/p>\n<h4>ART\u00cdCULO 4.-<\/h4>\n<p style=\"text-align: justify;\" align=\"center\">Normas de conducta.- 1.- Los asistentes \u2013sean colegiados\/as o clientes- respetar\u00e1n en todo momento las instalaciones y accesorios mobiliarios de la Sala, as\u00ed como el orden de disposici\u00f3n establecido. 2.- La Sala es un lugar de trabajo, por lo que en aras del respeto a los dem\u00e1s usuarios o empleados se deben extremar las normas b\u00e1sicas de educaci\u00f3n, dignidad y decoro inherentes a la profesi\u00f3n. Se proh\u00edbe expresamente utilizar un tono de voz por encima de lo que se considera adecuado y razonable, as\u00ed como cualquier actitud inc\u00edvica o atentatoria al respeto. 3.- Est\u00e1 prohibido fumar, incluyendo la modalidad electr\u00f3nica. 4.- Est\u00e1 prohibido comer y\/o beber ; 5.- La Sala no podr\u00e1 ser utilizada por los colegiados\/as como su domicilio profesional. 6- Los colegiados\/as usuarios garantizar\u00e1n el correcto uso por parte de sus clientes invitados, respondiendo de su comportamiento y actitud. Para el caso de solicitar los espacios para la celebraci\u00f3n de reuniones de clientes entre s\u00ed, celebraciones de juntas o cualquier acto colectivo o asambleario, sea cual fuere la figura societaria, de comunidad o asociativa subyacente, ser\u00e1 necesario solicitar autorizaci\u00f3n expresa del Directorio del Colegio de Abogados de Santa Fe. 7.- En el uso de equipos inform\u00e1ticos, en su caso, deber\u00e1n extremarse las cautelas de conexi\u00f3n a p\u00e1ginas web seguras y las descargas a elementos port\u00e1tiles (USB y memorias libres de infecciones y con antivirus verificado). El uso de la navegaci\u00f3n por Internet quedar\u00e1 reducido a cuestiones relacionadas con la profesi\u00f3n. Se proh\u00edbe expresamente cualquier otro prop\u00f3sito l\u00fadico o ajeno al inter\u00e9s profesional. 8.- El uso de las instalaciones y utilidades ser\u00e1 directo, personal, intransferible y no delegable por parte de los colegiados\/as, sin que alcance a personas dependientes o colaboradoras. 10.- Los usuarios respetar\u00e1n los horarios preestablecidos, debiendo desalojar el inmueble de forma inmediata, al menos, diez minutos antes de la hora de cierre de las instalaciones. 11.- Cada colegiado utilizar\u00e1 \u00fanicamente el espacio a \u00e9l asignado, sin posibilidad de expandir el espacio de otros puestos, a\u00fan en el supuesto de no ocupaci\u00f3n de los mismos por terceros. 12.- Est\u00e1 prohibido hacer grabaciones, ya sean de audio o de v\u00eddeo, en la Sala de Profesionales, salvo que se cuenta con la autorizaci\u00f3n expresa y por escrito del Directorio del CASF.<\/p>\n<h4>ART\u00cdCULO 5.-<\/h4>\n<p style=\"text-align: justify;\" align=\"center\">Admisi\u00f3n, suspensi\u00f3n y privaci\u00f3n del derecho al uso.- El Directorio del CASF se reserva el derecho de admisi\u00f3n y uso. A tal efecto, por decisi\u00f3n discrecional, podr\u00e1 expulsar a colegiados, clientes o terceros no colegiados, limitar usos y permanencias, prohibir accesos o establecer cualquier tipo de restricci\u00f3n de las utilidades e instalaciones, a toda persona que muestre un comportamiento inapropiado, inc\u00edvico o violento, muestre signos de embriaguez o afectaci\u00f3n por sustancias, o cualquier otro signo externo que atente contra los usos razonables, o bien incumpla las normas reguladas en estas Instrucciones. Asimismo, en caso de vulneraci\u00f3n de las presentes instrucciones y, espec\u00edficamente, en casos de mal uso, comportamiento intencional o meramente negligente en el r\u00e9gimen de reservas establecido, o comportamientos agresivos o violentos, podr\u00e1 ser privada temporal o definitivamente del uso de las instalaciones. El tiempo y alcance lo determinar\u00e1 el Directorio del CASF mediante acuerdo discrecional, previo informe interno no vinculante.<\/p>\n<\/div><\/div>\n<\/div>\n\t\t<\/div>\n\t\t\t\t\t<\/div>\n\n\t\n<\/div>\n<div class=\"row align-center\"  id=\"row-985993561\">\n\n\t<div id=\"col-53257647\" class=\"col medium-4 small-6 large-4\"  >\n\t\t\t\t<div class=\"col-inner text-center\"  >\n\t\t\t\n\t\t\t\n<a href=\"https:\/\/www.casf.org.ar\/colegio\/reserva-sala-uso-profesional-anexo\/\" target=\"_self\" class=\"button primary\"  >\n    <span>Salas en Anexo<\/span>\n  <\/a>\n\n\t\t<\/div>\n\t\t\t\t\t<\/div>\n\n\t\n\n\t<div id=\"col-1877920848\" class=\"col medium-4 small-6 large-4\"  >\n\t\t\t\t<div class=\"col-inner text-center\"  >\n\t\t\t\n\t\t\t\n<a href=\"https:\/\/www.casf.org.ar\/colegio\/reserva-sala-uso-profesional-casa-del-foro\/\" target=\"_self\" class=\"button primary\"  >\n    <span>Salas en Casa del Foro<\/span>\n  <\/a>\n\n\t\t<\/div>\n\t\t\t\t\t<\/div>\n\n\t\n<\/div>\n\t\t<\/div>\n\n\t\t\n<style>\n#section_1938024974 {\n  padding-top: 30px;\n  padding-bottom: 30px;\n}\n<\/style>\n\t<\/section>\n\t\n","protected":false},"excerpt":{"rendered":"","protected":false},"author":2,"featured_media":0,"parent":0,"menu_order":0,"comment_status":"closed","ping_status":"closed","template":"page-blank.php","meta":[],"_links":{"self":[{"href":"https:\/\/www.casf.org.ar\/colegio\/wp-json\/wp\/v2\/pages\/603"}],"collection":[{"href":"https:\/\/www.casf.org.ar\/colegio\/wp-json\/wp\/v2\/pages"}],"about":[{"href":"https:\/\/www.casf.org.ar\/colegio\/wp-json\/wp\/v2\/types\/page"}],"author":[{"embeddable":true,"href":"https:\/\/www.casf.org.ar\/colegio\/wp-json\/wp\/v2\/users\/2"}],"replies":[{"embeddable":true,"href":"https:\/\/www.casf.org.ar\/colegio\/wp-json\/wp\/v2\/comments?post=603"}],"version-history":[{"count":28,"href":"https:\/\/www.casf.org.ar\/colegio\/wp-json\/wp\/v2\/pages\/603\/revisions"}],"predecessor-version":[{"id":25603,"href":"https:\/\/www.casf.org.ar\/colegio\/wp-json\/wp\/v2\/pages\/603\/revisions\/25603"}],"wp:attachment":[{"href":"https:\/\/www.casf.org.ar\/colegio\/wp-json\/wp\/v2\/media?parent=603"}],"curies":[{"name":"wp","href":"https:\/\/api.w.org\/{rel}","templated":true}]}}