{"id":377,"date":"2020-10-20T18:47:03","date_gmt":"2020-10-20T18:47:03","guid":{"rendered":"http:\/\/c1990348.ferozo.com\/?page_id=377"},"modified":"2021-07-29T14:48:34","modified_gmt":"2021-07-29T14:48:34","slug":"defensoria-de-los-ninos","status":"publish","type":"page","link":"https:\/\/www.casf.org.ar\/colegio\/defensoria-de-los-ninos\/","title":{"rendered":"Defensor\u00eda de los Ni\u00f1os"},"content":{"rendered":"\t<section class=\"section\" id=\"section_730750021\">\n\t\t<div class=\"bg section-bg fill bg-fill  bg-loaded\" >\n\n\t\t\t\n\t\t\t\n\t\t\t\n\n\t\t<\/div>\n\n\t\t<div class=\"section-content relative\">\n\t\t\t\n<div class=\"container section-title-container\" ><h3 class=\"section-title section-title-center\"><b><\/b><span class=\"section-title-main\" >DEFENSOR\u00cdA DE LOS NI\u00d1OS<\/span><b><\/b><\/h3><\/div>\n<div class=\"row align-center\"  id=\"row-1641449135\">\n\n\t<div id=\"col-1208374868\" class=\"col medium-11 small-12 large-11\"  >\n\t\t\t\t<div class=\"col-inner\"  >\n\t\t\t\n\t\t\t\n<div class=\"col-8 main-content\">\n<article id=\"post-1075\" class=\"post-1075 page type-page status-publish\">\n<div class=\"post-content\">\n<p><strong>I \u2013 Breve referencia hist\u00f3rica.<\/strong><\/p>\n<p>El Colegio de Abogados de Santa Fe entre mayo y diciembre del a\u00f1o 2.002 organiz\u00f3 un Curso de Especializaci\u00f3n para Abogados de Ni\u00f1os en el contexto del Convenio marco con UNICEF Argentina.<\/p>\n<p>Con los profesionales capacitados que decidieron su incorporaci\u00f3n se form\u00f3 el espacio institucional que tiene por objeto la Defensa de los Derechos Humanos de Ni\u00f1as y Ni\u00f1os, en el \u00e1mbito de la 1ra. Circunscripci\u00f3n Judicial de la Provincia. En adelante se denominar\u00e1n Ni\u00f1os pues es el nombre y concepto que merecen.<\/p>\n<p><strong>II \u2013 Antecedentes:<\/strong><\/p>\n<p>En el desarrollo de la Defensor\u00eda hallamos momentos de gran dinamismo y movilidad, en torno del ejercicio profesional de defensa de los derechos de las personas con edad menor a la que considera la legislaci\u00f3n como capaz para ejercer de hecho sus derechos.<\/p>\n<p>Fue en ese convencimiento (en el de que tal consideraci\u00f3n no le impide su condici\u00f3n principal, la de ser persona), que se incursion\u00f3 en defensas penales y civiles de Ni\u00f1os carentes de todo recurso material. Es que a los mismos les asiste la plena legitimidad constitucional de ser titulares de derechos y garant\u00edas incontrastables e inexcusablemente conculcadas en procesos llevados a cabo en aqu\u00e9llas competencias del Poder estatal en los que su pertenencia a tal franja et\u00e1rea y razones socio-econ\u00f3micas (bien conocidas en estas latitudes) les significaba un seguro desprecio por sus derechos.<\/p>\n<p>Se incursion\u00f3 -igualmente- en actividades acad\u00e9micas, de asesoramiento y en la difusi\u00f3n especial y general de los postulados de la Convenci\u00f3n Internacionales sobre los Derechos del Ni\u00f1o y de todo el plexo de derechos de fuente interna y convencional que postulan la consideraci\u00f3n del Ni\u00f1o como sujeto de derecho y su crecimiento en condiciones de dignidad, mucho m\u00e1s all\u00e1 de la satisfacci\u00f3n de necesidades elementales.<\/p>\n<p><strong>III \u2013 Visi\u00f3n actual:<\/strong><\/p>\n<p>Con el impulso dado por el actual Directorio del Colegio, la Defensor\u00eda cuenta con un Reglamento Interno para el funcionamiento de la misma y para la proyecci\u00f3n interinstitucional de sus objetivos.<\/p>\n<p>La apertura de la competencia para el entendimiento en causas tanto de orden penal como civiles (por aplicaci\u00f3n de la ley nacional n\u00b0 26.061 y subrayando la interacci\u00f3n con organismos del Estado, m\u00e1ximo responsable de la protecci\u00f3n de los derechos de los Ni\u00f1os de todas las clases sociales), posibilita a los Abogados Defensores intervenir en las causas que encuentren a personas punibles de menos de 18 a\u00f1os de edad relacionadas con investigaciones penales y tambi\u00e9n defenderlos ante el anacronismo del \u00b4estado de abandono\u00b4 utilizado para agraviar la integridad jur\u00eddica de los Ni\u00f1os, descalificados -corrientemente- por integrar segmentos de la sociedad sin recursos econ\u00f3micos. Esto es, sin circunloquios, un modo de judicializar la pobreza.<\/p>\n<p>Se hallan, adem\u00e1s, en curso de concreci\u00f3n diversos convenios con el Gobierno de la Provincia a quien el Directorio y Defensores han interesado para estructurar una red de defensa efectiva de los derechos fundamentales de la ni\u00f1ez y juventud.<\/p>\n<p>Sin perjuicio de ello se contin\u00faan las actividades de defensa de Ni\u00f1os y de sus familias (cuando se vincule a cuestiones de derechos de los menores de edad) ante la vulneraci\u00f3n de sus derechos.<\/p>\n<p>Se propician, tambi\u00e9n, encuentros de diversa naturaleza con organizaciones no gubernamentales, cont\u00e1ndose con la posibilidad de participaci\u00f3n de los Defensores en espacios de capacitaci\u00f3n jur\u00ecdicos o interdisciplinarios para comunidades educativas, terap\u00e9uticas, sociales o de cualquier \u00edndole que demanden el conocimiento y aplicaci\u00f3n te\u00f3rica y pr\u00e1ctica de los derechos de los Ni\u00f1os.<\/p>\n<p><strong>IV \u2013 Cont\u00e1ctenos:<\/strong><\/p>\n<p>Para toda consulta dentro de las competencias indicadas puede dirigirse en forma personal a la sede de la Defensor\u00eda, calle 3 de Febrero n\u00b0 2.743 de la ciudad de Santa Fe, o telef\u00f3nicamente al 0342-4557731\/2700 interno 223, o en la p\u00e1gina web institucional.<\/p>\n<\/div>\n<\/article>\n<\/div>\n\t\t<\/div>\n\t\t\t\t\t<\/div>\n\n\t\n<\/div>\n\t\t<\/div>\n\n\t\t\n<style>\n#section_730750021 {\n  padding-top: 0px;\n  padding-bottom: 0px;\n}\n<\/style>\n\t<\/section>\n\t\n","protected":false},"excerpt":{"rendered":"","protected":false},"author":2,"featured_media":0,"parent":0,"menu_order":0,"comment_status":"closed","ping_status":"closed","template":"","meta":[],"_links":{"self":[{"href":"https:\/\/www.casf.org.ar\/colegio\/wp-json\/wp\/v2\/pages\/377"}],"collection":[{"href":"https:\/\/www.casf.org.ar\/colegio\/wp-json\/wp\/v2\/pages"}],"about":[{"href":"https:\/\/www.casf.org.ar\/colegio\/wp-json\/wp\/v2\/types\/page"}],"author":[{"embeddable":true,"href":"https:\/\/www.casf.org.ar\/colegio\/wp-json\/wp\/v2\/users\/2"}],"replies":[{"embeddable":true,"href":"https:\/\/www.casf.org.ar\/colegio\/wp-json\/wp\/v2\/comments?post=377"}],"version-history":[{"count":4,"href":"https:\/\/www.casf.org.ar\/colegio\/wp-json\/wp\/v2\/pages\/377\/revisions"}],"predecessor-version":[{"id":1655,"href":"https:\/\/www.casf.org.ar\/colegio\/wp-json\/wp\/v2\/pages\/377\/revisions\/1655"}],"wp:attachment":[{"href":"https:\/\/www.casf.org.ar\/colegio\/wp-json\/wp\/v2\/media?parent=377"}],"curies":[{"name":"wp","href":"https:\/\/api.w.org\/{rel}","templated":true}]}}