{"id":375,"date":"2020-10-20T18:46:40","date_gmt":"2020-10-20T18:46:40","guid":{"rendered":"http:\/\/c1990348.ferozo.com\/?page_id=375"},"modified":"2024-12-12T09:01:36","modified_gmt":"2024-12-12T12:01:36","slug":"consultoria-gratuita","status":"publish","type":"page","link":"https:\/\/www.casf.org.ar\/colegio\/consultoria-gratuita\/","title":{"rendered":"Consultor\u00eda Gratuita"},"content":{"rendered":"\t<section class=\"section\" id=\"section_930299703\">\n\t\t<div class=\"bg section-bg fill bg-fill  bg-loaded\" >\n\n\t\t\t\n\t\t\t\n\t\t\t\n\n\t\t<\/div>\n\n\t\t<div class=\"section-content relative\">\n\t\t\t\n<div class=\"container section-title-container\" ><h3 class=\"section-title section-title-center\"><b><\/b><span class=\"section-title-main\" >CONSULTOR\u00cdA GRATUITA<\/span><b><\/b><\/h3><\/div>\n<div class=\"row align-center\"  id=\"row-14437772\">\n\n\t<div id=\"col-1578799308\" class=\"col medium-11 small-12 large-11\"  >\n\t\t\t\t<div class=\"col-inner\"  >\n\t\t\t\n\t\t\t\n<div class=\"post-content\">\n<p style=\"text-align: justify;\" align=\"center\">Es un servicio a la comunidad que presta a fin de garantizar el acceso a la justicia a sectores que por diversas circunstancias ven frustrada la defensa de sus derechos. Cuenta con una trayectoria de m\u00e1s de 20 a\u00f1os y que se ha instaurado no s\u00f3lo como un camino para acceder al sistema de justicia por parte de la poblaci\u00f3n, sino tambi\u00e9n de crecimiento, de construcci\u00f3n de valores, de compromiso y responsabilidad para los profesionales que la integran, jerarquizando tambi\u00e9n con ello la profesi\u00f3n de abogados.<\/p>\n<p style=\"text-align: left;\"><strong>Coordinada por la Dra. Natalia GALOPPO y la Dra. Mar\u00eda de los Angeles BRAGA.<\/strong><\/p>\n<p style=\"text-align: left;\"><strong>Horarios:<\/strong><\/p>\n<p style=\"text-align: left;\">Por la ma\u00f1ana: Lunes, Martes, Mi\u00e9rcoles y Viernes de 9 a 10:30 hs.<\/p>\n<p style=\"text-align: left;\">Por la tarde: Lunes a Viernes de 16 a 19 horas.<\/p>\n<p style=\"text-align: left;\"><strong>Lugar:<\/strong>\u00a0Anexo del Colegio de Abogados, sito en calle 3 de Febrero 2743. Santa Fe.<\/p>\n<p style=\"text-align: left;\"><strong>Listado de Consultores<\/strong><\/p>\n<p><strong>Lunes<\/strong><\/p>\n<table width=\"384\">\n<tbody>\n<tr>\n<td width=\"159\"><strong>9 a 10:30 hs.<\/strong><\/td>\n<td width=\"225\"><\/td>\n<\/tr>\n<tr>\n<td width=\"159\"><\/td>\n<td width=\"225\">Arce Mar\u00eda Vanesa<br \/>\nRodriguez Josela<br \/>\nModina Aldana<\/td>\n<\/tr>\n<tr>\n<td width=\"159\">\u00a0<strong>16 a 17:30 hs<\/strong><\/td>\n<td width=\"225\"><\/td>\n<\/tr>\n<tr>\n<td width=\"159\"><\/td>\n<td width=\"225\">Borderaux Hern\u00e1n<br \/>\nBonino Cecilia<br \/>\nAvalos Eliana<\/td>\n<\/tr>\n<tr>\n<td width=\"159\"><\/td>\n<td width=\"225\"><\/td>\n<\/tr>\n<tr>\n<td width=\"159\"><strong>17.30 a 19 hs.<\/strong><\/td>\n<td width=\"225\"><\/td>\n<\/tr>\n<tr>\n<td width=\"159\"><\/td>\n<td width=\"225\">Manuela del Sastre<br \/>\nMarcela Carolina Pennisi<br \/>\nFlorencia Vergara<\/td>\n<\/tr>\n<\/tbody>\n<\/table>\n<p>&nbsp;<\/p>\n<p><strong>Martes<\/strong><\/p>\n<table width=\"384\">\n<tbody>\n<tr>\n<td width=\"159\"><strong>9 a 10:30 hs.<\/strong><\/td>\n<td width=\"225\"><\/td>\n<\/tr>\n<tr>\n<td width=\"159\"><\/td>\n<td width=\"225\">Mar\u00eda Jos\u00e9 Nichele<br \/>\nGustavo Adolfo Rodelli<br \/>\nMagdalena Almir\u00f3n<br \/>\nNatalia Carolina Filiaci<\/td>\n<\/tr>\n<tr>\n<td width=\"159\"><\/td>\n<td width=\"225\"><\/td>\n<\/tr>\n<tr>\n<td width=\"159\"><strong>16 a 17:30 hs.<\/strong><\/td>\n<td width=\"225\"><\/td>\n<\/tr>\n<tr>\n<td width=\"159\"><\/td>\n<td width=\"225\">Guadalupe Schenfeld<br \/>\nJesica Gabriela Beltrame<\/td>\n<\/tr>\n<tr>\n<td width=\"159\"><strong>17.30 a 19 hs.<\/strong><\/td>\n<td width=\"225\"><\/td>\n<\/tr>\n<tr>\n<td width=\"159\"><\/td>\n<td width=\"225\">Patricia Gabriela Pereyra<br \/>\nDiego Nicol\u00e1s Rossi<br \/>\nAgust\u00edn Fern\u00e1ndez<\/td>\n<\/tr>\n<tr>\n<td width=\"159\"><\/td>\n<td width=\"225\"><\/td>\n<\/tr>\n<\/tbody>\n<\/table>\n<p>&nbsp;<\/p>\n<p><strong>Mi\u00e9rcoles<\/strong><\/p>\n<table width=\"384\">\n<tbody>\n<tr>\n<td width=\"159\"><strong>9 a 10:30 hs.<\/strong><\/td>\n<td width=\"225\"><\/td>\n<\/tr>\n<tr>\n<td width=\"159\"><\/td>\n<td width=\"225\">Noelia Beatriz Crespi<br \/>\nLilian Zyalski<br \/>\nMar\u00eda Macarena Olivera<\/td>\n<\/tr>\n<tr>\n<td width=\"159\"><\/td>\n<td width=\"225\"><\/td>\n<\/tr>\n<tr>\n<td width=\"159\"><strong>16 a 17:30 hs.<\/strong><\/td>\n<td width=\"225\"><\/td>\n<\/tr>\n<tr>\n<td width=\"159\"><\/td>\n<td width=\"225\">Carla Guadalupe Mi\u00f1o<br \/>\nCecilia Fidalgo Mantovani<br \/>\nClaribel Kuhn<\/td>\n<\/tr>\n<tr>\n<td width=\"159\"><strong>17.30 a 19 hs.<\/strong><\/td>\n<td width=\"225\"><\/td>\n<\/tr>\n<tr>\n<td width=\"159\"><\/td>\n<td width=\"225\">Mar\u00eda Victoria Pintos<br \/>\nVer\u00f3nica Casanova<br \/>\nLuciana Yanina Nasimbera<br \/>\nLibia Francisca Von Wartburg<\/td>\n<\/tr>\n<tr>\n<td width=\"159\"><\/td>\n<td width=\"225\"><\/td>\n<\/tr>\n<\/tbody>\n<\/table>\n<p>&nbsp;<\/p>\n<p><strong>Jueves<\/strong><\/p>\n<table width=\"384\">\n<tbody>\n<tr>\n<td width=\"159\"><strong>16 a 17:30 hs.<\/strong><\/td>\n<td width=\"225\"><\/td>\n<\/tr>\n<tr>\n<td width=\"159\"><\/td>\n<td width=\"225\">Juan Cruz Rinaldi<br \/>\nMicaela Weibel Marquez<br \/>\nAgust\u00edn Santiago Niello<\/td>\n<\/tr>\n<tr>\n<td width=\"159\"><\/td>\n<td width=\"225\"><\/td>\n<\/tr>\n<tr>\n<td width=\"159\">\u00a0<strong>17:30 a 19 hs.<\/strong><\/td>\n<td width=\"225\"><\/td>\n<\/tr>\n<tr>\n<td width=\"159\"><\/td>\n<td width=\"225\">Marcelo Gardiol<br \/>\nAilen Redigonda<br \/>\nRoxana Loto Sanchez<\/td>\n<\/tr>\n<tr>\n<td width=\"159\"><\/td>\n<td width=\"225\"><\/td>\n<\/tr>\n<\/tbody>\n<\/table>\n<p>&nbsp;<\/p>\n<p><strong>Viernes<\/strong><\/p>\n<table width=\"384\">\n<tbody>\n<tr>\n<td width=\"159\"><strong>9 a 10:30 hs.<\/strong><\/td>\n<td width=\"225\"><\/td>\n<\/tr>\n<tr>\n<td width=\"159\"><\/td>\n<td width=\"225\">Sof\u00eda Cristina Lovato<br \/>\nAmelia Cristina Hernandez<br \/>\nAugusto Gammelgaard<br \/>\nCarla Gomez<\/td>\n<\/tr>\n<tr>\n<td width=\"159\"><strong>16 a 17:30 hs.<\/strong><\/td>\n<td width=\"225\"><\/td>\n<\/tr>\n<tr>\n<td width=\"159\"><\/td>\n<td width=\"225\">Exequiel Alejandro Arlotti<br \/>\nMauro Emilio Prgomet<br \/>\nMarcos Vigil<\/td>\n<\/tr>\n<tr>\n<td width=\"159\"><\/td>\n<td width=\"225\"><\/td>\n<\/tr>\n<tr>\n<td width=\"159\"><strong> 17:30 a 19 hs.<\/strong><\/td>\n<td width=\"225\"><\/td>\n<\/tr>\n<tr>\n<td width=\"159\"><\/td>\n<td width=\"225\">Rosana Ocampo<br \/>\nLorena Perez<br \/>\nCynthia Ver\u00f3nica Rossi<\/td>\n<\/tr>\n<tr>\n<td width=\"159\"><\/td>\n<td width=\"225\"><\/td>\n<\/tr>\n<\/tbody>\n<\/table>\n<p>&nbsp;<\/p>\n<div><strong>DELEGACI\u00d3N SAN JUSTO<\/strong><\/div>\n<p><strong>Martes<\/strong><\/p>\n<table width=\"384\">\n<tbody>\n<tr>\n<td width=\"159\"><strong>9 a 10 hs.<\/strong><\/td>\n<td width=\"225\">Roberto de la Cruz Romano Godoy<\/td>\n<\/tr>\n<\/tbody>\n<\/table>\n<p><strong>Mi\u00e9rcoles<\/strong><\/p>\n<table width=\"384\">\n<tbody>\n<tr>\n<td width=\"159\"><strong>16 a 17:30 hs.<\/strong><\/td>\n<td width=\"225\">Daniela Susana Rivas<\/td>\n<\/tr>\n<\/tbody>\n<\/table>\n<p>&nbsp;<\/p>\n<div><strong>DELEGACI\u00d3N ESPERANZA<\/strong><\/div>\n<p>Coordinadora: Natalia Galoppo<br \/>\n<strong>Jueves<\/strong><\/p>\n<table width=\"384\">\n<tbody>\n<tr>\n<td width=\"159\"><strong>9 a 10.30 hs.<\/strong><\/td>\n<td width=\"225\">Ver\u00f3nica Alejandra Asselborn<br \/>\nDaiana Hipelmayer<br \/>\nGabriela Lorenzatti<br \/>\nLuis Rodriguez<\/td>\n<\/tr>\n<tr>\n<td width=\"159\"><\/td>\n<td width=\"225\"><\/td>\n<\/tr>\n<tr>\n<td width=\"159\"><\/td>\n<td width=\"225\"><\/td>\n<\/tr>\n<\/tbody>\n<\/table>\n<p>&nbsp;<\/p>\n<\/div>\n\t\t<\/div>\n\t\t\t\t\t<\/div>\n\n\t\n<p>\u00daltima actualizaci\u00f3n: 10-05-2024<br \/>\n<strong>Competencia:<\/strong>\u00a0materias\u00a0 sin contenido patrimonial, generalmente cuestiones de familia, -patria potestad, adopci\u00f3n, tenencia de hijos, informaciones sumarias, alimentos, recursos judiciales y cartas de ciudadan\u00edas. Y, en ese orden de ideas, recibir\u00e1 una respuesta a su inquietud.-<strong>Colegio de Abogados de la Primera Circunscripci\u00f3n Judicial de Santa Fe<\/strong><div class=\"accordion-item\"><a href=\"#\" class=\"accordion-title plain\"><button class=\"toggle\"><i class=\"icon-angle-down\"><\/i><\/button><span>Reglamento interno Consultor\u00eda<\/span><\/a><div class=\"accordion-inner\">CONSULTORIO JURIDICO GRATUITO<br \/>\nReglamento internoArt\u00edculo 1\u00b0: Creaci\u00f3n: El Consultorio Jur\u00eddico Gratuito, fue creado de conformidad al art. 2 inc. h y cc. del Estatuto del Colegio de Abogados; art. 38 y cc. del Reglamento Interno; art. 291 y cc. dela Ley Org\u00e1nica del Poder Judicial (Ley 10.160 T.O), dependiendo del Directorio del Colegio de Abogados, para la atenci\u00f3n de consultas y\/o patrocinio de personas carentes de recursos, en las condiciones que establece el presente reglamento interno y dem\u00e1s disposiciones que regulan el ejercicio y\/o funcionamiento del consultorio.Art\u00edculo 2\u00b0: Beneficiarios: Sin perjuicio de lo dispuesto en el art. 145 de la LOPJ y de analizar cada caso en particular, ser\u00e1n beneficiarios del consultorio, las personas de escasos recursos y las que por causas jur\u00eddicas, econ\u00f3micas, fiscales y sociales est\u00e9n impedidas de acceder a la administraci\u00f3n de justicia.Art\u00edculo 3\u00b0: Condici\u00f3n. Determinaci\u00f3n: Para la determinaci\u00f3n de la condici\u00f3n de beneficiario, se deber\u00e1 acreditar la situaci\u00f3n a trav\u00e9s de declaraci\u00f3n jurada, recibo de remuneraciones, sumaria informaci\u00f3n, constancia de ANSES de no percibir beneficios y\/o cualquier medio fehaciente a criterio de las autoridades del consultorio. En caso de duda, se resolver\u00e1 previa consulta con el Coordinador y\/o Director del Consultorio Jur\u00eddico Gratuito y\/o al Directorio del Colegio de Abogados.Art\u00edculo 4\u00b0: Exclusi\u00f3n: No se podr\u00e1n evacuar consultas a quienes no hayan prestado la declaraci\u00f3n jurada correspondiente, como as\u00ed tampoco cuando de los dichos del solicitante o de las circunstancias del caso planteado, surgiera que posee capacidad econ\u00f3mica que lo excluye como beneficiario de los servicios que presta la consultor\u00eda.Art\u00edculo 5\u00b0: Declaraci\u00f3n jurada: La persona que requiera consulta y en su caso patrocinio, previamente deber\u00e1 prestar declaraci\u00f3n jurada en el formulario oficial y que<br \/>\nser\u00e1 debidamente archivado, donde debe constar:a) Nombre, apellido, tipo y n\u00famero de documento de identidad, domicilio real y laboral, estado civil, nacionalidad, ocupaci\u00f3n y tel\u00e9fono del consultante, objeto de la consulta y comentarios del consultor y otro dato de inter\u00e9s para el consultorio y a criterio del consultor;b) Situaci\u00f3n patrimonial y manifestaci\u00f3n de su impedimento de efectuar consulta o requerir patrocinio a alg\u00fan profesional de la matr\u00edcula, seg\u00fan formulario de condiciones;c) Importe de sus ingresos mensuales, acompa\u00f1ando la documental pertinente;d) Que al momento de la consulta y\/o patrocinio, no tiene abogado que se ocupe del caso;e) Fecha de atenci\u00f3n;f) Nombre del consultor y turno;g) Compromiso del consultante de asumir el pago de los gastos de inicio y aportes y,h) Compromiso del consultante de notificar cualquier cambio de situaci\u00f3n patrimonial.Art\u00edculo 6\u00b0: Casos: Se atender\u00e1n mediante consulta oral y evacuada por escrito, patrocinio y\/o representaci\u00f3n en juicio, los casos no patrimoniales, d\u00e1ndose preponderancia a asuntos civiles relativos a la minoridad en general (patria potestad, adopci\u00f3n, tutela, tenencia de hijos y r\u00e9gimen de visitas), informaciones sumarias, alimentos, recursos judiciales y cartas de ciudadan\u00eda.Art\u00edculo 7\u00b0: Honorarios. Aportes: El consultor, deber\u00e1 indicarle al consultante lo que en derecho corresponde y sus posibilidades f\u00e1cticas.El profesional interviniente no cobrar\u00e1 honorarios por su actuaci\u00f3n a favor del solicitante y en los casos que sea necesario, tramitar\u00e1 el incidente de litigar con beneficio de pobreza.Los consultantes deber\u00e1n hacerse cargo de los gastos y aportes que demande el juicio, que deber\u00e1n abonarse al consultor, contra entrega de recibo, quien deber\u00e1 rendir cuentas al coordinador del consultorio.En caso de declararse costas a cargo de la parte contraria, corresponder\u00e1 el cincuenta por ciento (50%) al consultor interviniente y el cincuenta por ciento (50%) restante al Colegio de Abogados, deducidos los aportes de ley.Art\u00edculo 8\u00b0: Consultores: El servicio ser\u00e1 prestado por profesionales con una antig\u00fcedad en la matr\u00edcula no mayor a diez (10) a\u00f1os que accedan a hacerlo voluntariamente, previa solicitud y aceptaci\u00f3n por el coordinador y sin perjuicio de la obligaci\u00f3n del art. 312 de la Ley Org\u00e1nica del Poder Judicial y art. 38 y cc. del Reglamento Interno del Colegio de Abogados.Adem\u00e1s de los consultores que atienden diariamente al p\u00fablico, el Consultorio Jur\u00eddico Gratuito contar\u00e1 con una n\u00f3mina de profesionales especializados designados por el Directorio, que constituyen los consultores de nivel superior, quienes eventualmente evacuar\u00e1n las consultas a trav\u00e9s del coordinador o director del Consultorio.Contar\u00e1 adem\u00e1s con una n\u00f3mina de consultores de turno, que intervendr\u00e1n en causas urgentes.Art\u00edculo 9\u00b0: Responsable: El Consultorio Jur\u00eddico Gratuito, estar\u00e1 a cargo de un miembro del Directorio del Colegio de Abogados de Santa Fe, asistido por un coordinador, designado por aquel. El Director y el coordinador durar\u00e1n en sus funciones dos (2) a\u00f1os y ser\u00e1n nombrados y removidos directamente por el Directorio del Colegio, pudiendo ser reelegidos por un per\u00edodo igual. Las funciones de las autoridades ser\u00e1n, el control del desarrollo y funcionamiento del consultorio, de acuerdo a las normas del presente reglamento y dem\u00e1s disposiciones legales aplicables.Art\u00edculo 10\u00b0: Director: Ser\u00e1n funciones del director las siguientes:a) Dar cumplimiento a las directivas emanadas del Directorio del Colegio de Abogados;b) Proponer al Directorio las reformas a los efectos de adecuar y perfeccionar el presente reglamento, actualiz\u00e1ndolo en la oportunidad que sea conveniente;c) Aplicar las sanciones y\/o medidas disciplinarias previstas por el presente reglamento, a los profesionales que habiendo asumido el desempe\u00f1o de funciones en el consultorio no las cumplan en debida forma, previo informe por escrito del coordinador;d) Elevar semestralmente, en el mes de julio y diciembre respectivamente, al Directorio del Colegio de Abogados, una memoria de la tarea realizada por el consultorio a su cargo y,e) Proponer al Directorio la celebraci\u00f3n de convenios con instituciones, a efectos de lograr el cumplimiento de los fines perseguidos por este reglamento.Art\u00edculo 11\u00b0: Coordinador: El coordinador tendr\u00e1 como funciones:a) Coordinar la labor de los abogados designados para la asistencia de los beneficiarios;b) Dictaminar y\/o resolver acerca de la condici\u00f3n de beneficiario de los consultantes, llevando el archivo de las consultas recibas;c) Supervisar la tramitaci\u00f3n de procesos judiciales y\/o administrativos, en los que tenga intervenci\u00f3n el consultorio, llevando el registro de las causas e,d) Informar al Director el desempe\u00f1o de los colegiados intervinientes y en su caso, aconsejar sobre la aplicaci\u00f3n de medidas y\/o sanciones disciplinarias<br \/>\nprevistas en el presente.Articulo 12\u00b0: Consultores. Mandato: Los profesionales interesados en formar parte del consultorio, presentar\u00e1n una nota al Director, solicitando su incorporaci\u00f3n al cuerpo de consultores. Igual procedimiento deber\u00e1n observar al retirarse de sus funciones, con una anticipaci\u00f3n de treinta (30) d\u00edas y efectiviz\u00e1ndose una vez aceptada la renuncia por el director. Los profesionales que integran el consultorio, desempe\u00f1ar\u00e1n sus funciones por un plazo que no exceder\u00e1 de cinco (5) a\u00f1os. Para el supuesto que el profesional saliente tenga a su cargo causas pendientes de resoluci\u00f3n, deber\u00e1 continuar con las mismas hasta su finalizaci\u00f3n.Art\u00edculo 13\u00b0: Propagana: Sin perjuicio de la menci\u00f3n que pudieran efectuar en su curriculum, a los fines acad\u00e9micos, profesionales, docentes y otros, los integrantes de la<br \/>\nconsultor\u00eda no podr\u00e1n hacer p\u00fablica menci\u00f3n de este car\u00e1cter, como medio de propaganda o para proporcionarse clientela o sugerir estudio jur\u00eddico a los consultantes.Art\u00edculo 14\u00b0: Patrocinio: En caso que el profesional interviniente considere necesario el patrocinio en proceso judicial, elevar\u00e1 a consideraci\u00f3n del coordinador la declaraci\u00f3n jurada con la documental requerida e incluyendo su opini\u00f3n profesional. Para el supuesto que por razones sobrevinientes, se perdiera la condici\u00f3n de beneficiario, cesar\u00e1 la intervenci\u00f3n del consultorio, salvo razones de orden procesal que aconsejen lo contrario.Art\u00edculo 15\u00b0: Notificaci\u00f3n: Para los casos en los que sea necesaria la intervenci\u00f3n personal del beneficiario, se lo citar\u00e1 por intermedio de la autoridad policial, notificaci\u00f3n postal y\/o el medio que se instrumente para la comunicaci\u00f3n fehaciente al interesado, a cuyos efectos se realizar\u00e1n las diligencias y\/o tr\u00e1mites pertinentes para su instrumentaci\u00f3n.Art\u00edculo 16\u00b0: Ausencia: Cuando medien razones de tipo profesional o personal, por las cuales el colegiado interviniente no puede concurrir a cumplir con sus funciones, deber\u00e1 comunicar tal circunstancia al coordinador, por cualquier medio, con veinticuatro (24) horas de antelaci\u00f3n.Art\u00edculo 17\u00b0: Suspensi\u00f3n: El Director podr\u00e1 suspender la gesti\u00f3n de los profesionales actuantes, cuando lo aconsejen razones de \u00edndole organizativa, previo informe del coordinador y dejando constancia en el libro llevado a tales efectos; o bien, mediando<br \/>\npetici\u00f3n fundada en razones profesionales o personales del consultor.Art\u00edculo 18\u00b0: Cese: Cesar\u00e1 la intervenci\u00f3n de los profesionales en el consultorio, por los siguientes motivos:a) Renuncia que deber\u00e1n presentar ante el Director del consultorio, debiendo el renunciante cumplir con sus obligaciones hasta que le sea notificada la aceptaci\u00f3n y,b) Expulsi\u00f3n, dispuesta por el Director ante el incumplimiento del Reglamento Interno del consultorio.Art\u00edculo 19\u00b0: Incumplimiento: Para los casos y\/o conductas de los colegiados intervinientes que, sin constituir falta grave impliquen incumplimiento de las normas del presente reglamento, el Director, previo informe del coordinador, podr\u00e1 disponer medidas acordes con la naturaleza y extensi\u00f3n del incumplimiento.-<\/div><\/div>\n<\/div>\n\t\t<\/div>\n\n\t\t\n<style>\n#section_930299703 {\n  padding-top: 0px;\n  padding-bottom: 0px;\n}\n<\/style>\n\t<\/section>\n\t\n","protected":false},"excerpt":{"rendered":"","protected":false},"author":2,"featured_media":0,"parent":0,"menu_order":0,"comment_status":"closed","ping_status":"closed","template":"","meta":[],"_links":{"self":[{"href":"https:\/\/www.casf.org.ar\/colegio\/wp-json\/wp\/v2\/pages\/375"}],"collection":[{"href":"https:\/\/www.casf.org.ar\/colegio\/wp-json\/wp\/v2\/pages"}],"about":[{"href":"https:\/\/www.casf.org.ar\/colegio\/wp-json\/wp\/v2\/types\/page"}],"author":[{"embeddable":true,"href":"https:\/\/www.casf.org.ar\/colegio\/wp-json\/wp\/v2\/users\/2"}],"replies":[{"embeddable":true,"href":"https:\/\/www.casf.org.ar\/colegio\/wp-json\/wp\/v2\/comments?post=375"}],"version-history":[{"count":62,"href":"https:\/\/www.casf.org.ar\/colegio\/wp-json\/wp\/v2\/pages\/375\/revisions"}],"predecessor-version":[{"id":23468,"href":"https:\/\/www.casf.org.ar\/colegio\/wp-json\/wp\/v2\/pages\/375\/revisions\/23468"}],"wp:attachment":[{"href":"https:\/\/www.casf.org.ar\/colegio\/wp-json\/wp\/v2\/media?parent=375"}],"curies":[{"name":"wp","href":"https:\/\/api.w.org\/{rel}","templated":true}]}}