{"id":354,"date":"2020-10-20T13:27:09","date_gmt":"2020-10-20T13:27:09","guid":{"rendered":"http:\/\/c1990348.ferozo.com\/?page_id=354"},"modified":"2023-09-26T08:05:40","modified_gmt":"2023-09-26T11:05:40","slug":"datos-de-facturacion-al-colegio-de-abogados","status":"publish","type":"page","link":"https:\/\/www.casf.org.ar\/colegio\/datos-de-facturacion-al-colegio-de-abogados\/","title":{"rendered":"Datos de Facturaci\u00f3n al Colegio de Abogados"},"content":{"rendered":"\t<section class=\"section\" id=\"section_559353690\">\n\t\t<div class=\"bg section-bg fill bg-fill  bg-loaded\" >\n\n\t\t\t\n\t\t\t\n\t\t\t\n\n\t\t<\/div>\n\n\t\t<div class=\"section-content relative\">\n\t\t\t\n<div class=\"container section-title-container\" ><h3 class=\"section-title section-title-center\"><b><\/b><span class=\"section-title-main\" >DATOS DE FACTURACI\u00d3N AL COLEGIO DE ABOGADOS<\/span><b><\/b><\/h3><\/div>\n<div class=\"row align-center\"  id=\"row-304764872\">\n\n\t<div id=\"col-1462202421\" class=\"col medium-11 small-12 large-11\"  >\n\t\t\t\t<div class=\"col-inner\"  >\n\t\t\t\n\t\t\t\n<p>Metodolog\u00eda que deber\u00e1n cumplimentar los Institutos para la Rendici\u00f3n de Gastos.<\/p>\n<p>La posterior rendici\u00f3n de los gastos, debe realizarse respetando la condici\u00f3n fiscal del Colegio tanto para los cursos y jornadas a desarrollarse en la instituci\u00f3n, como as\u00ed tambi\u00e9n para las plenarias de FACA.<\/p>\n<p><u><br \/>DATOS FISCALES PARA CONFECCION DE COMPROBANTES<\/u>:<\/p>\n<p><strong>COLEGIO DE ABOGADOS DE LA 1\u00aa CIRCUNSCRIPCION JUDICIAL DE SANTA FE<\/strong><\/p>\n<p><strong>CUIT: 30-66077604-0<\/strong><\/p>\n<p><strong>\u00a0RESPONSABLES INSCRIPTOS.<\/strong><\/p>\n<p>LOS COMPROBANTES EMITIDOS DEBERAN SER CLASE \u201cA\u201d O \u201cC\u201d, CON LOS DATOS ANTERIORES DEBIDAMENTE DETALLADOS.<\/p>\n<p>NOTA:<br \/>A PARTIR DEL 24\/07\/2019 NO SE ACEPTAN COMPROBANTES EN RENDICIONES O PARA REINTEGROS, QUE NO CUMPLAN CON LOS REQUISITOS ANTES MENCIONADOS,\u00a0<u>BAJO NING\u00daN CONCEPTO<\/u>.-<\/p>\n\t\t<\/div>\n\t\t\t\t\t<\/div>\n\n\t\n<\/div>\n\t\t<\/div>\n\n\t\t\n<style>\n#section_559353690 {\n  padding-top: 0px;\n  padding-bottom: 0px;\n}\n<\/style>\n\t<\/section>\n\t\n","protected":false},"excerpt":{"rendered":"","protected":false},"author":2,"featured_media":0,"parent":0,"menu_order":0,"comment_status":"closed","ping_status":"closed","template":"","meta":[],"_links":{"self":[{"href":"https:\/\/www.casf.org.ar\/colegio\/wp-json\/wp\/v2\/pages\/354"}],"collection":[{"href":"https:\/\/www.casf.org.ar\/colegio\/wp-json\/wp\/v2\/pages"}],"about":[{"href":"https:\/\/www.casf.org.ar\/colegio\/wp-json\/wp\/v2\/types\/page"}],"author":[{"embeddable":true,"href":"https:\/\/www.casf.org.ar\/colegio\/wp-json\/wp\/v2\/users\/2"}],"replies":[{"embeddable":true,"href":"https:\/\/www.casf.org.ar\/colegio\/wp-json\/wp\/v2\/comments?post=354"}],"version-history":[{"count":5,"href":"https:\/\/www.casf.org.ar\/colegio\/wp-json\/wp\/v2\/pages\/354\/revisions"}],"predecessor-version":[{"id":1653,"href":"https:\/\/www.casf.org.ar\/colegio\/wp-json\/wp\/v2\/pages\/354\/revisions\/1653"}],"wp:attachment":[{"href":"https:\/\/www.casf.org.ar\/colegio\/wp-json\/wp\/v2\/media?parent=354"}],"curies":[{"name":"wp","href":"https:\/\/api.w.org\/{rel}","templated":true}]}}