{"id":315,"date":"2020-10-20T13:15:38","date_gmt":"2020-10-20T13:15:38","guid":{"rendered":"http:\/\/c1990348.ferozo.com\/?page_id=315"},"modified":"2021-10-21T12:15:19","modified_gmt":"2021-10-21T15:15:19","slug":"servicios-a-matriculados","status":"publish","type":"page","link":"https:\/\/www.casf.org.ar\/colegio\/servicios-a-matriculados\/","title":{"rendered":"Servicios a Matriculados"},"content":{"rendered":"\t<section class=\"section\" id=\"section_1408234151\">\n\t\t<div class=\"bg section-bg fill bg-fill  bg-loaded\" >\n\n\t\t\t\n\t\t\t\n\t\t\t\n\n\t\t<\/div>\n\n\t\t<div class=\"section-content relative\">\n\t\t\t\n<div class=\"container section-title-container\" ><h3 class=\"section-title section-title-center\"><b><\/b><span class=\"section-title-main\" >Alquiler quincho<\/span><b><\/b><\/h3><\/div>\n<div class=\"row align-center\"  id=\"row-1733857648\">\n\n\t<div id=\"col-891953044\" class=\"col medium-11 small-12 large-11\"  >\n\t\t\t\t<div class=\"col-inner\"  >\n\t\t\t\n\t\t\t\n<p lang=\"es-ES\" align=\"justify\">El Colegio de Abogados informa que se encuentra disponible para alquiler el\u00a0<b>\u201cQUINCHO\u201d<\/b>\u00a0que nuestra entidad comparte con\u00a0<i>Caja Forense<\/i><i>\u00a0<\/i>y que se halla ubicado en la planta baja de la Casa del Foro.<\/p>\n<p lang=\"es-ES\" align=\"justify\">En tal sentido, los abogados interesados en utilizarlo que no est\u00e9n afiliados a Caja Forense podr\u00e1n hacerlo llenando el formulario\/nota tipo respectivo (que se encuentra adjunto), debiendo luego presentarlo en Secretar\u00eda Privada de Caja Forense, donde podr\u00e1n consultar disponibilidad de fechas.<\/p>\n<h4 lang=\"es-ES\" style=\"text-align: center;\" align=\"justify\"><\/h4>\n\t\t<\/div>\n\t\t\t\t\t<\/div>\n\n\t\n\n\t<div id=\"col-1884743858\" class=\"col small-12 large-12\"  >\n\t\t\t\t<div class=\"col-inner\"  >\n\t\t\t\n\t\t\t\n\n  \n    <div class=\"row large-columns-2 medium-columns- small-columns- row-xsmall\">\n          <div class=\"gallery-col col\" data-animate=\"fadeInRight\">\n          <div class=\"col-inner\">\n                        <div class=\"box has-hover gallery-box box-default\">\n              <div class=\"box-image box-shadow-2\" >\n                <img width=\"711\" height=\"400\" src=\"https:\/\/www.casf.org.ar\/colegio\/wp-content\/uploads\/2020\/12\/Allquiler-Quincho-exterior-I_web-711x400.jpg\" class=\"attachment-medium size-medium\" alt=\"\" decoding=\"async\" loading=\"lazy\" ids=\"615,616\" style=\"default\" lightbox=\"false\" col_spacing=\"xsmall\" columns=\"2\" depth=\"2\" animate=\"fadeInRight\" srcset=\"https:\/\/www.casf.org.ar\/colegio\/wp-content\/uploads\/2020\/12\/Allquiler-Quincho-exterior-I_web-711x400.jpg 711w, https:\/\/www.casf.org.ar\/colegio\/wp-content\/uploads\/2020\/12\/Allquiler-Quincho-exterior-I_web-768x432.jpg 768w, https:\/\/www.casf.org.ar\/colegio\/wp-content\/uploads\/2020\/12\/Allquiler-Quincho-exterior-I_web-600x338.jpg 600w, https:\/\/www.casf.org.ar\/colegio\/wp-content\/uploads\/2020\/12\/Allquiler-Quincho-exterior-I_web.jpg 800w\" sizes=\"(max-width: 711px) 100vw, 711px\" \/>                                                              <\/div>\n              <div class=\"box-text text-left\" >\n                 <p><\/p>\n              <\/div>\n            <\/div>\n                      <\/div>\n         <\/div>\n                 <div class=\"gallery-col col\" data-animate=\"fadeInRight\">\n          <div class=\"col-inner\">\n                        <div class=\"box has-hover gallery-box box-default\">\n              <div class=\"box-image box-shadow-2\" >\n                <img width=\"711\" height=\"400\" src=\"https:\/\/www.casf.org.ar\/colegio\/wp-content\/uploads\/2020\/12\/Alquiler-Quincho-interior-I_web-711x400.jpg\" class=\"attachment-medium size-medium\" alt=\"\" decoding=\"async\" loading=\"lazy\" ids=\"615,616\" style=\"default\" lightbox=\"false\" col_spacing=\"xsmall\" columns=\"2\" depth=\"2\" animate=\"fadeInRight\" srcset=\"https:\/\/www.casf.org.ar\/colegio\/wp-content\/uploads\/2020\/12\/Alquiler-Quincho-interior-I_web-711x400.jpg 711w, https:\/\/www.casf.org.ar\/colegio\/wp-content\/uploads\/2020\/12\/Alquiler-Quincho-interior-I_web-768x432.jpg 768w, https:\/\/www.casf.org.ar\/colegio\/wp-content\/uploads\/2020\/12\/Alquiler-Quincho-interior-I_web-600x338.jpg 600w, https:\/\/www.casf.org.ar\/colegio\/wp-content\/uploads\/2020\/12\/Alquiler-Quincho-interior-I_web.jpg 800w\" sizes=\"(max-width: 711px) 100vw, 711px\" \/>                                                              <\/div>\n              <div class=\"box-text text-left\" >\n                 <p><\/p>\n              <\/div>\n            <\/div>\n                      <\/div>\n         <\/div>\n         <\/div>\n\t\t<\/div>\n\t\t\t\t\t<\/div>\n\n\t\n\n\t<div id=\"col-28444501\" class=\"col small-12 large-12\"  >\n\t\t\t\t<div class=\"col-inner\"  >\n\t\t\t\n\t\t\t\n<div class=\"accordion\" rel=\"\">\n<div class=\"accordion-item\"><a href=\"#\" class=\"accordion-title plain\"><button class=\"toggle\"><i class=\"icon-angle-down\"><\/i><\/button><span>Ver requisitos<\/span><\/a><div class=\"accordion-inner\">\n<div class=\"row align-center\"  id=\"row-1533282770\">\n\n\t<div id=\"col-920476363\" class=\"col medium-10 small-12 large-10\"  >\n\t\t\t\t<div class=\"col-inner\"  >\n\t\t\t\n\t\t\t\n<p class=\"western\" align=\"justify\"><span lang=\"es-AR\"><u><b>Monto alquiler Matriculados<\/b><\/u><\/span><span lang=\"es-AR\">:\u00a0<\/span><span lang=\"es-AR\"><b>$&#8230;&#8230;<\/b><\/span><span lang=\"es-AR\"> +\u00a0<\/span><span lang=\"es-AR\"><b>$&#8230;&#8230;<\/b><\/span><span lang=\"es-AR\"> Garant\u00eda\u00a0<\/span><span lang=\"es-AR\"><b>($&#8230;&#8230;<\/b><\/span><span lang=\"es-AR\"> Total) (Consultar)<\/span><br \/>\nDepositar 100% al momento de hacer la reserva<\/p>\n<p class=\"western\" lang=\"es-ES\" align=\"justify\"><u><b>Devoluciones por:<\/b><\/u><br \/>\n<span lang=\"es-AR\"><u>Cancelaci\u00f3n de reservas:<\/u><\/span><b>\u00a0<\/b><span lang=\"es-AR\">Devoluci\u00f3n del 50% del dep\u00f3sito<br \/>\n<u>Dep\u00f3sito en garant\u00eda:<\/u><\/span><b>\u00a0<\/b><span lang=\"es-AR\">Devoluci\u00f3n a partir del mes siguiente a la celebraci\u00f3n, si no mediare retenci\u00f3n por incumplimiento de la reglamentaci\u00f3n de uso y\/o roturas de mamposter\u00eda.<\/span><\/p>\n<p class=\"western\" align=\"justify\"><u><b>Plazo de Reservas:<\/b><\/u><br \/>\nS\u00c1BADOS, DOMINGOS y FERIADOS: Hasta 3 meses de antelaci\u00f3n<br \/>\nDIAS DE SEMANA: Hasta 30 d\u00edas de antelaci\u00f3n<\/p>\n<p class=\"western\" lang=\"es-ES\" align=\"justify\"><span lang=\"es-AR\"><u><b>Capacidad<\/b><\/u><\/span><span lang=\"es-AR\">: Hasta 50 personas Aproximadamente<\/span><\/p>\n<p class=\"western\" lang=\"es-ES\" align=\"justify\"><span lang=\"es-AR\"><u><b>Equipamiento<\/b><\/u><\/span><span lang=\"es-AR\">: Asador, Cocina, Tablones y Caballetes, Sillas, Freezer, Aire Acondicionado, Calefacci\u00f3n, Ventilador de techo<\/span><\/p>\n<p class=\"western\" align=\"justify\"><b>Titular:<\/b><br \/>\n<span lang=\"es-AR\"><b>Cumplimentar solicitud de uso, informes y dep\u00f3sito en el d\u00eda<\/b><\/span><br \/>\n<b>No se entregan solicitudes<br \/>\nNo se toman reservas sin la cumplimentaci\u00f3n de todos los requisitos<br \/>\nNo se toman reservas telef\u00f3nicas<\/b><\/p>\n\t\t<\/div>\n\t\t\t\t\t<\/div>\n\n\t\n<\/div>\n<\/div><\/div>\n<\/div>\n\t\t<\/div>\n\t\t\t\t\n<style>\n#col-28444501 > .col-inner {\n  margin: 0px 0px -50px 0px;\n}\n<\/style>\n\t<\/div>\n\n\t\n<\/div>\n\t\t<\/div>\n\n\t\t\n<style>\n#section_1408234151 {\n  padding-top: 0px;\n  padding-bottom: 0px;\n}\n<\/style>\n\t<\/section>\n\t\n","protected":false},"excerpt":{"rendered":"","protected":false},"author":2,"featured_media":0,"parent":0,"menu_order":0,"comment_status":"closed","ping_status":"closed","template":"","meta":[],"_links":{"self":[{"href":"https:\/\/www.casf.org.ar\/colegio\/wp-json\/wp\/v2\/pages\/315"}],"collection":[{"href":"https:\/\/www.casf.org.ar\/colegio\/wp-json\/wp\/v2\/pages"}],"about":[{"href":"https:\/\/www.casf.org.ar\/colegio\/wp-json\/wp\/v2\/types\/page"}],"author":[{"embeddable":true,"href":"https:\/\/www.casf.org.ar\/colegio\/wp-json\/wp\/v2\/users\/2"}],"replies":[{"embeddable":true,"href":"https:\/\/www.casf.org.ar\/colegio\/wp-json\/wp\/v2\/comments?post=315"}],"version-history":[{"count":13,"href":"https:\/\/www.casf.org.ar\/colegio\/wp-json\/wp\/v2\/pages\/315\/revisions"}],"predecessor-version":[{"id":13346,"href":"https:\/\/www.casf.org.ar\/colegio\/wp-json\/wp\/v2\/pages\/315\/revisions\/13346"}],"wp:attachment":[{"href":"https:\/\/www.casf.org.ar\/colegio\/wp-json\/wp\/v2\/media?parent=315"}],"curies":[{"name":"wp","href":"https:\/\/api.w.org\/{rel}","templated":true}]}}