{"id":23696,"date":"2025-02-26T09:12:10","date_gmt":"2025-02-26T12:12:10","guid":{"rendered":"https:\/\/www.casf.org.ar\/colegio\/?page_id=23696"},"modified":"2026-03-26T16:19:30","modified_gmt":"2026-03-26T19:19:30","slug":"boletin-de-jurisprudencia-de-institutos-y-comisiones-del-cpasf","status":"publish","type":"page","link":"https:\/\/www.casf.org.ar\/colegio\/boletin-de-jurisprudencia-de-institutos-y-comisiones-del-cpasf\/","title":{"rendered":"Bolet\u00edn de Jurisprudencia de Institutos y Comisiones del CPASF"},"content":{"rendered":"\t<div id=\"gap-927300362\" class=\"gap-element clearfix\" style=\"display:block; height:auto;\">\n\t\t\n<style>\n#gap-927300362 {\n  padding-top: 30px;\n}\n<\/style>\n\t<\/div>\n\t\n<div class=\"row\"  id=\"row-1302060683\">\n\n\t<div id=\"col-1406439510\" class=\"col small-12 large-12\"  >\n\t\t\t\t<div class=\"col-inner text-center\"  >\n\t\t\t\n\t\t\t\n   <div id=\"text-box-1558793383\" class=\"text-box banner-layer x150 md-x150 lg-x150 y150 md-y150 lg-y150 res-text\">\n                     <div data-animate=\"flipInY\">           <div class=\"text-box-content text dark\">\n              \n              <div class=\"text-inner text-center\">\n                  \n\t<div id=\"text-706730874\" class=\"text\">\n\t\t\n<h3><span style=\"color: #800000;\"><strong>Bolet\u00edn de Jurisprudencia y Doctrina de Institutos y Comisiones del CPASF<\/strong><\/span><\/h3>\n\t\t\n<style>\n#text-706730874 {\n  text-align: center;\n  color: rgb(0,0,255);\n}\n#text-706730874 > * {\n  color: rgb(0,0,255);\n}\n<\/style>\n\t<\/div>\n\t\n              <\/div>\n           <\/div>\n       <\/div>                     \n<style>\n#text-box-1558793383 {\n  width: 85%;\n}\n#text-box-1558793383 .text-box-content {\n  font-size: 100%;\n}\n<\/style>\n    <\/div>\n \n\t\t<\/div>\n\t\t\t\t\n<style>\n#col-1406439510 > .col-inner {\n  padding: 6px 0px 0px 0px;\n}\n<\/style>\n\t<\/div>\n\n\t\n<\/div>\n\t<div id=\"gap-1990558009\" class=\"gap-element clearfix\" style=\"display:block; height:auto;\">\n\t\t\n<style>\n#gap-1990558009 {\n  padding-top: 30px;\n}\n<\/style>\n\t<\/div>\n\t\n<h3 class=\"accordion_title\">Bolet\u00edn de Jurisprudencia y Doctrina<\/h3><div class=\"accordion\" rel=\"\">\n<div class=\"accordion-item\"><a href=\"#\" class=\"accordion-title plain\"><button class=\"toggle\"><i class=\"icon-angle-down\"><\/i><\/button><span>General<\/span><\/a><div class=\"accordion-inner\">\n<p>&gt; Designaci\u00f3n de jueces y orden de m\u00e9rito. Fallo de la C\u00e1mara Contensioso Adminsitrativa de Rosario (<a href=\"https:\/\/drive.google.com\/drive\/folders\/1yeQDkXk2RVqnlIr7F9buk9PlZQpnz792?usp=sharing\" target=\"_blank\" rel=\"noopener\">Ver\/Descargar hacer click<\/a>)<\/p>\n<\/div><\/div>\n<div class=\"accordion-item\"><a href=\"#\" class=\"accordion-title plain\"><button class=\"toggle\"><i class=\"icon-angle-down\"><\/i><\/button><span>Instituto de Derecho Laboral<\/span><\/a><div class=\"accordion-inner\">\n<p>&gt; Qu\u00e9 est\u00e1 pasando con los Intereses de los Cr\u00e9ditos Laborales en Santa Fe (<a href=\"https:\/\/drive.google.com\/drive\/folders\/1xhYhEMZVqTQ6ENSLjuGdoK6PiDewogdJ?usp=sharing\" target=\"_blank\" rel=\"noopener\">Ver\/Descargar hacer click<\/a>)<\/p>\n<\/div><\/div>\n<div class=\"accordion-item\"><a href=\"#\" class=\"accordion-title plain\"><button class=\"toggle\"><i class=\"icon-angle-down\"><\/i><\/button><span>Instituto de Derecho Familia, Infantes y Adolescentes<\/span><\/a><div class=\"accordion-inner\">\n<blockquote><p>T,C. c. C,F s. Filiaci\u00f3n extramatrimonial y alimentos provisorios (<a href=\"https:\/\/drive.google.com\/file\/d\/1kqQKgKOmzXiKcwz5lo4hGbfQX-EQU5t6\/view?usp=drive_link\" target=\"_blank\" rel=\"noopener\">Ver\/Descargar hacer click<\/a>)<\/p>\n<p>S.M.A. C. M.,B.E Y M.R.A. S. Alimentos (<a href=\"https:\/\/drive.google.com\/file\/d\/1bKWqxBlMw5yG1Xz3QOOaR-I1GS3Dt5Jv\/view?usp=drive_link\" target=\"_blank\" rel=\"noopener\">Ver\/Descargar hacer click<\/a>)<\/p>\n<p>V,E.D. c. F.N. s. INCIDENTE DE REDUCCI\u00d3N DE CUOTA ALIMENTARIA (<a href=\"https:\/\/drive.google.com\/file\/d\/1_lCQuWa_dvg3aGA1oAj05drERUrgwLqS\/view?usp=drive_link\" target=\"_blank\" rel=\"noopener\">Ver\/Descargar hacer click<\/a>)<\/p>\n<p>SDNAF Y OTROS c. O.,A.F. s. Resoluci\u00f3n Definitiva de la Medida de Protecci\u00f3n Exc y control de legalidad (<a href=\"https:\/\/drive.google.com\/file\/d\/1GTaKRbdxzhfC8kzVJ9nQUDMouyek1Cka\/view?usp=drive_link\" target=\"_blank\" rel=\"noopener\">Ver\/Descargar hacer click<\/a>)<\/p>\n<p>D.E.M. c S.M. caducidad de instancia. Proceso de filiacion NNA. Juez Dr. Della Siega (<a href=\"https:\/\/drive.google.com\/file\/d\/1i048mP4Lm7VwdyQwOE3X3yPAZ-s6TWCx\/view?usp=drive_link\" target=\"_blank\" rel=\"noopener\">Ver\/Descargar hacer click<\/a>)<\/p>\n<p>P., N.R. y B., J.M. S. Homlogaciones de acuerdos Dra. Marisa Malvestiti (<a href=\"https:\/\/drive.google.com\/file\/d\/1X6onbPLACwQaG3tGbvXNU4AyduZOVl8O\/view?usp=drive_link\" target=\"_blank\" rel=\"noopener\">Ver\/Descargar hacer click<\/a>)<\/p>\n<p>G. N. G. c. G. S. C. s. R\u00e9gimen de Comunicaci\u00f3n Provisorio (<a href=\"https:\/\/drive.google.com\/file\/d\/1WAKusIJ7Vd9jaO9LlR6_euh0ADLywmx0\/view?usp=drive_link\" target=\"_blank\" rel=\"noopener\">Ver\/Descargar hacer click<\/a>)<\/p>\n<p>O.,M.L. y OTROS s. GUARDA JUDICIAL (<a href=\"https:\/\/drive.google.com\/file\/d\/1MA1On9-c9hgyysHebYiVqrYX5qyfUaTe\/view?usp=drive_link\" target=\"_blank\" rel=\"noopener\">Ver\/Descargar hacer click<\/a>)<\/p>\n<p>B., N. J. contra C., H. S. sobre Alimentos -Tribunal Colegiado de Familia N\u00ba 5 de Santa Fe 2.024 (<a href=\"https:\/\/drive.google.com\/file\/d\/1KiSL9gnL93LPO0_DQ0jZhw8UoNmlsyv-\/view?usp=drive_link\" target=\"_blank\" rel=\"noopener\">Ver\/Descargar hacer click<\/a>)<\/p>\n<p>fallo Alimentos, litis expensas, tenencia y r\u00e9gimen de visitas &#8211; anonimizado &#8211; jueza Herz- (<a href=\"https:\/\/drive.google.com\/file\/d\/1DJwvbuC2b6NL6d7nqnTqh70UO1TjMPje\/view?usp=drive_link\" target=\"_blank\" rel=\"noopener\">Ver\/Descargar hacer click<\/a>)<\/p>\n<p>L, A.S. y F., L.R. s. HOMOLOGACI\u00d3N JUDICIAL DE CONVENIO (<a href=\"https:\/\/drive.google.com\/file\/d\/17JPLj50EFvpGTzBDD0PEiTxHLhy9SnOK\/view?usp=drive_link\" target=\"_blank\" rel=\"noopener\">Ver\/Descargar hacer click<\/a>)<\/p>\n<p>C.Y.P. c V.L.S. Alimentos, litis expensas, tenencia y r\u00e9gimen de visitas Dra Herz (<a href=\"https:\/\/drive.google.com\/file\/d\/16-vwxOd2eKq00YbcI8rpvjILOAviRjy6\/view?usp=drive_link\" target=\"_blank\" rel=\"noopener\">Ver\/Descargar hacer click<\/a>)<\/p>\n<p>L.,F.A. c. C.,J.M.S. s. ALIMENTOS (<a href=\"https:\/\/drive.google.com\/file\/d\/15W83QwIwt4s2qPrW5e-eqVSHWNnMX_3B\/view?usp=drive_link\" target=\"_blank\" rel=\"noopener\">Ver\/Descargar hacer click<\/a>)<\/p>\n<p>P. A.R. Y OTROS S. VENIA JUDICIAL (<a href=\"https:\/\/drive.google.com\/file\/d\/11hhS7wf6qKR73MJg9qXAUo75F5Ye6FzD\/view?usp=drive_link\" target=\"_blank\" rel=\"noopener\">Ver\/Descargar hacer click<\/a>)<\/p><\/blockquote>\n<p>&nbsp;<\/p>\n<\/div><\/div>\n<div class=\"accordion-item\"><a href=\"#\" class=\"accordion-title plain\"><button class=\"toggle\"><i class=\"icon-angle-down\"><\/i><\/button><span>Comisi\u00f3n de Abogac\u00eda J\u00f3ven<\/span><\/a><div class=\"accordion-inner\">\n<blockquote><p>L\u00edmite a los actos discrecionales de gobierno. Analisis fallo Giordano c\/ Pcia. Santa Fe (<a href=\"https:\/\/drive.google.com\/file\/d\/1inA7uhrmvTfXdN8TxlqW9OZzjSmGpR-3\/view?usp=drive_link\" target=\"_blank\" rel=\"noopener\">Ver\/Descargar hacer click<\/a>)<\/p>\n<p>Medidas razonables aplicables al deudor alimentario (<a href=\"https:\/\/drive.google.com\/file\/d\/1BpEgvRQ_DAyjoONl4hUW2asgYhEtPgYn\/view?usp=sharing\" target=\"_blank\" rel=\"noopener\">Ver\/Descargar hacer click<\/a>)<\/p>\n<p>Universales pero inaccesibles: la paradoja de los Derechos Humanos (<a href=\"https:\/\/drive.google.com\/file\/d\/1_0R-rQnfmviELM7HGbv3zmLZgw5NoaeJ\/view?usp=sharing\" target=\"_blank\" rel=\"noopener\">Ver\/Descargar hacer click<\/a>)<\/p>\n<p>La Baja Edad de Imputabilidad Penal: Crisis del Sistema Penal de la Minoridad (<a href=\"https:\/\/drive.google.com\/file\/d\/1exW_eZ84faySIGEXdPUGJ-gneUpWKKUZ\/view?usp=sharing\" target=\"_blank\" rel=\"noopener\">Ver\/Descargar hacer click<\/a>)<\/p><\/blockquote>\n<p>&nbsp;<\/p>\n<\/div><\/div>\n<\/div>\n","protected":false},"excerpt":{"rendered":"","protected":false},"author":11,"featured_media":0,"parent":0,"menu_order":0,"comment_status":"closed","ping_status":"closed","template":"","meta":[],"_links":{"self":[{"href":"https:\/\/www.casf.org.ar\/colegio\/wp-json\/wp\/v2\/pages\/23696"}],"collection":[{"href":"https:\/\/www.casf.org.ar\/colegio\/wp-json\/wp\/v2\/pages"}],"about":[{"href":"https:\/\/www.casf.org.ar\/colegio\/wp-json\/wp\/v2\/types\/page"}],"author":[{"embeddable":true,"href":"https:\/\/www.casf.org.ar\/colegio\/wp-json\/wp\/v2\/users\/11"}],"replies":[{"embeddable":true,"href":"https:\/\/www.casf.org.ar\/colegio\/wp-json\/wp\/v2\/comments?post=23696"}],"version-history":[{"count":24,"href":"https:\/\/www.casf.org.ar\/colegio\/wp-json\/wp\/v2\/pages\/23696\/revisions"}],"predecessor-version":[{"id":29646,"href":"https:\/\/www.casf.org.ar\/colegio\/wp-json\/wp\/v2\/pages\/23696\/revisions\/29646"}],"wp:attachment":[{"href":"https:\/\/www.casf.org.ar\/colegio\/wp-json\/wp\/v2\/media?parent=23696"}],"curies":[{"name":"wp","href":"https:\/\/api.w.org\/{rel}","templated":true}]}}