{"id":2053,"date":"2021-08-22T18:42:30","date_gmt":"2021-08-22T18:42:30","guid":{"rendered":"http:\/\/c1990348.ferozo.com\/?page_id=2053"},"modified":"2026-01-12T09:28:03","modified_gmt":"2026-01-12T12:28:03","slug":"tesoreria-2","status":"publish","type":"page","link":"https:\/\/www.casf.org.ar\/colegio\/tesoreria-2\/","title":{"rendered":"Tesorer\u00eda"},"content":{"rendered":"\t<section class=\"section\" id=\"section_1061601600\">\n\t\t<div class=\"bg section-bg fill bg-fill  bg-loaded\" >\n\n\t\t\t\n\t\t\t\n\t\t\t\n\n\t\t<\/div>\n\n\t\t<div class=\"section-content relative\">\n\t\t\t\n\n\t\t<div class=\"tabbed-content\">\n\t\t\t<h4 class=\"uppercase text-left\">Tesorer\u00eda<\/h4>\n\t\t\t<ul class=\"nav nav-tabs nav-uppercase nav-size-normal nav-left\"><li class=\"tab active has-icon\"><a href=\"#tab_contacto\"><span>Contacto<\/span><\/a><\/li>\n<li class=\"tab has-icon\"><a href=\"#tab_aranceles\"><span>Aranceles<\/span><\/a><\/li>\n<li class=\"tab has-icon\"><a href=\"#tab_formas-de-pago\"><span>Formas de Pago<\/span><\/a><\/li><\/ul><div class=\"tab-panels\"><div class=\"panel active entry-content\" id=\"tab_contacto\">\n<dl class=\"sc-accordions\">\n<dd class=\"sc-accordion-pane\"><strong>Domicilio:<\/strong> Edificio \u00abAnexo CASF\u00bb. 3 de Febrero 2743 Planta Baja (3000) \u2013 SANTA FE<br \/>\n<strong>Tel\u00e9fono:<\/strong> (0342) \u2013 4592700 int. 117 \u2013 118<br \/>\n<strong>Mail:<\/strong> cobranzas@casf.org.ar \/ tesoreria2@casf.org.ar<br \/>\n<strong>Horario de atenci\u00f3n: <\/strong>Lunes a Jueves de 07.30 hs. a 16.30 hs.<br \/>\nViernes de 07.30 hs a 16.00 hs<\/dd>\n<\/dl>\n<\/div>\n<div class=\"panel entry-content\" id=\"tab_aranceles\">\n<p><strong>Cuota ordinaria mensual A\u00f1o 2026<\/strong><\/p>\n<ul class=\"sc-accordions\">\n<li><strong>Cuota ordinaria mensual A\u00f1o 2026<\/strong><br \/>\n<table>\n<tbody>\n<tr>\n<td width=\"194\"><\/td>\n<td width=\"194\">Matr\u00edculas desde 5 a\u00f1os<\/td>\n<td width=\"194\">Matr\u00edculas hasta 5 a\u00f1os<\/td>\n<\/tr>\n<tr>\n<td width=\"194\">Valor Actual<\/td>\n<td width=\"194\">$22.000<\/td>\n<td width=\"194\">$11.000<\/td>\n<\/tr>\n<tr>\n<td width=\"194\"><\/td>\n<td width=\"194\"><\/td>\n<td width=\"194\"><\/td>\n<\/tr>\n<tr>\n<td width=\"194\"><\/td>\n<td width=\"194\"><\/td>\n<td width=\"194\"><\/td>\n<\/tr>\n<tr>\n<td width=\"194\"><\/td>\n<td width=\"194\"><\/td>\n<td width=\"194\"><\/td>\n<\/tr>\n<\/tbody>\n<\/table>\n<ul>\n<li><strong>Cuota Anual A\u00f1o 2026<\/strong><br \/>\nPago Anual de cuota por matr\u00edcula hasta el 15 de febrero de 2026: $ 220000.-<\/li>\n<li>-Matriculados con domicilio real en otra provincia: Pago bienal del valor cuota ordinaria matriculados con m\u00e1s de cinco a\u00f1os.-<\/li>\n<\/ul>\n<\/li>\n<\/ul>\n<p><strong>\u00a0<\/strong><\/p>\n<ul class=\"sc-accordions\">\n<li style=\"list-style-type: none;\"><\/li>\n<\/ul>\n<p><strong>Inscripci\u00f3n en la Matr\u00edcula:<\/strong><\/p>\n<ul>\n<li>-Arancel para matricularse abogados con domicilio real en la Primera Circunscripci\u00f3n Judicial: 3 unidades JUS.<\/li>\n<li>-Sellado del Nuevo Banco de Santa Fe para abogados con domicilio real en la Primera Circ. Judicial: 14 1\/1000 de 3 unidades JUS.<\/li>\n<li>-Arancel para matricularse para abogados con domicilio real en otra provincia: 9 unidades JUS.<\/li>\n<li>-Sellado del Nuevo Banco de Santa Fe para abogados con domicilio real en otra provincia: 14 1\/1000 de 9 unidades JUS.<\/li>\n<li>-Credencial profesional : $2500-.<\/li>\n<\/ul>\n<p>&nbsp;<\/p>\n<p><strong>Rehabilitaci\u00f3n de la Matr\u00edcula:<\/strong><\/p>\n<ul>\n<li>-Arancel para rehabilitar la matr\u00edcula para abogados con domicilio real en la Primera Circunscripci\u00f3n Judicial: 1,5 unidades JUS.<\/li>\n<li>-Arancel para rehabilitar la matr\u00edcula para abogados con domicilio real en otra provincia: 4,5 unidades JUS.<\/li>\n<\/ul>\n<p>&nbsp;<\/p>\n<p><strong>Rehabilitaci\u00f3n de la Matr\u00edcula suspendida por falta de pago:<\/strong><\/p>\n<table width=\"571\">\n<tbody>\n<tr>\n<td width=\"194\">Deudas por cuota de matr\u00edcula<\/td>\n<td width=\"194\">Arancel para rehabilitar la matr\u00edcula<\/td>\n<\/tr>\n<tr>\n<td width=\"194\">Menor o igual a 1 IUS<\/td>\n<td width=\"194\">0,25 IUS<\/td>\n<\/tr>\n<tr>\n<td width=\"194\">M\u00e1s de 1 IUS y menor a 1,50 IUS<\/td>\n<td width=\"194\">0,50 IUS<\/td>\n<\/tr>\n<tr>\n<td width=\"194\">M\u00e1s de 1,50<\/td>\n<td width=\"194\">1,50 IUS<\/td>\n<\/tr>\n<\/tbody>\n<\/table>\n<\/div>\n<div class=\"panel entry-content\" id=\"tab_formas-de-pago\">\n<p><strong>Formas de pago<\/strong><\/p>\n<dl class=\"sc-accordions\">\n<dd class=\"sc-accordion-pane\">\n<ul>\n<li><strong>HomeBanking:<\/strong><br \/>\nA trav\u00e9s de la Red Link o Banelco\u00a0<a href=\"https:\/\/www.casf.org.ar\/colegio\/mi-codigo-de-pago-link\/\">Conocer mi c\u00f3digo de pago Link<\/a><\/li>\n<li><strong>Boleta de Pago en Santa Fe Servicios:<br \/>\n<\/strong>Descargando boleta de pago del mes en curso en Sistema de Gesti\u00f3n Online\u00a0<a href=\"http:\/\/sgo-casf.online\/login.php\">Descargar Boleta de pago<\/a><\/li>\n<li><strong>Personalmente en Mesa de Entradas del Colegio con los siguientes medios de pago:<br \/>\n<\/strong>\u2013 Efectivo<br \/>\n\u2013 Tarjeta de d\u00e9bito \/ cr\u00e9dito<strong><br \/>\n<\/strong><\/li>\n<li><strong>Transferencia bancaria:<br \/>\n<\/strong>Cuenta Corriente Nuevo Banco de Santa Fe Sucursal Tribunales 505 001 50\/04<br \/>\nCBU 3300505615050000050040<br \/>\nCUIT 30-66077604-0<br \/>\nPosteriormente enviar comprobante de la operaci\u00f3n a cobranzas@casf.org.ar.<\/li>\n<li><strong>D\u00e9bito autom\u00e1tico en cuenta bancaria:<br \/>\n<\/strong>Se realiza la adhesi\u00f3n a trav\u00e9s del Sistema de Gesti\u00f3n Online, debiendo subir a la plataforma imagen de frente del DNI y constancia de CBU extra\u00edda a trav\u00e9s de HomeBanking<strong>.<br \/>\n<\/strong>\u00a0\u00a0\u00a0<strong>Requisitos<\/strong>:\u00a0Estar al d\u00eda con las cuotas de matr\u00edcula.<\/li>\n<li><strong>D\u00e9bito Autom\u00e1tico en Tarjeta de Cr\u00e9dito Visa:<\/strong><strong><br \/>\n<\/strong>Se realiza la adhesi\u00f3n a trav\u00e9s del Sistema de Gesti\u00f3n OnLine, debiendo subir a la plataforma imagen de frente del DNI e imagen de frente de la tarjeta.<strong><br \/>\n<\/strong>\u00a0\u00a0<strong>Requisitos<\/strong>:\u00a0Estar al d\u00eda con las cuotas de matr\u00edcula.<\/li>\n<li><b>Telef\u00f3nicamente\u00a0con Tarjeta de Cr\u00e9dito:<\/b><br \/>\nEnviando correo electr\u00f3nico a pagostelefonicos@casf.org.ar, detallando importe que desea abonar, n\u00famero de tarjeta y tel\u00e9fono de contacto para solicitar el resto de los datos necesarios para realizar la operaci\u00f3n.<\/li>\n<li><strong>Personalmente en Delegaciones.<\/strong><\/li>\n<\/ul>\n<p>\u2013Esperanza<br \/>\nSan Mart\u00edn 2258<br \/>\nTel: (03496) 42-6736<\/p>\n<p>&nbsp;<\/p>\n<p>\u2013San Jorge<br \/>\nDorrego 1157<br \/>\nTel: (03406) 44-3125<\/p>\n<p>&nbsp;<\/p>\n<p>\u2013San Justo<br \/>\nIndependencia 2638<br \/>\nTel: (03498) 42-1097<\/p>\n<p>&nbsp;<\/p>\n<p>\u2013San Javier<br \/>\n25 de Mayo 905<br \/>\nTel: (03405) 42-4435<\/dd>\n<\/dl>\n<\/div><\/div><\/div>\n\t\t<\/div>\n\n\t\t\n<style>\n#section_1061601600 {\n  padding-top: 30px;\n  padding-bottom: 30px;\n}\n<\/style>\n\t<\/section>\n\t\n","protected":false},"excerpt":{"rendered":"","protected":false},"author":2,"featured_media":0,"parent":0,"menu_order":0,"comment_status":"closed","ping_status":"closed","template":"","meta":[],"_links":{"self":[{"href":"https:\/\/www.casf.org.ar\/colegio\/wp-json\/wp\/v2\/pages\/2053"}],"collection":[{"href":"https:\/\/www.casf.org.ar\/colegio\/wp-json\/wp\/v2\/pages"}],"about":[{"href":"https:\/\/www.casf.org.ar\/colegio\/wp-json\/wp\/v2\/types\/page"}],"author":[{"embeddable":true,"href":"https:\/\/www.casf.org.ar\/colegio\/wp-json\/wp\/v2\/users\/2"}],"replies":[{"embeddable":true,"href":"https:\/\/www.casf.org.ar\/colegio\/wp-json\/wp\/v2\/comments?post=2053"}],"version-history":[{"count":31,"href":"https:\/\/www.casf.org.ar\/colegio\/wp-json\/wp\/v2\/pages\/2053\/revisions"}],"predecessor-version":[{"id":27612,"href":"https:\/\/www.casf.org.ar\/colegio\/wp-json\/wp\/v2\/pages\/2053\/revisions\/27612"}],"wp:attachment":[{"href":"https:\/\/www.casf.org.ar\/colegio\/wp-json\/wp\/v2\/media?parent=2053"}],"curies":[{"name":"wp","href":"https:\/\/api.w.org\/{rel}","templated":true}]}}