{"id":1835,"date":"2021-08-04T15:54:38","date_gmt":"2021-08-04T15:54:38","guid":{"rendered":"http:\/\/c1990348.ferozo.com\/?page_id=1835"},"modified":"2026-03-17T10:16:01","modified_gmt":"2026-03-17T13:16:01","slug":"registro-general-de-la-propiedad","status":"publish","type":"page","link":"https:\/\/www.casf.org.ar\/colegio\/registro-general-de-la-propiedad\/","title":{"rendered":"Registro general de la propiedad"},"content":{"rendered":"\t<section class=\"section\" id=\"section_1237699667\">\n\t\t<div class=\"bg section-bg fill bg-fill  bg-loaded\" >\n\n\t\t\t\n\t\t\t\n\t\t\t\n\n\t\t<\/div>\n\n\t\t<div class=\"section-content relative\">\n\t\t\t\n<div class=\"row align-center\"  id=\"row-1850278747\">\n\n\t<div id=\"col-1508195538\" class=\"col small-12 large-12\"  >\n\t\t\t\t<div class=\"col-inner\"  >\n\t\t\t\n\t\t\t\n<div class=\"container section-title-container\" ><h3 class=\"section-title section-title-center\"><b><\/b><span class=\"section-title-main\" >registro general de la propiedad<\/span><b><\/b><\/h3><\/div>\n\t<div id=\"text-1835397279\" class=\"text\">\n\t\t\n<p style=\"background-color: #064068; font-size: 120%;\">El sistema es autogesti\u00f3n. Luego de enviar el formulario de adhesi\u00f3n debe aguardar de 24 a 48 hs la validaci\u00f3n del usuario. Pasado el plazo puede ingresar con el USUARIO y CLAVE elegidos.<br \/>\n<a href=\"https:\/\/www.santafe.gov.ar\/tramites\/formelectronico\/login\" target=\"_blank\" rel=\"noopener\"><strong><span style=\"color: #333399; background-color: #ffffff;\">Enlace para acceder o registrarse al sistema<\/span><\/strong><\/a><\/p>\n\t\t\n<style>\n#text-1835397279 {\n  text-align: center;\n  color: rgb(255, 255, 255);\n}\n#text-1835397279 > * {\n  color: rgb(255, 255, 255);\n}\n<\/style>\n\t<\/div>\n\t\n\t\t<\/div>\n\t\t\t\t\t<\/div>\n\n\t\n\n\t<div id=\"col-427672144\" class=\"col medium-10 small-12 large-10\"  >\n\t\t\t\t<div class=\"col-inner\"  >\n\t\t\t\n\t\t\t\n<div class=\"accordion\" rel=\"\">\n<div class=\"accordion-item\"><a href=\"#\" class=\"accordion-title plain\"><button class=\"toggle\"><i class=\"icon-angle-down\"><\/i><\/button><span>Nueva herramienta electr\u00f3nica para los Colegas<\/span><\/a><div class=\"accordion-inner\">\n<p>\u2705 Ya se encuentra habilitada la solicitud electr\u00f3nica de certificados registrales a trav\u00e9s de la plataforma ID Ciudadana de la Provincia de Santa Fe.<\/p>\n<p>\u2705 Este nuevo servicio se incorpora a los tr\u00e1mites digitales ya disponibles de Fotocopias electr\u00f3nicas en el acto,<\/p>\n<p>\u2705 Acompa\u00f1amos los instructivos para crear el usuario y operar dentro de la plataforma, junto con la DTRC que regula su implementaci\u00f3n, para facilitar el acceso de todos los matriculados a esta nueva herramienta.<\/p>\n<p><strong>DTR &#8211; 9\/2025<\/strong> &#8211; <a href=\"https:\/\/drive.google.com\/file\/d\/1jQeNOqDSJR0NQPULnRxLsQDDOVRbf8NE\/view?usp=drive_link\" target=\"_blank\" rel=\"noopener\">Consult\u00e1 haciendo click aqu\u00ed la DTR que instruye esta nueva modalidad<\/a><\/p>\n<p><strong>Manual del usuario<\/strong> &#8211; <a href=\"https:\/\/drive.google.com\/file\/d\/1aqfyN1wMDTNagg_0qcdRU6JRpdSixmJO\/view?usp=drive_link\" target=\"_blank\" rel=\"noopener\">Consult\u00e1 haciendo click aqu\u00ed el MANUAL que instruye esta nueva modalidad<\/a><\/p>\n<\/div><\/div>\n<div class=\"accordion-item\"><a href=\"#\" class=\"accordion-title plain\"><button class=\"toggle\"><i class=\"icon-angle-down\"><\/i><\/button><span>Registro de Personas Jur\u00eddicas, Empresas y Contratos<\/span><\/a><div class=\"accordion-inner\">\n<p>\u2705 Compartimos la reglamentaci\u00f3n de los procedimientos para realizar tr\u00e1mites ante el nuevo organismo.<\/p>\n<p>Se recuerda que el Colegio instar\u00e1 charlas abiertas virtuales el pr\u00f3ximo a\u00f1o, como realiz\u00f3 en el presente a\u00f1o con las autoridades del RPJEYC, para continuar facilitando la adaptaci\u00f3n de nuestros matriculados a esta nueva modalidad de trabajo en el ejercicio profesional.<\/p>\n<p><a href=\"https:\/\/drive.google.com\/file\/d\/1piwl-bdqQkiEa757AziTmQfE_vzwG6gu\/view?usp=drive_link\" target=\"_blank\" rel=\"noopener\">RES-2025-00000001-APPSF-PE#MGeIP#RPJEC-SGRP-MGeIP-1<\/a><\/p>\n<p><a href=\"https:\/\/drive.google.com\/file\/d\/1Wp4q_fwxvCRWyPG7C4vLxAWaaiyL3Cya\/view?usp=drive_link\" target=\"_blank\" rel=\"noopener\">DO-2025-00017146-APPSF-PE#MGeIP-1<\/a><\/p>\n<p><a href=\"https:\/\/www.santafe.gov.ar\/index.php\/web\/content\/view\/full\/237328\/\" target=\"_blank\" rel=\"noopener\">Registro de Personas Jur\u00eddicas, Empresas y Contratos (RPJEC)<\/a><\/p>\n<\/div><\/div>\n<div class=\"accordion-item\"><a href=\"#\" class=\"accordion-title plain\"><button class=\"toggle\"><i class=\"icon-angle-down\"><\/i><\/button><span>Nuevo Sistema de descarga al Instante del extracto de Dominio en el Registro General<\/span><\/a><div class=\"accordion-inner\">\n<p>\u2705 Se realiza a trav\u00e9s de la plataforma ID Ciudadana (la que se utiliza para pedir partidas del Registro Civil).<\/p>\n<p>\u2705 Necesitas tambi\u00e9n estar registrado para acceder al sistema de formularios electr\u00f3nicos.<\/p>\n<p>\u2705 Sino tenes usuario REG\u00cdSTRATE:<br \/>\n<a href=\"https:\/\/www.santafe.gov.ar\/tramites\/formelectronico\/login\" target=\"_blank\" rel=\"noopener\">https:\/\/www.santafe.gov.ar\/tramites\/formelectronico\/login<\/a><\/p>\n<p>\u2705 Ya tenes usuario o te registraste siga las <a href=\"https:\/\/drive.google.com\/file\/d\/1144e7MbecqzxNdgSFrABdk24XP_d8rOW\/view?usp=sharing\" target=\"_blank\" rel=\"noopener\">instrucciones del siguiente flyer<\/a><\/p>\n<p><strong>DTR &#8211; 4\/2025<\/strong> &#8211; <a href=\"https:\/\/drive.google.com\/file\/d\/1zlxJ6UJEb2BxGRIj1LZjnWNbv5oLAfRq\/view?usp=sharing\" target=\"_blank\" rel=\"noopener\">Consult\u00e1 haciendo click aqu\u00ed la DTR que instruye esta nueva modalidad<\/a><\/p>\n<\/div><\/div>\n<\/div>\n\t<div id=\"gap-694382814\" class=\"gap-element clearfix\" style=\"display:block; height:auto;\">\n\t\t\n<style>\n#gap-694382814 {\n  padding-top: 30px;\n}\n<\/style>\n\t<\/div>\n\t\n<p><strong><a href=\"https:\/\/youtu.be\/vUmon1LJX08\">&gt;Registro de la propiedad: tutorial para el pedido de Solicitud de Registraci\u00f3n Digital (SRD)<\/a><\/strong><\/p>\n<p><strong><a href=\"https:\/\/youtu.be\/DP5mEyRLDWE\">&gt;Instructivo charla en CASF el 21\/08\/2018 (SRD).<\/a><\/strong><\/p>\n<p>Este tutorial explica los pasos necesarios para realizar el pedido de la Solicitud de Registraci\u00f3n Digital (SRD) a trav\u00e9s de la p\u00e1gina <a href=\"http:\/\/www.santafe.gov.ar\">www.santafe.gov.ar<\/a>.<\/p>\n<p><strong>Contacto para consultas<\/strong>: <a href=\"mailto:srdrgros@santafe.gob.ar\">srdrgros@santafe.gob.ar<\/a><\/p>\n<p>\u2022 <a href=\"https:\/\/www.santafe.gov.ar\/tramites\/formelectronico\/login\"><strong>Sistema de formularios electr\u00f3nicos. (Click aqu\u00ed)<\/strong><\/a><br \/>\n\u2022 <a href=\"https:\/\/www.casf.org.ar\/colegio\/wp-content\/uploads\/2015\/12\/Manual-del-Usuario-Profesional.pdf\"><strong>Manual de Usuarios Profesionales. (Click aqu\u00ed)<\/strong><\/a><br \/>\n\u2022 <a href=\"https:\/\/www.santafe.gov.ar\/index.php\/web\/content\/download\/223884\/1172818\/file\/ManualUsuario-confeccion%20de%20tramites.pdf\"><strong>Manual de confecci\u00f3n de tr\u00e1mites. (Click aqu\u00ed)<\/strong><\/a><\/p>\n<p>\u2022 <strong><a href=\"https:\/\/docs.google.com\/presentation\/d\/1vy3eqmbBL5ssk2E2RyT81DbrdkmfD056\/edit?usp=sharing&amp;ouid=111753433600996144860&amp;rtpof=true&amp;sd=true\" target=\"_blank\" rel=\"noopener\">Presentaci\u00f3n PPT de la capacitaci\u00f3n del Registro General de la Propiedad del 11\/03\/2026. Click aqu\u00ed<\/a><\/strong><\/p>\n<p style=\"text-align: center;\"><strong>Video capacitaci\u00f3n sobre uso de Formularios Electr\u00f3nicos del 11\/03\/2026<\/strong><\/p>\n<div class=\"video video-fit mb box-shadow-2\" style=\"padding-top:50%;\"><p><div class=\"ose-youtube ose-uid-53fd911c8ba77a3019133103bb14b882 ose-embedpress-responsive\" style=\"width:600px; height:550px; max-height:550px; max-width:100%; display:inline-block;\" data-embed-type=\"Youtube\"><iframe allowFullScreen=\"true\" title=\"Emisi\u00f3n de Certificados Electr\u00f3nicos ante el Registro de la Propiedad 11\/03\/2026\" width=\"600\" height=\"550\" src=\"https:\/\/www.youtube.com\/embed\/s9RS1cbKt4U?feature=oembed&color=red&rel=0&controls=1&start=&end=&fs=0&iv_load_policy=0&autoplay=0&mute=0&modestbranding=0&cc_load_policy=1&playsinline=1\" frameborder=\"0\" allow=\"accelerometer; encrypted-media;accelerometer;autoplay;clipboard-write;gyroscope;picture-in-picture clipboard-write; encrypted-media; gyroscope; picture-in-picture; web-share\" referrerpolicy=\"strict-origin-when-cross-origin\" allowfullscreen><\/iframe><\/div><\/p>\n<\/div>\n<p style=\"text-align: center;\"><strong>Video capacitaci\u00f3n sobre uso de Formularios Electr\u00f3nicos del 16\/03\/2016<\/strong><\/p>\n<div class=\"video video-fit mb box-shadow-2\" style=\"padding-top:50%;\"><p><div class=\"ose-youtube ose-uid-97491b74afa0e3333705026d84e51abb ose-embedpress-responsive\" style=\"width:600px; height:550px; max-height:550px; max-width:100%; display:inline-block;\" data-embed-type=\"Youtube\"><iframe allowFullScreen=\"true\" title=\"Formularios Electr\u00f3nicos en el Registro de la Propiedad - 16\/03\/2016\" width=\"600\" height=\"550\" src=\"https:\/\/www.youtube.com\/embed\/rooRtv55GtQ?feature=oembed&color=red&rel=0&controls=1&start=&end=&fs=0&iv_load_policy=0&autoplay=0&mute=0&modestbranding=0&cc_load_policy=1&playsinline=1\" frameborder=\"0\" allow=\"accelerometer; encrypted-media;accelerometer;autoplay;clipboard-write;gyroscope;picture-in-picture clipboard-write; encrypted-media; gyroscope; picture-in-picture; web-share\" referrerpolicy=\"strict-origin-when-cross-origin\" allowfullscreen><\/iframe><\/div><\/p>\n<\/div>\n<h5 style=\"text-align: center;\"><strong>MESA DE AYUDA<br \/>\n<\/strong>(*Servicio Mesa de ayuda brindado por la Provincia)<br \/>\nLUNES a VIERNES de 7 a 19 HS<br \/>\n(L\u00ednea gratuita:<strong>\u00a00-800-555-8686<\/strong>)<\/h5>\n\t\t<\/div>\n\t\t\t\t\t<\/div>\n\n\t\n<\/div>\n\t\t<\/div>\n\n\t\t\n<style>\n#section_1237699667 {\n  padding-top: 30px;\n  padding-bottom: 30px;\n}\n<\/style>\n\t<\/section>\n\t\n","protected":false},"excerpt":{"rendered":"","protected":false},"author":2,"featured_media":0,"parent":0,"menu_order":0,"comment_status":"closed","ping_status":"closed","template":"","meta":[],"_links":{"self":[{"href":"https:\/\/www.casf.org.ar\/colegio\/wp-json\/wp\/v2\/pages\/1835"}],"collection":[{"href":"https:\/\/www.casf.org.ar\/colegio\/wp-json\/wp\/v2\/pages"}],"about":[{"href":"https:\/\/www.casf.org.ar\/colegio\/wp-json\/wp\/v2\/types\/page"}],"author":[{"embeddable":true,"href":"https:\/\/www.casf.org.ar\/colegio\/wp-json\/wp\/v2\/users\/2"}],"replies":[{"embeddable":true,"href":"https:\/\/www.casf.org.ar\/colegio\/wp-json\/wp\/v2\/comments?post=1835"}],"version-history":[{"count":18,"href":"https:\/\/www.casf.org.ar\/colegio\/wp-json\/wp\/v2\/pages\/1835\/revisions"}],"predecessor-version":[{"id":29388,"href":"https:\/\/www.casf.org.ar\/colegio\/wp-json\/wp\/v2\/pages\/1835\/revisions\/29388"}],"wp:attachment":[{"href":"https:\/\/www.casf.org.ar\/colegio\/wp-json\/wp\/v2\/media?parent=1835"}],"curies":[{"name":"wp","href":"https:\/\/api.w.org\/{rel}","templated":true}]}}