{"id":1479,"date":"2021-02-12T10:14:35","date_gmt":"2021-02-12T10:14:35","guid":{"rendered":"http:\/\/c1990348.ferozo.com\/?page_id=1479"},"modified":"2025-02-19T16:48:32","modified_gmt":"2025-02-19T19:48:32","slug":"formularios-utiles","status":"publish","type":"page","link":"https:\/\/www.casf.org.ar\/colegio\/formularios-utiles\/","title":{"rendered":"Formularios \u00datiles"},"content":{"rendered":"<div class=\"row\"  id=\"row-1521031924\">\n\n\t<div id=\"col-917824874\" class=\"col medium-6 small-12 large-6\"  >\n\t\t\t\t<div class=\"col-inner\"  >\n\t\t\t\n\t\t\t\n<div class=\"accordion\" rel=\"\">\n<div class=\"accordion-item\"><a href=\"#\" class=\"accordion-title plain\"><button class=\"toggle\"><i class=\"icon-angle-down\"><\/i><\/button><span>Oficios al Registro de \u00daltima Voluntad<\/span><\/a><div class=\"accordion-inner\">\n<ul>\n<li>Por requerimiento de los Colegios de Escribanos de Santa Fe y Rosario, los profesionales que cuenten con firma digital, realizar\u00e1n el respectivo pedido de informe a la cuenta de mail denominada <a href=\"mailto:ap.solicitudesdigitales@coessfe1.org.ar\">ap.solicitudesdigitales@coessfe1.org.ar<\/a> del Colegio de Escribanos de la Primera Circunscripci\u00f3n, y a <a href=\"mailto:ops@cescribanos.org.ar\">ops@cescribanos.org.ar<\/a>, del Colegio de Escribanos de la Segunda Circunscripci\u00f3n, por correo electr\u00f3nico signado digitalmente. En dicha solicitud deber\u00e1 acompa\u00f1arse escaneada la constancia de pago del sellado que percibe esa entidad para la emisi\u00f3n de los referidos informes.<\/li>\n<li>El Colegio de Escribanos, una vez recepcionada la solicitud y habi\u00e9ndose cumplido los requisitos de forma, le dar\u00e1 el tr\u00e1mite pertinente procediendo a la posterior remisi\u00f3n del informe al \u00f3rgano jurisdiccional correspondiente. El mismo se enviar\u00e1 mediante correo electr\u00f3nico con firma digital de la autoridad respectiva de dicho Colegio.<\/li>\n<li>Recepcionado el informe en la dependencia judicial, la misma proceder\u00e1 a darle ingreso en el sistema inform\u00e1tico SISFE, vincul\u00e1ndolo con el expediente respectivo.<\/li>\n<li>Las cuentas bancarias a las cuales los profesionales deber\u00e1n efectuar la transferencia respectiva para poder tramitar el oficio en cuesti\u00f3n son:<br \/>\nCOLEGIO DE ESCRIBANOS DE SANTA FE:<br \/>\nNuevo Banco de Santa Fe CBU. 3300500115000001258103<br \/>\nAlias CBU: ESCRIBANOS1.<br \/>\nMONTO DEL SELLADO: $400<br \/>\nCOLEGIO DE ESCRIBANOS DE ROSARIO:<br \/>\nNuevo Banco de Santa Fe CBU. 3300000610000395061063<br \/>\nAlias CBU: INDIO.COLOR.OSO.<br \/>\nMONTO DEL SELLADO: $400.<\/li>\n<\/ul>\n<div class=\"blog-share text-center\"><\/div>\n<\/div><\/div>\n<div class=\"accordion-item\"><a href=\"#\" class=\"accordion-title plain\"><button class=\"toggle\"><i class=\"icon-angle-down\"><\/i><\/button><span>Procesos Sucesorios y Declaratorias de Herederos.<\/span><\/a><div class=\"accordion-inner\">\n<p><a href=\"https:\/\/www.casf.org.ar\/colegio3\/wp-content\/uploads\/2015\/11\/Planilla-complementaria-Proceso-Sucesorio.docx\">1.-Planilla complementaria Proceso Sucesorio.<\/a><a href=\"https:\/\/www.casf.org.ar\/colegio3\/wp-content\/uploads\/2015\/11\/1.-Formulario-Iniciaci%C3%B3n-Procesos-Sucesorio-o-para-solicitar-antecedentes-de-Procesos-Sucesorios.pdf\" target=\"_blank\" rel=\"noopener\">2.- Formulario al RPU Iniciaci\u00f3n Procesos Sucesorio o para solicitar antecedentes de Procesos Sucesorios<\/a>.<a href=\"https:\/\/www.casf.org.ar\/colegio3\/wp-content\/uploads\/2015\/11\/2.-Formulario-Resoluci%C3%B3n-Declaratoria-de-Herederos..pdf\" target=\"_blank\" rel=\"noopener\">3.- Formulario al RPU Resoluci\u00f3n Declaratoria de Herederos.<\/a><\/p>\n<\/div><\/div>\n<div class=\"accordion-item\"><a href=\"#\" class=\"accordion-title plain\"><button class=\"toggle\"><i class=\"icon-angle-down\"><\/i><\/button><span>Procesos concursales y pedidos de quiebras.<\/span><\/a><div class=\"accordion-inner\">\n<p><a href=\"https:\/\/www.casf.org.ar\/colegio3\/wp-content\/uploads\/2015\/11\/1.-Formulario-Iniciaci%C3%B3n-Concursos-y-o-Quiebras.pdf\" target=\"_blank\" rel=\"noopener\">1.- Formulario Iniciaci\u00f3n Concursos y\/o Quiebras<\/a>.<a href=\"https:\/\/www.casf.org.ar\/colegio3\/wp-content\/uploads\/2015\/11\/2.-Formulario-Solicitud-de-antecedentes-de-Procesos-Concursales-y-o-Falenciales-Quiebras.pdf\" target=\"_blank\" rel=\"noopener\">2.- Formulario Solicitud de antecedentes de Procesos Concursales y\/o Falenciales\u00a0<\/a>.(Quiebras)<a href=\"https:\/\/www.casf.org.ar\/colegio3\/wp-content\/uploads\/2015\/11\/3.-Formulario-Resoluci%C3%B3n-Concurso-y-o-Quiebras.pdf\" target=\"_blank\" rel=\"noopener\">3.- Formulario Resoluci\u00f3n Concurso y\/o Quiebras<\/a>.<\/p>\n<\/div><\/div>\n<div class=\"accordion-item\"><a href=\"#\" class=\"accordion-title plain\"><button class=\"toggle\"><i class=\"icon-angle-down\"><\/i><\/button><span>Procesos relacionados con Accidentes y Enfermedades Ocupacionales, de los fueros Laboral y Civil.<\/span><\/a><div class=\"accordion-inner\">\n<p><a href=\"https:\/\/www.casf.org.ar\/colegio3\/wp-content\/uploads\/2015\/11\/1.-Formulario-Solicitud-de-antecedentes-de-Accidentes.pdf\" target=\"_blank\" rel=\"noopener\">1.- Formulario Solicitud de antecedentes de Accidentes<\/a>.<a href=\"https:\/\/www.casf.org.ar\/colegio3\/wp-content\/uploads\/2015\/11\/2.-Formulario-Resoluci%C3%B3n-Accidentes-Esta-Instancia.pdf\" target=\"_blank\" rel=\"noopener\">2.- Formulario Resoluci\u00f3n Accidentes Esta Instancia<\/a>.<a href=\"https:\/\/www.casf.org.ar\/colegio3\/wp-content\/uploads\/2015\/11\/3.-Formulario-Accidentes-Resoluci%C3%B3n-Primera-Instancia.pdf\" target=\"_blank\" rel=\"noopener\">3.- Formulario Accidentes Resoluci\u00f3n Primera Instancia<\/a>.<a href=\"https:\/\/www.casf.org.ar\/colegio3\/wp-content\/uploads\/2015\/11\/4.-Formulario-Accidentes-Resoluci%C3%B3n-Segunda-Instancia.pdf\" target=\"_blank\" rel=\"noopener\">4.- Formulario Accidentes Resoluci\u00f3n Segunda Instancia<\/a>.<a href=\"https:\/\/www.casf.org.ar\/colegio3\/wp-content\/uploads\/2015\/11\/5.-Formulario-Iniciaci%C3%B3n-Accidentes-y-Enfermedades-Oc.pdf\" target=\"_blank\" rel=\"noopener\">5.- Formulario Iniciaci\u00f3n Accidentes y Enfermedades Ocupacionales<\/a>.<\/p>\n<\/div><\/div>\n<div class=\"accordion-item\"><a href=\"#\" class=\"accordion-title plain\"><button class=\"toggle\"><i class=\"icon-angle-down\"><\/i><\/button><span>Registro General de la Propiedad.<\/span><\/a><div class=\"accordion-inner\">\n<p><a href=\"https:\/\/www.casf.org.ar\/colegio3\/wp-content\/uploads\/2015\/11\/1-RGSF_ANOTACION-DE-MEDIDAS-CAUTELARES.pdf\" target=\"_blank\" rel=\"noopener\">1.- Oficio \u00danico para la anotaci\u00f3n de Medidas Cautelares.<\/a><a href=\"https:\/\/www.casf.org.ar\/colegio3\/wp-content\/uploads\/2015\/11\/8-RGSF_ANOTACION-DE-INHIBICION-GENERAL.pdf\" target=\"_blank\" rel=\"noopener\">2.- Oficio \u00fanico para Anotaci\u00f3n de Inhibici\u00f3n General de Personas F\u00edsicas o Jur\u00eddicas.<\/a><a href=\"https:\/\/www.santafe.gob.ar\/index.php\/content\/download\/143027\/703219\/file\/F\" target=\"_blank\" rel=\"noopener\">3.-F103 Solicitud de informe Judicial \u2013 Administrativo.<\/a><a href=\"https:\/\/www.casf.org.ar\/colegio3\/wp-content\/uploads\/2015\/11\/7-I-Informe-Inhibiciones-1.pdf\" target=\"_blank\" rel=\"noopener\">4.- Formulario 401 I. Solicitud Informe Inhibiciones.<\/a><a href=\"https:\/\/www.santafe.gob.ar\/index.php\/content\/download\/231741\/1211552\/file\/Declaratoria\" target=\"_blank\" rel=\"noopener\">-Formulario Declaratoria de Herederos Santa Fe-Rosario.<\/a><a href=\"https:\/\/www.santafe.gob.ar\/index.php\/content\/download\/231671\/1211315\/file\/Subsistencia\" target=\"_blank\" rel=\"noopener\">-Formulario para Subsistencia de Declaratoria de Herederos.<\/a><\/p>\n<\/div><\/div>\n<div class=\"accordion-item\"><a href=\"#\" class=\"accordion-title plain\"><button class=\"toggle\"><i class=\"icon-angle-down\"><\/i><\/button><span>Nuevo Banco de Santa Fe S.A.<\/span><\/a><div class=\"accordion-inner\">\n<p><a href=\"https:\/\/www.casf.org.ar\/colegio3\/wp-content\/uploads\/2015\/11\/NBSF-depositos-judiciales.pdf\" target=\"_blank\" rel=\"noopener\">1.- Formulario para dep\u00f3sitos judiciales.<\/a><\/p>\n<\/div><\/div>\n<\/div>\n\t\t<\/div>\n\t\t\t\t\t<\/div>\n\n\t\n\n\t<div id=\"col-1768045220\" class=\"col medium-6 small-12 large-6\"  >\n\t\t\t\t<div class=\"col-inner\"  >\n\t\t\t\n\t\t\t\n<div class=\"accordion\" rel=\"\">\n<div class=\"accordion-item\"><a href=\"#\" class=\"accordion-title plain\"><button class=\"toggle\"><i class=\"icon-angle-down\"><\/i><\/button><span>ANSES<\/span><\/a><div class=\"accordion-inner\">\n<p><a href=\"https:\/\/www.casf.org.ar\/colegio3\/wp-content\/uploads\/2015\/11\/ANSES-CARTA-PODER.pdf\" target=\"_blank\" rel=\"noopener\">1.- Carta Poder.<\/a><\/p>\n<\/div><\/div>\n<div class=\"accordion-item\"><a href=\"#\" class=\"accordion-title plain\"><button class=\"toggle\"><i class=\"icon-angle-down\"><\/i><\/button><span>Poder Judicial - Foja Cero<\/span><\/a><div class=\"accordion-inner\">\n<p><a href=\"https:\/\/www.casf.org.ar\/colegio3\/wp-content\/uploads\/2015\/11\/FOJA-CERO-1%C2%BA-INSTANCIA-DISTRITO-CIVIL-Y-COMERCIAL-SANTA-FE.doc\">FOJA 0 1\u00ba INSTANCIA DISTRITO CIVIL Y COMERCIAL SANTA FE<\/a><br \/>\n<a href=\"https:\/\/www.casf.org.ar\/colegio3\/wp-content\/uploads\/2015\/11\/foja-cero-segunda-instancia.doc\">FOJA 0 CAMARA DE APELACION EN LO CIVIL Y COMERCIAL (con nota de elevaci\u00f3n)<\/a><br \/>\n<a href=\"https:\/\/drive.google.com\/drive\/folders\/1mYpehAGru0du2pU0a3IinbG1LNdn9SQ_?usp=share_link\" target=\"_blank\" rel=\"noopener\">FOJA 0 CAMARA DE APELACION EN LO LABORAL (NO lleva nota de elevaci\u00f3n)<\/a><br \/>\n<a href=\"https:\/\/www.casf.org.ar\/colegio3\/wp-content\/uploads\/2015\/11\/FOJA-CERO-1%C2%BA-Ejecuci%C3%B3n-de-Circuito-SANTA-FE1.doc\">FOJA 0 1\u00ba Ejecuci\u00f3n de Circuito SANTA FE<\/a><br \/>\n<a href=\"https:\/\/www.casf.org.ar\/colegio3\/wp-content\/uploads\/2015\/11\/FOJA-0-1%C2%BA-Instancia-de-Circuito1.docx\">FOJA 0 1\u00ba Instancia de Circuito<\/a><br \/>\n<a href=\"https:\/\/docs.google.com\/document\/d\/19UPW0Qy6tb5Bv6LQ4Ldex05ueDSqIRyb\/edit?usp=drive_link&amp;ouid=111753433600996144860&amp;rtpof=true&amp;sd=true\">FOJA 0 de Juzgado Extracontractual<\/a><br \/>\n<a href=\"https:\/\/drive.google.com\/drive\/folders\/1mYpehAGru0du2pU0a3IinbG1LNdn9SQ_?usp=share_link\">FOJA 0 1\u00ba Instancia-de-laboral<\/a><br \/>\n<a href=\"https:\/\/docs.google.com\/document\/d\/12XFMFv2Oe_cpVovPG8toM5X8jKgbW2pQ\/edit?usp=drive_link&amp;ouid=111753433600996144860&amp;rtpof=true&amp;sd=true\">FOJA 0 de Juzgado de Familia<\/a><br \/>\n<a href=\"https:\/\/www.casf.org.ar\/colegio3\/wp-content\/uploads\/2015\/11\/Declaraci%C3%B3n_Jurada_para-litigar-con-pobreza.doc\">Declaraci\u00f3n Jurada para litigar con pobreza<\/a><\/p>\n<\/div><\/div>\n<div class=\"accordion-item\"><a href=\"#\" class=\"accordion-title plain\"><button class=\"toggle\"><i class=\"icon-angle-down\"><\/i><\/button><span>Poder Judicial - Registro de Procesos Universales y de Accidentes y Enfermedades Ocupacionales<\/span><\/a><div class=\"accordion-inner\">\n<p><a href=\"https:\/\/www.justiciasantafe.gov.ar\/index.php\/poder-judicial\/institucional\/registro-de-procesos-universales-y-de-accidentes-y-enfermedades-ocupacionales\/\" target=\"_blank\" rel=\"noopener\">Registro de Procesos Universales y de Accidentes y Enfermedades Ocupacionales<\/a><\/p>\n<\/div><\/div>\n<div class=\"accordion-item\"><a href=\"#\" class=\"accordion-title plain\"><button class=\"toggle\"><i class=\"icon-angle-down\"><\/i><\/button><span>Poder Judicial - Nota de Elevaci\u00f3n a C\u00e1mara<\/span><\/a><div class=\"accordion-inner\">\n<p><a href=\"https:\/\/www.casf.org.ar\/colegio3\/wp-content\/uploads\/2015\/11\/Nota-Elevaci%C3%B3n.doc\" target=\"_blank\" rel=\"noopener\">Nota de Elevaci\u00f3n a C\u00e1mara<\/a><\/p>\n<\/div><\/div>\n<div class=\"accordion-item\"><a href=\"#\" class=\"accordion-title plain\"><button class=\"toggle\"><i class=\"icon-angle-down\"><\/i><\/button><span>IGPJ - Inspecci\u00f3n General Personas Jur\u00eddicas<\/span><\/a><div class=\"accordion-inner\">\n<p>&gt;\u00a0<a href=\"https:\/\/www.casf.org.ar\/colegio3\/wp-content\/uploads\/2015\/11\/Form_subsistencia_2020.pdf\" target=\"_blank\" rel=\"noopener\">Solicitud de Constancia de Subsistencia_2020<\/a>&gt;\u00a0<a href=\"https:\/\/www.casf.org.ar\/colegio3\/wp-content\/uploads\/2015\/11\/Form_subsistencia_2020_VENTA_INMUEBLE.pdf\" target=\"_blank\" rel=\"noopener\">Solicitud de Constancia de Subsistencia para la Disposici\u00f3n o Gravamen de Bienes Registrables_2020_VENTA_INMUEBLE<\/a><\/p>\n<\/div><\/div>\n<div class=\"accordion-item\"><a href=\"#\" class=\"accordion-title plain\"><button class=\"toggle\"><i class=\"icon-angle-down\"><\/i><\/button><span>FORMULARIO - 99 - Contin\u00faa tr\u00e1mite ante juzgado de familia o responsabilidad Extracontractual<\/span><\/a><div class=\"accordion-inner\">\n<p>&gt; <a href=\"https:\/\/docs.google.com\/document\/d\/1iHyhPBewfH2Qdop1z8cuK3T5fLSHLef7\/edit?usp=sharing&amp;ouid=111753433600996144860&amp;rtpof=true&amp;sd=true\" target=\"_blank\" rel=\"noopener\">FORMULARIO &#8211; 99 &#8211; Contin\u00faa tr\u00e1mite ante juzgado de familia o responsabilidad Extracontractual<\/a><\/p>\n<\/div><\/div>\n<\/div>\n\t\t<\/div>\n\t\t\t\t\t<\/div>\n\n\t\n<\/div>\n","protected":false},"excerpt":{"rendered":"","protected":false},"author":2,"featured_media":0,"parent":0,"menu_order":0,"comment_status":"closed","ping_status":"closed","template":"","meta":[],"_links":{"self":[{"href":"https:\/\/www.casf.org.ar\/colegio\/wp-json\/wp\/v2\/pages\/1479"}],"collection":[{"href":"https:\/\/www.casf.org.ar\/colegio\/wp-json\/wp\/v2\/pages"}],"about":[{"href":"https:\/\/www.casf.org.ar\/colegio\/wp-json\/wp\/v2\/types\/page"}],"author":[{"embeddable":true,"href":"https:\/\/www.casf.org.ar\/colegio\/wp-json\/wp\/v2\/users\/2"}],"replies":[{"embeddable":true,"href":"https:\/\/www.casf.org.ar\/colegio\/wp-json\/wp\/v2\/comments?post=1479"}],"version-history":[{"count":18,"href":"https:\/\/www.casf.org.ar\/colegio\/wp-json\/wp\/v2\/pages\/1479\/revisions"}],"predecessor-version":[{"id":23668,"href":"https:\/\/www.casf.org.ar\/colegio\/wp-json\/wp\/v2\/pages\/1479\/revisions\/23668"}],"wp:attachment":[{"href":"https:\/\/www.casf.org.ar\/colegio\/wp-json\/wp\/v2\/media?parent=1479"}],"curies":[{"name":"wp","href":"https:\/\/api.w.org\/{rel}","templated":true}]}}