{"id":1319,"date":"2020-12-30T15:16:22","date_gmt":"2020-12-30T15:16:22","guid":{"rendered":"http:\/\/c1990348.ferozo.com\/?page_id=1319"},"modified":"2026-01-12T09:32:03","modified_gmt":"2026-01-12T12:32:03","slug":"mi-codigo-de-pago-link-banelco-pago-mis-cuentas","status":"publish","type":"page","link":"https:\/\/www.casf.org.ar\/colegio\/mi-codigo-de-pago-link-banelco-pago-mis-cuentas\/","title":{"rendered":"Mi c\u00f3digo de Pago Link &#8211; Banelco (Pago mis cuentas)"},"content":{"rendered":"\t<section class=\"section\" id=\"section_703249352\">\n\t\t<div class=\"bg section-bg fill bg-fill  bg-loaded\" >\n\n\t\t\t\n\t\t\t\n\t\t\t\n\n\t\t<\/div>\n\n\t\t<div class=\"section-content relative\">\n\t\t\t\n<div class=\"container section-title-container\" ><h3 class=\"section-title section-title-center\"><b><\/b><span class=\"section-title-main\" >MI C\u00d3DIGO DE PAGO LINK \u2013 BANELCO (PAGO MIS CUENTAS)<\/span><b><\/b><\/h3><\/div>\n<div class=\"message-box relative dark\" style=\"padding-top:15px;padding-bottom:15px;\"><div class=\"message-box-bg-image bg-fill fill\" ><\/div><div class=\"message-box-bg-overlay bg-fill fill\" style=\"background-color:rgb(213, 8, 8);\"><\/div><div class=\"container relative\"><div class=\"inner last-reset\">\n<div class=\"row align-middle align-center\"  id=\"row-1387692314\">\n\n\t<div id=\"col-1345535884\" class=\"col small-12 large-12\"  >\n\t\t\t\t<div class=\"col-inner\"  >\n\t\t\t\n\t\t\t\n<p style=\"text-align: center; font-size: 17px;\">Tenga en cuenta que el C\u00f3digo de Pago Electr\u00f3nico de 14 cifras es el mismo para ambas redes.<\/p>\n\t\t<\/div>\n\t\t\t\t\t<\/div>\n\n\t\n<\/div>\n<\/div><\/div><\/div>\n\t\t<\/div>\n\n\t\t\n<style>\n#section_703249352 {\n  padding-top: 30px;\n  padding-bottom: 30px;\n}\n<\/style>\n\t<\/section>\n\t\n\t<section class=\"section\" id=\"section_460312619\">\n\t\t<div class=\"bg section-bg fill bg-fill  bg-loaded\" >\n\n\t\t\t\n\t\t\t\n\t\t\t\n\n\t\t<\/div>\n\n\t\t<div class=\"section-content relative\">\n\t\t\t\n<div class=\"row\"  id=\"row-1307621287\">\n\n\t<div id=\"col-262310716\" class=\"col medium-7 small-12 large-7\"  >\n\t\t\t\t<div class=\"col-inner\"  >\n\t\t\t\n\t\t\t\n<p>Coloque en el campo\u00a0<strong>b\u00fasqueda<\/strong> su matr\u00edcula y obtendr\u00e1 su C\u00f3digo de Pago Electr\u00f3nico en redes Link \u2013 Banelco (Pago mis Cuentas). Puede utilizar dicho c\u00f3digo en cualquier cajero o home banking que opere con Red Link o Red Banelco.Adhiera en Pagos buscando el Ente: <strong>Asociaciones y Clubes \u2014\u2014-&gt; Colegio de Abogados de Santa Fe 1era Cir.<\/strong> (redes Link) \u00f3 <strong>Buscar Ente \u2014\u2014\u2014\u2014\u2014\u2014-&gt; Col abogados Santa Fe<\/strong> (redes Banelco) y colocando su C\u00f3digo de Pago Electr\u00f3nico.<\/p>\n<p>Valores de cuotas para el per\u00edodo 2026:<\/p>\n<p>Valor Actual: $22.000.-<\/p>\n<p>Pago Anual: $220.000.- (hasta el 15 de febrero 2026)<br \/>\nJ\u00f3ven matriculado (hasta 5 a\u00f1os antig\u00fcedad) descuento del 50%<\/p>\n<p><strong>Referencia cuota\/a\u00f1o en agenda de pagos a\u00f1o 2026<\/strong><\/p>\n<p>101\/26 \u2013 Enero 2026 &#8211; vencimiento vigente \u2013 31\/01\/2026 \u2013<br \/>\n102\/26 \u2013 Febrero 2026 &#8211; vencimiento vigente \u2013 28\/02\/2026 \u2013<br \/>\n103\/26 \u2013 Marzo 2026 &#8211; vencimiento vigente \u2013 31\/03\/2026 \u2013<br \/>\n104\/26 \u2013 Abril 2026 &#8211; vencimiento vigente \u2013 30\/04\/2026 \u2013<br \/>\n105\/26 \u2013 Mayo 2026 &#8211; vencimiento vigente \u2013 31\/05\/2026 \u2013<br \/>\n106\/26 \u2013 Junio 2026 &#8211; vencimiento vigente \u2013 30\/06\/2026 \u2013<br \/>\n107\/26 \u2013 Julio 2026 &#8211; vencimiento vigente \u2013 31\/07\/2026 \u2013<br \/>\n108\/26 \u2013 Agosto 2026 &#8211; vencimiento vigente \u2013 31\/08\/2026 \u2013<br \/>\n108\/26 \u2013 Septiembre 2026 &#8211; vencimiento vigente \u2013 30\/09\/2026 \u2013<br \/>\n110\/26 \u2013 Octubre 2026 &#8211; vencimiento vigente \u2013 31\/10\/2026 \u2013<br \/>\n111\/26 \u2013 Noviembre 2026 &#8211; vencimiento vigente &#8211; 30\/11\/2026 &#8211;<br \/>\n112\/26 \u2013 Diciembre 2026 &#8211; vencimiento vigente &#8211; 31\/12\/2026 <strong>&#8211;<br \/>\n<\/strong>201\/26 \u2013 A cuenta a\u00f1o 2026 &#8211; vencimiento vigente \u2013 28\/02\/2026 \u2013<strong><br \/>\n3xx\/26 &#8211; Deuda pendiente &#8211; vencimiento vigente \u2013 \u00faltimo d\u00eda de cada mes \u2013<br \/>\n<\/strong><\/p>\n<p><strong>Si usted abona la boleta de pago anual, recuerde que debe estar sin deuda a enero de 2026. <\/strong><strong>En caso contrario, el pago anual ser\u00e1 tomado a cuenta y saldar\u00e1 los meses pendientes.<\/strong><\/p>\n\t\t<\/div>\n\t\t\t\t\t<\/div>\n\n\t\n\n\t<div id=\"col-225285963\" class=\"col medium-5 small-12 large-5\"  >\n\t\t\t\t<div class=\"col-inner\"  >\n\t\t\t\n\t\t\t\n<p><iframe loading=\"lazy\" src=\"https:\/\/www.casf.org.ar\/colegio\/matricula_cplink\/pagolinklist.php\" width=\"600\" height=\"600\" scrolling=\"no\">Your browser does not support iframes.\u00a0\u00a0<\/iframe><\/p>\n\t\t<\/div>\n\t\t\t\t\t<\/div>\n\n\t\n<\/div>\n\t\t<\/div>\n\n\t\t\n<style>\n#section_460312619 {\n  padding-top: 30px;\n  padding-bottom: 30px;\n}\n<\/style>\n\t<\/section>\n\t\n","protected":false},"excerpt":{"rendered":"","protected":false},"author":2,"featured_media":0,"parent":0,"menu_order":0,"comment_status":"closed","ping_status":"closed","template":"","meta":[],"_links":{"self":[{"href":"https:\/\/www.casf.org.ar\/colegio\/wp-json\/wp\/v2\/pages\/1319"}],"collection":[{"href":"https:\/\/www.casf.org.ar\/colegio\/wp-json\/wp\/v2\/pages"}],"about":[{"href":"https:\/\/www.casf.org.ar\/colegio\/wp-json\/wp\/v2\/types\/page"}],"author":[{"embeddable":true,"href":"https:\/\/www.casf.org.ar\/colegio\/wp-json\/wp\/v2\/users\/2"}],"replies":[{"embeddable":true,"href":"https:\/\/www.casf.org.ar\/colegio\/wp-json\/wp\/v2\/comments?post=1319"}],"version-history":[{"count":37,"href":"https:\/\/www.casf.org.ar\/colegio\/wp-json\/wp\/v2\/pages\/1319\/revisions"}],"predecessor-version":[{"id":14046,"href":"https:\/\/www.casf.org.ar\/colegio\/wp-json\/wp\/v2\/pages\/1319\/revisions\/14046"}],"wp:attachment":[{"href":"https:\/\/www.casf.org.ar\/colegio\/wp-json\/wp\/v2\/media?parent=1319"}],"curies":[{"name":"wp","href":"https:\/\/api.w.org\/{rel}","templated":true}]}}