{"id":12650,"date":"2021-09-09T12:02:19","date_gmt":"2021-09-09T15:02:19","guid":{"rendered":"https:\/\/www.casf.org.ar\/colegio\/?page_id=12650"},"modified":"2021-10-15T11:54:57","modified_gmt":"2021-10-15T14:54:57","slug":"sorteo-tokens","status":"publish","type":"page","link":"https:\/\/www.casf.org.ar\/colegio\/sorteo-tokens\/","title":{"rendered":"Sorteo Tokens"},"content":{"rendered":"<p>El Colegio sortear\u00e1\u00a0 tokens para obtener firma digital, finalizando en octubre 2021.-Los mismos se llevar\u00e1n a cabo los segundos viernes de mes, a trav\u00e9s del Instagram Live del CASF.El jueves anterior al d\u00eda del sorteo, se realizar\u00e1 el corte a las 12 hs. para confeccionar la lista de interesados a participar del sorteo el d\u00eda siguiente, aquellos que se inscriban despu\u00e9s de dicha hora, participar\u00e1n del sorteo del mes siguiente.Recuerde las pautas para poder participar:<\/p>\n<ul>\n<li>-&gt;<strong>Estar al d\u00eda con el pago de su matr\u00edcula al 31\/07\/2020.<\/strong><\/li>\n<li>-&gt;<strong>No encontrarse con matr\u00edcula suspendida.<\/strong><\/li>\n<li>-&gt;<strong>No haber sido beneficiado\/a como ganador\/ora en el sorteo previo.<\/strong><\/li>\n<li>-&gt;<strong>La inscripci\u00f3n se realiza por \u00fanica vez y de esa manera se accede a los sorteos mensuales.<\/strong><em><strong>\u00a0<\/strong><\/em><\/li>\n<\/ul>\n\t<div id=\"text-3522206752\" class=\"text\">\n\t\t\n<blockquote><p><strong>SI YA SE INSCRIBI\u00d3 A SORTEOS ANTERIORES, NO DEBE VOLVER A HACERLO<\/strong><\/p><\/blockquote>\n\t\t\n<style>\n#text-3522206752 {\n  color: #d26e4b;\n}\n#text-3522206752 > * {\n  color: #d26e4b;\n}\n<\/style>\n\t<\/div>\n\t\n<div class=\"accordion\" rel=\"\">\n<div class=\"accordion-item\"><a href=\"#\" class=\"accordion-title plain\"><button class=\"toggle\"><i class=\"icon-angle-down\"><\/i><\/button><span>Formulario de inscripci\u00f3n sorteo tokens<\/span><\/a><div class=\"accordion-inner\">\n<p>Inscripci\u00f3n Finalizada.<\/p>\n<\/div><\/div>\n<\/div>\n<p>&nbsp;<\/p>\n\t<section class=\"section\" id=\"section_161205800\">\n\t\t<div class=\"bg section-bg fill bg-fill  bg-loaded\" >\n\n\t\t\t\n\t\t\t\n\t\t\t\n\n\t\t<\/div>\n\n\t\t<div class=\"section-content relative\">\n\t\t\t\n<div class=\"container section-title-container\" ><h3 class=\"section-title section-title-center\"><b><\/b><span class=\"section-title-main\" >Listado de Ganadores<\/span><b><\/b><\/h3><\/div>\n\n\t\t<div class=\"tabbed-content\">\n\t\t\t\n\t\t\t<ul class=\"nav nav-tabs nav-uppercase nav-size-large nav-left\"><li class=\"tab active has-icon\"><a href=\"#tab_ganadores\"><span>Ganadores<\/span><\/a><\/li><\/ul><div class=\"tab-panels\"><div class=\"panel active entry-content\" id=\"tab_ganadores\">\n<div class=\"accordion\" rel=\"\">\n<div class=\"accordion-item\"><a href=\"#\" class=\"accordion-title plain\"><button class=\"toggle\"><i class=\"icon-angle-down\"><\/i><\/button><span><strong>Primer sorteo<\/strong> (Diciembre 2020)<\/span><\/a><div class=\"accordion-inner\">\n<p>Ganadores del Primer sorteo<\/p>\n<ol>\n<li><strong>Orden de Inscripci\u00f3n:<\/strong> 326\u00a0 \u2013\u00a0 <strong>Nombre:<\/strong> Torres del Sel, Pablo Mart\u00edn\u00a0 \u2013\u00a0 <strong>Expediente:<\/strong> 8126<\/li>\n<li><strong>Orden de Inscripci\u00f3n:<\/strong> 199\u00a0 \u2013\u00a0 <strong>Nombre:<\/strong> Navarro, Noem\u00ed Guadalupe\u00a0 \u2013\u00a0 <strong>Expediente:<\/strong> 8095<\/li>\n<li><strong>Orden de Inscripci\u00f3n:<\/strong> 240\u00a0 \u2013\u00a0 <strong>Nombre:<\/strong> Cardozo, Mar\u00eda Clara\u00a0 \u2013\u00a0 <strong>Expediente:<\/strong> 9653<\/li>\n<li><strong>Orden de Inscripci\u00f3n:<\/strong> 033\u00a0 \u2013\u00a0 <strong>Nombre:<\/strong> Rojas, Pablo Mat\u00edas\u00a0 \u2013\u00a0 <strong>Expediente:<\/strong> 8098<\/li>\n<li><strong>Orden de Inscripci\u00f3n:<\/strong> 076\u00a0 \u2013\u00a0 <strong>Nombre:<\/strong> Rivas, Daniela\u00a0 \u2013\u00a0 <strong>Expediente:<\/strong> 8431<\/li>\n<\/ol>\n<p>Los ganadores deber\u00e1n retirar el premio en Mesa de Entradas exhibiendo su credencial de abogada\/abogado a partir del d\u00eda lunes 14 de diciembre.<\/p>\n<\/div><\/div>\n<div class=\"accordion-item\"><a href=\"#\" class=\"accordion-title plain\"><button class=\"toggle\"><i class=\"icon-angle-down\"><\/i><\/button><span><strong>Segundo sorteo<\/strong> (Enero 2021)<\/span><\/a><div class=\"accordion-inner\">\n<p>Ganadores del Segundo sorteo<\/p>\n<ol>\n<li><strong>Orden de Inscripci\u00f3n:<\/strong> 407 \u00a0\u00a0 <strong>Nombre:<\/strong> Garc\u00eda, Adriana &#8211;\u00a0 <strong>Expediente:<\/strong> 4817<\/li>\n<li><strong>Orden de Inscripci\u00f3n:<\/strong> 436 \u00a0\u00a0 <strong>Nombre:<\/strong> Gervasoni, Florencia\u00a0 &#8211; <strong>Expediente:<\/strong> 7804<\/li>\n<li><strong>Orden de Inscripci\u00f3n:<\/strong> 027 \u00a0\u00a0 <strong>Nombre:<\/strong> Degani, Emiliano &#8211; <strong>Expediente:<\/strong> 8829<\/li>\n<li><strong>Orden de Inscripci\u00f3n:<\/strong> 024 \u00a0\u00a0 <strong>Nombre:<\/strong> Galiano, Lorena Soledad &#8211; <strong>Expediente:<\/strong> 8138<\/li>\n<li><strong>Orden de Inscripci\u00f3n:<\/strong> 455 \u00a0\u00a0 <strong>Nombre:<\/strong> Cornaglia, Zaida Janina &#8211; <strong>Expediente:<\/strong> 7950<\/li>\n<\/ol>\n<\/div><\/div>\n<div class=\"accordion-item\"><a href=\"#\" class=\"accordion-title plain\"><button class=\"toggle\"><i class=\"icon-angle-down\"><\/i><\/button><span><strong>Tercer sorteo<\/strong> (Febrero 2021)<\/span><\/a><div class=\"accordion-inner\">\n<ul>\n<li id=\"sc-pane-3\" class=\"active\">Ganadores del Tercer sorteo\n<ol>\n<li><strong>Orden de Inscripci\u00f3n:<\/strong> 010 \u00a0\u00a0 <strong>Nombre:<\/strong> Minerva, Federico \u00a0\u00a0 <strong>Expediente:<\/strong> 8386<\/li>\n<li><strong>Orden de Inscripci\u00f3n:<\/strong> 133 \u00a0\u00a0 <strong>Nombre:<\/strong> G\u00f3mez Villanueva, Yamila\u00a0\u00a0 <strong>Expediente:<\/strong> 9258<\/li>\n<li><strong>Orden de Inscripci\u00f3n:<\/strong> 379 \u00a0\u00a0 <strong>Nombre:<\/strong> Heritier, Mart\u00edn \u00a0\u00a0 <strong>Expediente:<\/strong> 9077<\/li>\n<li><strong>Orden de Inscripci\u00f3n:<\/strong> 370 \u00a0\u00a0 <strong>Nombre:<\/strong> Peresson, Silvia \u00a0\u00a0 <strong>Expediente:<\/strong> 5357<\/li>\n<li><strong>Orden de Inscripci\u00f3n:<\/strong> 240 \u00a0\u00a0 <strong>Nombre:<\/strong> Vergara, Aurora \u00a0\u00a0 <strong>Expediente:<\/strong> 9551<\/li>\n<\/ol>\n<\/li>\n<\/ul>\n<\/div><\/div>\n<div class=\"accordion-item\"><a href=\"#\" class=\"accordion-title plain\"><button class=\"toggle\"><i class=\"icon-angle-down\"><\/i><\/button><span><strong>Cuarto sorteo<\/strong> (Marzo 2021)<\/span><\/a><div class=\"accordion-inner\">\n<ul>\n<li id=\"sc-pane-4\" class=\"active\">Ganadores del Cuarto sorteo\n<ol>\n<li><strong>Orden de Inscripci\u00f3n:<\/strong> 008 \u00a0\u00a0 <strong>Nombre:<\/strong> Del Sastre, Jos\u00e9 Luis P. \u00a0\u00a0\u00a0\u00a0\u00a0\u00a0 <strong>Expediente:<\/strong> 2838<\/li>\n<li><strong>Orden de Inscripci\u00f3n:<\/strong> 362 \u00a0\u00a0 <strong>Nombre:<\/strong> Figueroa, Mar\u00eda Florencia \u00a0\u00a0 <strong>Expediente:<\/strong> 8006<\/li>\n<li><strong>Orden de Inscripci\u00f3n:<\/strong> 546 \u00a0\u00a0 <strong>Nombre:<\/strong> Molina, Alicia \u00a0\u00a0\u00a0\u00a0\u00a0\u00a0\u00a0\u00a0\u00a0\u00a0\u00a0\u00a0\u00a0\u00a0\u00a0\u00a0\u00a0\u00a0\u00a0\u00a0\u00a0\u00a0\u00a0\u00a0 <strong>Expediente:<\/strong> 9200<\/li>\n<li><strong>Orden de Inscripci\u00f3n:<\/strong> 233 \u00a0\u00a0 <strong>Nombre:<\/strong> Guy, Carina Cecilia \u00a0\u00a0\u00a0\u00a0\u00a0\u00a0\u00a0\u00a0\u00a0\u00a0\u00a0\u00a0\u00a0\u00a0 <strong>Expediente: <\/strong>8163<\/li>\n<li><strong>Orden de Inscripci\u00f3n:<\/strong> 634 \u00a0\u00a0 <strong>Nombre:<\/strong> Nieva, Mar\u00eda Jos\u00e9 \u00a0\u00a0\u00a0\u00a0\u00a0\u00a0\u00a0\u00a0\u00a0\u00a0\u00a0\u00a0\u00a0\u00a0\u00a0\u00a0 <strong>Expediente:<\/strong> 8622<\/li>\n<\/ol>\n<\/li>\n<\/ul>\n<\/div><\/div>\n<div class=\"accordion-item\"><a href=\"#\" class=\"accordion-title plain\"><button class=\"toggle\"><i class=\"icon-angle-down\"><\/i><\/button><span><strong>Quinto sorteo<\/strong> (Abril 2021)<\/span><\/a><div class=\"accordion-inner\">\n<ul>\n<li id=\"sc-pane-5\" class=\"active\">Ganadores del Quinto sorteo\n<ol>\n<li><strong>Orden de Inscripci\u00f3n: <\/strong>353 \u00a0\u00a0<strong> Nombre: <\/strong>Balestieri, Julieta Eva \u00a0\u00a0<strong>\u00a0\u00a0\u00a0 Expediente: <\/strong>9022<\/li>\n<li><strong>Orden de Inscripci\u00f3n: <\/strong>031 \u00a0\u00a0 <strong>Nombre: <\/strong>Ballejos, Javier Horacio \u00a0\u00a0 <strong>Expediente: <\/strong>7704<\/li>\n<li><strong>Orden de Inscripci\u00f3n: <\/strong>630 \u00a0\u00a0<strong> Nombre: <\/strong>Cazzaniga, Elsa \u00a0\u00a0<strong>\u00a0\u00a0\u00a0\u00a0\u00a0\u00a0\u00a0\u00a0\u00a0\u00a0\u00a0\u00a0\u00a0\u00a0 Expediente: <\/strong>3029<\/li>\n<li><strong>Orden de Inscripci\u00f3n: <\/strong>217 \u00a0\u00a0<strong> Nombre: <\/strong>Maillier, Alicia Niemi \u00a0\u00a0<strong>\u00a0\u00a0\u00a0\u00a0 Expediente: <\/strong>6967<\/li>\n<li><strong>Orden de Inscripci\u00f3n: <\/strong>138 \u00a0\u00a0<strong> Nombre: <\/strong>Peleato, Dianela \u00a0\u00a0<strong>\u00a0\u00a0\u00a0\u00a0\u00a0\u00a0\u00a0\u00a0\u00a0\u00a0\u00a0\u00a0\u00a0 Expediente: <\/strong>8969<\/li>\n<\/ol>\n<\/li>\n<\/ul>\n<\/div><\/div>\n<div class=\"accordion-item\"><a href=\"#\" class=\"accordion-title plain\"><button class=\"toggle\"><i class=\"icon-angle-down\"><\/i><\/button><span><strong>Sexto sorteo<\/strong> (Mayo 2021)<\/span><\/a><div class=\"accordion-inner\">\n<ul>\n<li id=\"sc-pane-6\" class=\"active\">Ganadores del Sexto sorteo\n<ol>\n<li><strong>Orden de Inscripci\u00f3n: <\/strong>234\u00a0 \u00a0\u00a0 <strong>Nombre: <\/strong>Chiana, C\u00e9sar Nicol\u00e1s\u00a0 \u00a0\u00a0\u00a0\u00a0\u00a0\u00a0\u00a0\u00a0\u00a0\u00a0\u00a0 <strong>Expediente: <\/strong>7998<\/li>\n<li><strong>Orden de Inscripci\u00f3n: <\/strong>530\u00a0 \u00a0\u00a0 <strong>Nombre: <\/strong>Borlle, Julio C\u00e9sar\u00a0 \u00a0\u00a0\u00a0\u00a0\u00a0\u00a0\u00a0\u00a0\u00a0\u00a0\u00a0\u00a0\u00a0\u00a0\u00a0\u00a0\u00a0 <strong>Expediente: <\/strong>4497<\/li>\n<li><strong>Orden de Inscripci\u00f3n: <\/strong>591\u00a0 \u00a0\u00a0 <strong>Nombre: <\/strong>Costa, Carolina Cecilia\u00a0 \u00a0\u00a0<strong>\u00a0\u00a0\u00a0\u00a0\u00a0\u00a0\u00a0\u00a0 Expediente: <\/strong>6764<\/li>\n<li><strong>Orden de Inscripci\u00f3n: <\/strong>615\u00a0 \u00a0\u00a0<strong> Nombre: <\/strong>Quaranta, Carlos Ram\u00f3n\u00a0 \u00a0 \u00a0<strong>\u00a0\u00a0\u00a0 Expediente: <\/strong>2850<\/li>\n<li><strong>Orden de Inscripci\u00f3n: <\/strong>680\u00a0 \u00a0\u00a0 <strong>Nombre: <\/strong>Alarc\u00f3n, Silvia Guadalupe \u00a0 \u00a0\u00a0<strong> Expediente: <\/strong>4798<\/li>\n<\/ol>\n<\/li>\n<\/ul>\n<\/div><\/div>\n<div class=\"accordion-item\"><a href=\"#\" class=\"accordion-title plain\"><button class=\"toggle\"><i class=\"icon-angle-down\"><\/i><\/button><span><strong>S\u00e9ptimo sorteo<\/strong> (Junio 2021)<\/span><\/a><div class=\"accordion-inner\">\n<ul>\n<li id=\"sc-pane-7\" class=\"active\">Ganadores del S\u00e9ptimo sorteo\n<ol>\n<li><strong>Orden de Inscripci\u00f3n: <\/strong>542\u00a0 \u00a0\u00a0<strong> Nombre: <\/strong>Challiol, Virginia\u00a0 \u00a0\u00a0\u00a0\u00a0\u00a0 <strong>Expediente: <\/strong>7976<\/li>\n<li><strong>Orden de Inscripci\u00f3n: <\/strong>426\u00a0 \u00a0\u00a0 <strong>Nombre: <\/strong>Cavalieri, Ayelen\u00a0 \u00a0\u00a0\u00a0\u00a0\u00a0 <strong>Expediente: <\/strong>8708<\/li>\n<li><strong>Orden de Inscripci\u00f3n: <\/strong>580\u00a0 \u00a0\u00a0 <strong>Nombre: <\/strong>Carabajal, Laura\u00a0 \u00a0\u00a0<strong>\u00a0\u00a0\u00a0 Expediente: <\/strong>6956<\/li>\n<li><strong>Orden de Inscripci\u00f3n: <\/strong>370\u00a0 \u00a0<strong>\u00a0 Nombre: <\/strong>Cecchini, Facundo\u00a0 \u00a0\u00a0 <strong>Expediente: <\/strong>8017<\/li>\n<li><strong>Orden de Inscripci\u00f3n: <\/strong>589\u00a0 \u00a0\u00a0<strong> Nombre: <\/strong>Niemes, Dami\u00e1n \u00a0 \u00a0 \u00a0\u00a0<strong> Expediente: <\/strong>8860<\/li>\n<\/ol>\n<\/li>\n<\/ul>\n<\/div><\/div>\n<div class=\"accordion-item\"><a href=\"#\" class=\"accordion-title plain\"><button class=\"toggle\"><i class=\"icon-angle-down\"><\/i><\/button><span><strong>Octavo sorteo<\/strong> (Julio 2021)<\/span><\/a><div class=\"accordion-inner\">\n<ul>\n<li>Ganadores del Octavo sorteo<\/li>\n<\/ul>\n<ol>\n<li style=\"list-style-type: none;\">\n<ol>\n<li><strong>Orden de Inscripci\u00f3n:\u00a0<\/strong> 330\u00a0<strong>\u00a0 Nombre: <\/strong>Facino, Pablo Jes\u00fas \u00a0\u00a0 <strong>Expediente: <\/strong>6873<\/li>\n<li><strong>Orden de Inscripci\u00f3n:\u00a0 <\/strong>091 \u00a0\u00a0 <strong>Nombre: <\/strong>Rondina, Domingo\u00a0 \u00a0\u00a0 <strong>Expediente: <\/strong>6238<\/li>\n<li><strong>Orden de Inscripci\u00f3n:\u00a0 <\/strong>583\u00a0 \u00a0 <strong>Nombre: <\/strong>Weiss, Ema \u00a0\u00a0<strong>\u00a0\u00a0\u00a0\u00a0\u00a0\u00a0\u00a0\u00a0\u00a0\u00a0\u00a0\u00a0\u00a0 Expediente: <\/strong>4996<\/li>\n<li><strong>Orden de Inscripci\u00f3n:\u00a0 <\/strong>006\u00a0\u00a0 <strong>Nombre:\u00a0 <\/strong>del Sastre, Manuela\u00a0 <strong>Expediente: <\/strong>8806<\/li>\n<li><strong>Orden de Inscripci\u00f3n:\u00a0 <\/strong>455 \u00a0\u00a0<strong> Nombre:\u00a0 <\/strong>Felice, Carlos\u00a0 \u00a0\u00a0<strong>\u00a0\u00a0\u00a0\u00a0\u00a0\u00a0\u00a0\u00a0 Expediente: <\/strong>4999<\/li>\n<li><strong>Orden de Inscripci\u00f3n:\u00a0 <\/strong>557\u00a0 \u00a0 <strong>Nombre:\u00a0 <\/strong>Chiosso, Daniela\u00a0 \u00a0\u00a0<strong>\u00a0\u00a0 Expediente: <\/strong>9720<strong><br \/>\n<\/strong><\/li>\n<\/ol>\n<\/li>\n<\/ol>\n<\/div><\/div>\n<div class=\"accordion-item\"><a href=\"#\" class=\"accordion-title plain\"><button class=\"toggle\"><i class=\"icon-angle-down\"><\/i><\/button><span><strong>Noveno sorteo<\/strong> (Agosto 2021)<\/span><\/a><div class=\"accordion-inner\">\n<ul>\n<li>Ganadores del Noveno sorteo<\/li>\n<\/ul>\n<ol>\n<li style=\"list-style-type: none;\">\n<ol>\n<li><strong>Orden de Inscripci\u00f3n: <\/strong>0612\u00a0 \u00a0\u00a0<strong> Nombre: <\/strong>Pennisi, Marcela\u00a0 \u00a0\u00a0\u00a0 <strong>Expediente: <\/strong>8799<\/li>\n<li><strong>Orden de Inscripci\u00f3n: <\/strong>0707\u00a0 \u00a0\u00a0 <strong>Nombre: <\/strong>Prieu Mantaras, Roberto Mat\u00edas\u00a0 \u00a0\u00a0\u00a0 <strong>Expediente: <\/strong>9634<\/li>\n<li><strong>Orden de Inscripci\u00f3n: <\/strong>1021\u00a0 \u00a0\u00a0 <strong>Nombre: <\/strong>Quintana, Laura Josefina\u00a0 \u00a0\u00a0<strong>\u00a0 Expediente: <\/strong>9610<\/li>\n<li><strong>Orden de Inscripci\u00f3n: <\/strong>1032\u00a0 \u00a0<strong>\u00a0 Nombre: <\/strong>Otazo, Diana Elizabet\u00a0 \u00a0 \u00a0<strong> Expediente: <\/strong>9430<\/li>\n<li><strong>Orden de Inscripci\u00f3n: <\/strong>1130\u00a0 \u00a0\u00a0<strong> Nombre: <\/strong>Rubies, Sof\u00eda \u00a0 \u00a0\u00a0<strong> Expediente: <\/strong>9833<\/li>\n<li><strong>Orden de Inscripci\u00f3n: <\/strong>1102\u00a0 \u00a0\u00a0<strong> Nombre: <\/strong>Dominguez, Hern\u00e1n Alejandro \u00a0 \u00a0\u00a0<strong> Expediente: <\/strong>9807<\/li>\n<\/ol>\n<\/li>\n<\/ol>\n<\/div><\/div>\n<div class=\"accordion-item\"><a href=\"#\" class=\"accordion-title plain\"><button class=\"toggle\"><i class=\"icon-angle-down\"><\/i><\/button><span><strong>D\u00e9cimo sorteo<\/strong> (Septiembre 2021)<\/span><\/a><div class=\"accordion-inner\">\n<ul>\n<li>Ganadores del D\u00e9cimo sorteo<\/li>\n<\/ul>\n<ol>\n<li style=\"list-style-type: none;\">\n<ol>\n<li><strong>Orden de Inscripci\u00f3n:\u00a0 <\/strong>574 \u00a0\u00a0<strong> Nombre:\u00a0 <\/strong>Alloatti, Flavia Natalia \u00a0\u00a0 <strong>Expediente: <\/strong>8255<\/li>\n<li><strong>Orden de Inscripci\u00f3n:\u00a0 <\/strong>812 \u00a0\u00a0 <strong>Nombre:\u00a0 <\/strong>Cartta, Karina Mariel \u00a0\u00a0\u00a0 <strong>Expediente: <\/strong>5672<\/li>\n<li><strong>Orden de Inscripci\u00f3n:\u00a0 <\/strong>811 \u00a0\u00a0 <strong>Nombre:\u00a0<\/strong> Pereyra, Mar\u00eda Emilia\u00a0<strong> \u00a0 Expediente: <\/strong>9646<\/li>\n<li><strong>Orden de Inscripci\u00f3n:\u00a0 <\/strong>355 \u00a0<strong>\u00a0 Nombre:\u00a0 <\/strong>Prialis, Agustina\u00a0 \u00a0 \u00a0<strong> Expediente: <\/strong>9266<\/li>\n<li><strong>Orden de Inscripci\u00f3n:\u00a0 <\/strong>730 \u00a0\u00a0<strong> Nombre:\u00a0 <\/strong>Zein, Ludmila Ivana \u00a0<strong> Expediente: <\/strong>9048<\/li>\n<\/ol>\n<\/li>\n<li style=\"list-style-type: none;\"><\/li>\n<\/ol>\n<\/div><\/div>\n<div class=\"accordion-item\"><a href=\"#\" class=\"accordion-title plain\"><button class=\"toggle\"><i class=\"icon-angle-down\"><\/i><\/button><span><strong>D\u00e9cimo Primer sorteo<\/strong> (Octubre 2021)<\/span><\/a><div class=\"accordion-inner\">\n<ul>\n<li>Ganadores del D\u00e9cimo Primer sorteo<\/li>\n<\/ul>\n<ol>\n<li style=\"list-style-type: none;\">\n<ol>\n<li><strong>Orden de Inscripci\u00f3n: <\/strong>253\u00a0 \u00a0\u00a0<strong> Nombre:\u00a0 <\/strong>Jauchen, Cintia \u00a0\u00a0\u00a0\u00a0\u00a0\u00a0\u00a0 <strong>Expediente: <\/strong>5101<\/li>\n<li><strong>Orden de Inscripci\u00f3n: <\/strong>831\u00a0 \u00a0\u00a0 <strong>Nombre:\u00a0 <\/strong>Echaniz, Torcuato Edgardo Miguel \u00a0\u00a0\u00a0 <strong>Expediente: <\/strong>9780<\/li>\n<li><strong>Orden de Inscripci\u00f3n: <\/strong>686\u00a0 \u00a0\u00a0 <strong>Nombre: <\/strong>Gonz\u00e1lez, Graciela\u00a0 \u00a0\u00a0<strong>\u00a0 Expediente: <\/strong>4311<\/li>\n<li><strong>Orden de Inscripci\u00f3n: <\/strong>539\u00a0 \u00a0<strong>\u00a0 Nombre: <\/strong>Rojki de P\u00edccoli,Graciela Noem\u00ed\u00a0 \u00a0 \u00a0<strong> Expediente: <\/strong>4672<\/li>\n<li><strong>Orden de Inscripci\u00f3n: <\/strong>468\u00a0 \u00a0\u00a0<strong> Nombre:\u00a0 <\/strong>Coria, Noeli Mariel G.\u00a0\u00a0<strong> Expediente: <\/strong>8368<\/li>\n<\/ol>\n<\/li>\n<\/ol>\n<ol>\n<li style=\"list-style-type: none;\"><\/li>\n<\/ol>\n<\/div><\/div>\n<\/div>\n<\/div><\/div><\/div>\n\t\t<\/div>\n\n\t\t\n<style>\n#section_161205800 {\n  padding-top: 30px;\n  padding-bottom: 30px;\n}\n<\/style>\n\t<\/section>\n\t\n","protected":false},"excerpt":{"rendered":"<p>El Colegio sortear\u00e1\u00a0 tokens para obtener firma digital, finalizando en octubre 2021.-Los mismos se llevar\u00e1n a cabo los segundos viernes de mes, a trav\u00e9s del Instagram Live del CASF.El jueves anterior al d\u00eda del sorteo, se realizar\u00e1 el corte a las 12 hs. para confeccionar la lista de interesados a participar del sorteo el d\u00eda [&#8230;]\n","protected":false},"author":2,"featured_media":0,"parent":0,"menu_order":0,"comment_status":"closed","ping_status":"closed","template":"","meta":[],"_links":{"self":[{"href":"https:\/\/www.casf.org.ar\/colegio\/wp-json\/wp\/v2\/pages\/12650"}],"collection":[{"href":"https:\/\/www.casf.org.ar\/colegio\/wp-json\/wp\/v2\/pages"}],"about":[{"href":"https:\/\/www.casf.org.ar\/colegio\/wp-json\/wp\/v2\/types\/page"}],"author":[{"embeddable":true,"href":"https:\/\/www.casf.org.ar\/colegio\/wp-json\/wp\/v2\/users\/2"}],"replies":[{"embeddable":true,"href":"https:\/\/www.casf.org.ar\/colegio\/wp-json\/wp\/v2\/comments?post=12650"}],"version-history":[{"count":18,"href":"https:\/\/www.casf.org.ar\/colegio\/wp-json\/wp\/v2\/pages\/12650\/revisions"}],"predecessor-version":[{"id":13251,"href":"https:\/\/www.casf.org.ar\/colegio\/wp-json\/wp\/v2\/pages\/12650\/revisions\/13251"}],"wp:attachment":[{"href":"https:\/\/www.casf.org.ar\/colegio\/wp-json\/wp\/v2\/media?parent=12650"}],"curies":[{"name":"wp","href":"https:\/\/api.w.org\/{rel}","templated":true}]}}