{"id":12608,"date":"2021-09-07T10:15:02","date_gmt":"2021-09-07T13:15:02","guid":{"rendered":"https:\/\/www.casf.org.ar\/colegio\/?page_id=12608"},"modified":"2021-09-13T09:41:41","modified_gmt":"2021-09-13T12:41:41","slug":"reserva-de-sala-videoconferencia","status":"publish","type":"page","link":"https:\/\/www.casf.org.ar\/colegio\/reserva-de-sala-videoconferencia\/","title":{"rendered":"Reserva de Sala Videoconferencia"},"content":{"rendered":"<p><u>Solicitud y Procedimiento de Reserva <\/u><\/p>\n<ol>\n<li>Completar el Formulario de reserva de Sala<br \/>\n<div class=\"accordion\" rel=\"\"><div class=\"accordion-item\"><a href=\"#\" class=\"accordion-title plain\"><button class=\"toggle\"><i class=\"icon-angle-down\"><\/i><\/button><span>Formulario reserva de Sala<\/span><\/a><div class=\"accordion-inner\">\n\n<div class=\"wpcf7 no-js\" id=\"wpcf7-f12611-o1\" lang=\"es-ES\" dir=\"ltr\">\n<div class=\"screen-reader-response\"><p role=\"status\" aria-live=\"polite\" aria-atomic=\"true\"><\/p> <ul><\/ul><\/div>\n<form action=\"\/colegio\/wp-json\/wp\/v2\/pages\/12608#wpcf7-f12611-o1\" method=\"post\" class=\"wpcf7-form init\" aria-label=\"Formulario de contacto\" novalidate=\"novalidate\" data-status=\"init\">\n<div style=\"display: none;\">\n<input type=\"hidden\" name=\"_wpcf7\" value=\"12611\" \/>\n<input type=\"hidden\" name=\"_wpcf7_version\" value=\"5.7.7\" \/>\n<input type=\"hidden\" name=\"_wpcf7_locale\" value=\"es_ES\" \/>\n<input type=\"hidden\" name=\"_wpcf7_unit_tag\" value=\"wpcf7-f12611-o1\" \/>\n<input type=\"hidden\" name=\"_wpcf7_container_post\" value=\"0\" \/>\n<input type=\"hidden\" name=\"_wpcf7_posted_data_hash\" value=\"\" \/>\n<input type=\"hidden\" name=\"_wpcf7_recaptcha_response\" value=\"\" \/>\n<\/div>\n<style type=\"text\/css\">\nspan.wpcf7-list-item { display: block; }\n<\/style>\n<p>Nombre (requerido)\n<\/p>\n<p><span class=\"wpcf7-form-control-wrap\" data-name=\"nombre\"><input size=\"40\" class=\"wpcf7-form-control wpcf7-text wpcf7-validates-as-required\" aria-required=\"true\" aria-invalid=\"false\" value=\"\" type=\"text\" name=\"nombre\" \/><\/span>\n<\/p>\n<p>Apellido (requerido)\n<\/p>\n<p><span class=\"wpcf7-form-control-wrap\" data-name=\"apellido\"><input size=\"40\" class=\"wpcf7-form-control wpcf7-text wpcf7-validates-as-required\" aria-required=\"true\" aria-invalid=\"false\" value=\"\" type=\"text\" name=\"apellido\" \/><\/span>\n<\/p>\n<p>Matr\u00edcula (requerido)\n<\/p>\n<p><span class=\"wpcf7-form-control-wrap\" data-name=\"matricula\"><input class=\"wpcf7-form-control wpcf7-number wpcf7-validates-as-required wpcf7-validates-as-number\" min=\"0\" max=\"9999999\" aria-required=\"true\" aria-invalid=\"false\" value=\"\" type=\"number\" name=\"matricula\" \/><\/span>\n<\/p>\n<p>Celular de contacto (requerido)\n<\/p>\n<p><span class=\"wpcf7-form-control-wrap\" data-name=\"telefono\"><input size=\"40\" class=\"wpcf7-form-control wpcf7-text wpcf7-tel wpcf7-validates-as-required wpcf7-validates-as-tel\" aria-required=\"true\" aria-invalid=\"false\" value=\"\" type=\"tel\" name=\"telefono\" \/><\/span>\n<\/p>\n<p>Correo electr\u00f3nico (requerido)\n<\/p>\n<p><span class=\"wpcf7-form-control-wrap\" data-name=\"su-email\"><input size=\"40\" class=\"wpcf7-form-control wpcf7-text wpcf7-email wpcf7-validates-as-required wpcf7-validates-as-email\" aria-required=\"true\" aria-invalid=\"false\" value=\"\" type=\"email\" name=\"su-email\" \/><\/span>\n<\/p>\n<p>D\u00eda del uso de la Sala (requerido)\n<\/p>\n<p><span class=\"wpcf7-form-control-wrap\" data-name=\"fecha\"><input class=\"wpcf7-form-control wpcf7-date wpcf7-validates-as-required wpcf7-validates-as-date\" aria-required=\"true\" aria-invalid=\"false\" value=\"\" type=\"date\" name=\"fecha\" \/><\/span>\n<\/p>\n<p>Hora de uso de la Sala (requerido)\n<\/p>\n<p><span class=\"wpcf7-form-control-wrap\" data-name=\"hora_uso\"><select class=\"wpcf7-form-control wpcf7-select wpcf7-validates-as-required\" aria-required=\"true\" aria-invalid=\"false\" name=\"hora_uso\"><option value=\"\">&#8212;Por favor, elige una opci\u00f3n&#8212;<\/option><option value=\"08 a 10 hs\">08 a 10 hs<\/option><option value=\"10:30 a 12:30 hs\">10:30 a 12:30 hs<\/option><option value=\"16:00 a 17:30 hs\">16:00 a 17:30 hs<\/option><option value=\"18:00 a 19:30 hs\">18:00 a 19:30 hs<\/option><\/select><\/span>\n<\/p>\n<p>Destino del uso de la Sala (requerido)\n<\/p>\n<p><span class=\"wpcf7-form-control-wrap\" data-name=\"destino_uso\"><textarea cols=\"40\" rows=\"10\" class=\"wpcf7-form-control wpcf7-textarea wpcf7-validates-as-required\" aria-required=\"true\" aria-invalid=\"false\" name=\"destino_uso\"><\/textarea><\/span>\n<\/p>\n<p>Cantidad de personas que participar\u00e1n (requerido)\n<\/p>\n<p><span class=\"wpcf7-form-control-wrap\" data-name=\"cantidad_personas\"><select class=\"wpcf7-form-control wpcf7-select wpcf7-validates-as-required\" aria-required=\"true\" aria-invalid=\"false\" name=\"cantidad_personas\"><option value=\"1\">1<\/option><option value=\"2\">2<\/option><option value=\"3\">3<\/option><option value=\"4\">4<\/option><option value=\"5\">5<\/option><option value=\"6\">6<\/option><option value=\"7\">7<\/option><option value=\"8\">8<\/option><option value=\"9\">9<\/option><option value=\"10\">10<\/option><\/select><\/span>\n<\/p>\n<p>Observaciones\n<\/p>\n<p><span class=\"wpcf7-form-control-wrap\" data-name=\"Observaciones\"><textarea cols=\"40\" rows=\"10\" class=\"wpcf7-form-control wpcf7-textarea\" aria-invalid=\"false\" name=\"Observaciones\"><\/textarea><\/span>\n<\/p>\n<p><span class=\"wpcf7-form-control-wrap\" data-name=\"your-consent\"><span class=\"wpcf7-form-control wpcf7-acceptance\"><span class=\"wpcf7-list-item\"><label><input type=\"checkbox\" name=\"your-consent\" value=\"1\" aria-invalid=\"false\" \/><span class=\"wpcf7-list-item-label\">Acepto las normas de uso.<\/span><\/label><\/span><\/span><\/span>\n<\/p>\n<p><input class=\"wpcf7-form-control has-spinner wpcf7-submit\" type=\"submit\" value=\"Enviar\" \/>\n<\/p><div class=\"wpcf7-response-output\" aria-hidden=\"true\"><\/div>\n<\/form>\n<\/div>\n\n<\/div><\/div>\n<\/div><\/li>\n<li>Aguardar la confirmaci\u00f3n de la reserva que ser\u00e1 enviada por correo electr\u00f3nico.<\/li>\n<\/ol>\n<p>&nbsp;<\/p>\n\t<section class=\"section\" id=\"section_795495202\">\n\t\t<div class=\"bg section-bg fill bg-fill  bg-loaded\" >\n\n\t\t\t\n\t\t\t\n\t\t\t\n\n\t\t<\/div>\n\n\t\t<div class=\"section-content relative\">\n\t\t\t\n<div class=\"row align-center\"  id=\"row-649319696\">\n\n\t<div id=\"col-1948083864\" class=\"col medium-11 small-12 large-11\"  >\n\t\t\t\t<div class=\"col-inner\"  >\n\t\t\t\n\t\t\t\n<div class=\"container section-title-container\" ><h3 class=\"section-title section-title-center\"><b><\/b><span class=\"section-title-main\" >NORMAS DE USO<\/span><b><\/b><\/h3><\/div>\n<p><strong><u>Normas de uso<\/u><\/strong><\/p>\n<p style=\"text-align: justify;\" align=\"center\">1.- Solo se habilita el uso de las Sala de Videoconferencia a profesionales de la abogac\u00eda que est\u00e9n al d\u00eda con el pago de la matr\u00edcula y el destino del uso, ser\u00e1 para el ejercicio profesional e institucional del CASF.<\/p>\n<p style=\"text-align: justify;\" align=\"center\">2.- La reserva deber\u00e1 solicitarse -como m\u00ednimo- con 3 d\u00edas h\u00e1biles de antelaci\u00f3n. Los horarios para el uso de la Sala de Videoconferencia, ser\u00e1n de lunes a viernes de 8 hs a 13 hs y 16 hs a 20 hs. Podr\u00e1n participar presencialmente hasta 10 personas como m\u00e1ximo (sujeto a las disposiciones sanitarias y\/u otras establecidas en reglamentaciones locales).<\/p>\n<p style=\"text-align: justify;\" align=\"center\">3.- La reserva comprende el uso continuo como m\u00e1ximo de 2 horas. Excepcionalmente, se podr\u00e1 admitir una extensi\u00f3n de acuerdo a la particularidad de la solicitud.<\/p>\n<p style=\"text-align: justify;\" align=\"center\">4.- Con motivo del COVID-19, se deber\u00e1 mantener ventilado los ambientes y respetarse las medidas de distanciamiento.<\/p>\n<p style=\"text-align: justify;\" align=\"center\">5.- Se deber\u00e1 mantener las mismas condiciones de limpieza que antes de utilizar la Sala y al finalizar el uso, se deber\u00e1n apagar los equipos inform\u00e1ticos y las luces.<\/p>\n<p style=\"text-align: justify;\" align=\"center\">6.- Se deber\u00e1 mantener la debida diligencia y cuidado en los equipos inform\u00e1ticos, controles, c\u00e1maras y aparatos de proyecci\u00f3n.<\/p>\n<p style=\"text-align: justify;\" align=\"center\">7.- Al ingresar y al finalizar, se deber\u00e1 dar aviso al \u00e1rea de Biblioteca.<\/p>\n\t\t<\/div>\n\t\t\t\t\t<\/div>\n\n\t\n<\/div>\n\t\t<\/div>\n\n\t\t\n<style>\n#section_795495202 {\n  padding-top: 30px;\n  padding-bottom: 30px;\n}\n<\/style>\n\t<\/section>\n\t\n","protected":false},"excerpt":{"rendered":"<p>Solicitud y Procedimiento de Reserva Completar el Formulario de reserva de Sala Aguardar la confirmaci\u00f3n de la reserva que ser\u00e1 enviada por correo electr\u00f3nico. &nbsp;<\/p>\n","protected":false},"author":11,"featured_media":0,"parent":0,"menu_order":0,"comment_status":"closed","ping_status":"closed","template":"","meta":[],"_links":{"self":[{"href":"https:\/\/www.casf.org.ar\/colegio\/wp-json\/wp\/v2\/pages\/12608"}],"collection":[{"href":"https:\/\/www.casf.org.ar\/colegio\/wp-json\/wp\/v2\/pages"}],"about":[{"href":"https:\/\/www.casf.org.ar\/colegio\/wp-json\/wp\/v2\/types\/page"}],"author":[{"embeddable":true,"href":"https:\/\/www.casf.org.ar\/colegio\/wp-json\/wp\/v2\/users\/11"}],"replies":[{"embeddable":true,"href":"https:\/\/www.casf.org.ar\/colegio\/wp-json\/wp\/v2\/comments?post=12608"}],"version-history":[{"count":12,"href":"https:\/\/www.casf.org.ar\/colegio\/wp-json\/wp\/v2\/pages\/12608\/revisions"}],"predecessor-version":[{"id":12723,"href":"https:\/\/www.casf.org.ar\/colegio\/wp-json\/wp\/v2\/pages\/12608\/revisions\/12723"}],"wp:attachment":[{"href":"https:\/\/www.casf.org.ar\/colegio\/wp-json\/wp\/v2\/media?parent=12608"}],"curies":[{"name":"wp","href":"https:\/\/api.w.org\/{rel}","templated":true}]}}