{"id":1096,"date":"2020-12-30T11:56:06","date_gmt":"2020-12-30T11:56:06","guid":{"rendered":"http:\/\/c1990348.ferozo.com\/?page_id=1096"},"modified":"2020-12-30T11:59:41","modified_gmt":"2020-12-30T11:59:41","slug":"instituto-de-medios-de-resolucion-de-conflictos","status":"publish","type":"page","link":"https:\/\/www.casf.org.ar\/colegio\/instituto-de-medios-de-resolucion-de-conflictos\/","title":{"rendered":"Instituto de Medios de Resoluci\u00f3n de Conflictos"},"content":{"rendered":"\t<section class=\"section\" id=\"section_1460233207\">\n\t\t<div class=\"bg section-bg fill bg-fill  bg-loaded\" >\n\n\t\t\t\n\t\t\t\n\t\t\t\n\n\t\t<\/div>\n\n\t\t<div class=\"section-content relative\">\n\t\t\t\n<div class=\"container section-title-container\" ><h3 class=\"section-title section-title-center\"><b><\/b><span class=\"section-title-main\" >INSTITUTO DE MEDIOS DE RESOLUCI\u00d3N DE CONFLICTOS<\/span><b><\/b><\/h3><\/div>\n<div class=\"accordion\" rel=\"1\">\n<div class=\"accordion-item\"><a href=\"#\" class=\"accordion-title plain\"><button class=\"toggle\"><i class=\"icon-angle-down\"><\/i><\/button><span>Actividades del Instituto | Material de apoyo a charlas \/ jornadas<\/span><\/a><div class=\"accordion-inner\">\n\n\t\t<div class=\"tabbed-content\">\n\t\t\t\n\t\t\t<ul class=\"nav nav-tabs nav-uppercase nav-size-large nav-left\"><li class=\"tab active has-icon\"><a href=\"#tab_a\u00f1o-2017\"><span>A\u00f1o 2017<\/span><\/a><\/li><\/ul><div class=\"tab-panels\"><div class=\"panel active entry-content\" id=\"tab_a\u00f1o-2017\">\n<p>Jornada:\u00a0<strong>2\u00ba Encuentro Provincial de Mediaci\u00f3n, Negociaci\u00f3n Estrat\u00e9gica: la tensi\u00f3n entre la Negociaci\u00f3n y el Litigio<\/strong><br \/>Fecha:\u00a0<strong>10\/08\/2017<\/strong><br \/>Expositores:\u00a0<strong>Lic. Leonel Groisman y Dr. Claudio Berm\u00fadez<\/strong><\/p>\n<\/div><\/div><\/div>\n<\/div><\/div>\n<\/div>\n\t\t<\/div>\n\n\t\t\n<style>\n#section_1460233207 {\n  padding-top: 30px;\n  padding-bottom: 30px;\n}\n<\/style>\n\t<\/section>\n\t\n","protected":false},"excerpt":{"rendered":"","protected":false},"author":2,"featured_media":0,"parent":0,"menu_order":0,"comment_status":"closed","ping_status":"closed","template":"","meta":[],"_links":{"self":[{"href":"https:\/\/www.casf.org.ar\/colegio\/wp-json\/wp\/v2\/pages\/1096"}],"collection":[{"href":"https:\/\/www.casf.org.ar\/colegio\/wp-json\/wp\/v2\/pages"}],"about":[{"href":"https:\/\/www.casf.org.ar\/colegio\/wp-json\/wp\/v2\/types\/page"}],"author":[{"embeddable":true,"href":"https:\/\/www.casf.org.ar\/colegio\/wp-json\/wp\/v2\/users\/2"}],"replies":[{"embeddable":true,"href":"https:\/\/www.casf.org.ar\/colegio\/wp-json\/wp\/v2\/comments?post=1096"}],"version-history":[{"count":3,"href":"https:\/\/www.casf.org.ar\/colegio\/wp-json\/wp\/v2\/pages\/1096\/revisions"}],"predecessor-version":[{"id":1100,"href":"https:\/\/www.casf.org.ar\/colegio\/wp-json\/wp\/v2\/pages\/1096\/revisions\/1100"}],"wp:attachment":[{"href":"https:\/\/www.casf.org.ar\/colegio\/wp-json\/wp\/v2\/media?parent=1096"}],"curies":[{"name":"wp","href":"https:\/\/api.w.org\/{rel}","templated":true}]}}